{"id":185,"date":"2021-11-12T01:49:53","date_gmt":"2021-11-12T01:49:53","guid":{"rendered":"https:\/\/www.brasirio.com.br\/?page_id=185"},"modified":"2023-02-26T19:17:19","modified_gmt":"2023-02-26T22:17:19","slug":"quem-somos","status":"publish","type":"page","link":"https:\/\/brasirio.com.br\/index.php\/quem-somos\/","title":{"rendered":"Quem Somos?"},"content":{"rendered":"\t\t<div data-elementor-type=\"wp-page\" data-elementor-id=\"185\" class=\"elementor elementor-185\">\n\t\t\t\t\t\t<section class=\"elementor-section elementor-top-section elementor-element elementor-element-217b004 elementor-section-boxed elementor-section-height-default elementor-section-height-default\" data-id=\"217b004\" data-element_type=\"section\">\n\t\t\t\t\t\t<div class=\"elementor-container elementor-column-gap-default\">\n\t\t\t\t\t<div class=\"elementor-column elementor-col-100 elementor-top-column elementor-element elementor-element-dc8a0a6\" data-id=\"dc8a0a6\" data-element_type=\"column\">\n\t\t\t<div class=\"elementor-widget-wrap elementor-element-populated\">\n\t\t\t\t\t\t<section class=\"elementor-section elementor-inner-section elementor-element elementor-element-60f9fdc elementor-section-boxed elementor-section-height-default elementor-section-height-default\" data-id=\"60f9fdc\" data-element_type=\"section\">\n\t\t\t\t\t\t<div class=\"elementor-container elementor-column-gap-default\">\n\t\t\t\t\t<div class=\"elementor-column elementor-col-33 elementor-inner-column elementor-element elementor-element-29c328f\" data-id=\"29c328f\" data-element_type=\"column\">\n\t\t\t<div class=\"elementor-widget-wrap elementor-element-populated\">\n\t\t\t\t\t\t<div class=\"elementor-element elementor-element-abaaa67 elementor-widget elementor-widget-heading\" data-id=\"abaaa67\" data-element_type=\"widget\" data-widget_type=\"heading.default\">\n\t\t\t\t<div class=\"elementor-widget-container\">\n\t\t\t<style>\/*! elementor - v3.23.0 - 05-08-2024 *\/\n.elementor-heading-title{padding:0;margin:0;line-height:1}.elementor-widget-heading .elementor-heading-title[class*=elementor-size-]>a{color:inherit;font-size:inherit;line-height:inherit}.elementor-widget-heading .elementor-heading-title.elementor-size-small{font-size:15px}.elementor-widget-heading .elementor-heading-title.elementor-size-medium{font-size:19px}.elementor-widget-heading .elementor-heading-title.elementor-size-large{font-size:29px}.elementor-widget-heading .elementor-heading-title.elementor-size-xl{font-size:39px}.elementor-widget-heading .elementor-heading-title.elementor-size-xxl{font-size:59px}<\/style><h2 class=\"elementor-heading-title elementor-size-default\">BrasiRio<\/h2>\t\t<\/div>\n\t\t\t\t<\/div>\n\t\t\t\t<div class=\"elementor-element elementor-element-9af86f4 elementor-widget elementor-widget-text-editor\" data-id=\"9af86f4\" data-element_type=\"widget\" data-widget_type=\"text-editor.default\">\n\t\t\t\t<div class=\"elementor-widget-container\">\n\t\t\t<style>\/*! elementor - v3.23.0 - 05-08-2024 *\/\n.elementor-widget-text-editor.elementor-drop-cap-view-stacked .elementor-drop-cap{background-color:#69727d;color:#fff}.elementor-widget-text-editor.elementor-drop-cap-view-framed .elementor-drop-cap{color:#69727d;border:3px solid;background-color:transparent}.elementor-widget-text-editor:not(.elementor-drop-cap-view-default) .elementor-drop-cap{margin-top:8px}.elementor-widget-text-editor:not(.elementor-drop-cap-view-default) .elementor-drop-cap-letter{width:1em;height:1em}.elementor-widget-text-editor .elementor-drop-cap{float:left;text-align:center;line-height:1;font-size:50px}.elementor-widget-text-editor .elementor-drop-cap-letter{display:inline-block}<\/style>\t\t\t\t<p>A BrasiRio iniciou suas atividades em 1999 atendendo a uma demanda de mercado, onde a busca por equipamentos m\u00e9dicos de alta qualidade era algo muito complexo. Ao longo destes mais de 20 anos aumentamos o nosso portf\u00f3lio de produtos, buscando sempre ampliar os la\u00e7os de comprometimento e confian\u00e7a com nossos parceiros ao longo desta jornada.<br \/><br \/>Hoje, a Brasirio trabalha em pareceria com os mais importantes fabricantes nacionais e internacionais nas \u00e1reas de imagem, anestesia, carrinhos, mobili\u00e1rio hospitalar, carrinhos de suporte.<br \/>Atuamos tamb\u00e9m com consultoria para implementa\u00e7\u00e3o de solu\u00e7\u00f5es inteligentes, suporte e assist\u00eancia t\u00e9cnica especializada aos produtos oferecidos pela BrasiRio.<\/p>\t\t\t\t\t\t<\/div>\n\t\t\t\t<\/div>\n\t\t\t\t\t<\/div>\n\t\t<\/div>\n\t\t\t\t<div class=\"elementor-column elementor-col-33 elementor-inner-column elementor-element elementor-element-1d04536\" data-id=\"1d04536\" data-element_type=\"column\">\n\t\t\t<div class=\"elementor-widget-wrap\">\n\t\t\t\t\t\t\t<\/div>\n\t\t<\/div>\n\t\t\t\t<div class=\"elementor-column elementor-col-33 elementor-inner-column elementor-element elementor-element-0235877\" data-id=\"0235877\" data-element_type=\"column\">\n\t\t\t<div class=\"elementor-widget-wrap elementor-element-populated\">\n\t\t\t\t\t\t<div class=\"elementor-element elementor-element-d6c528a elementor-widget elementor-widget-image\" data-id=\"d6c528a\" data-element_type=\"widget\" data-widget_type=\"image.default\">\n\t\t\t\t<div class=\"elementor-widget-container\">\n\t\t\t<style>\/*! elementor - v3.23.0 - 05-08-2024 *\/\n.elementor-widget-image{text-align:center}.elementor-widget-image a{display:inline-block}.elementor-widget-image a img[src$=\".svg\"]{width:48px}.elementor-widget-image img{vertical-align:middle;display:inline-block}<\/style>\t\t\t\t\t\t\t\t\t\t<img fetchpriority=\"high\" decoding=\"async\" width=\"720\" height=\"720\" src=\"https:\/\/brasirio.com.br\/wp-content\/uploads\/2023\/02\/s8.jpg\" class=\"attachment-large size-large wp-image-1881\" alt=\"\" srcset=\"https:\/\/brasirio.com.br\/wp-content\/uploads\/2023\/02\/s8.jpg 720w, https:\/\/brasirio.com.br\/wp-content\/uploads\/2023\/02\/s8-100x100.jpg 100w, https:\/\/brasirio.com.br\/wp-content\/uploads\/2023\/02\/s8-416x416.jpg 416w, https:\/\/brasirio.com.br\/wp-content\/uploads\/2023\/02\/s8-300x300.jpg 300w, https:\/\/brasirio.com.br\/wp-content\/uploads\/2023\/02\/s8-150x150.jpg 150w\" sizes=\"(max-width: 720px) 100vw, 720px\" \/>\t\t\t\t\t\t\t\t\t\t\t\t\t<\/div>\n\t\t\t\t<\/div>\n\t\t\t\t\t<\/div>\n\t\t<\/div>\n\t\t\t\t\t<\/div>\n\t\t<\/section>\n\t\t\t\t\t<\/div>\n\t\t<\/div>\n\t\t\t\t\t<\/div>\n\t\t<\/section>\n\t\t\t\t<\/div>\n\t\t","protected":false},"excerpt":{"rendered":"<p>BrasiRio A BrasiRio iniciou suas atividades em 1999 atendendo a uma demanda de mercado, onde a busca por equipamentos m\u00e9dicos de alta qualidade era algo muito complexo. Ao longo destes mais de 20 anos aumentamos o nosso portf\u00f3lio de produtos, buscando sempre ampliar os la\u00e7os de comprometimento e confian\u00e7a com nossos parceiros ao longo desta &hellip;<\/p>\n<p class=\"read-more\"> <a class=\"\" href=\"https:\/\/brasirio.com.br\/index.php\/quem-somos\/\"> <span class=\"screen-reader-text\">Quem Somos?<\/span> Leia mais &raquo;<\/a><\/p>\n","protected":false},"author":1,"featured_media":0,"parent":0,"menu_order":0,"comment_status":"closed","ping_status":"closed","template":"elementor_header_footer","meta":{"site-sidebar-layout":"no-sidebar","site-content-layout":"page-builder","ast-global-header-display":"","ast-main-header-display":"","ast-hfb-above-header-display":"","ast-hfb-below-header-display":"","ast-hfb-mobile-header-display":"","site-post-title":"disabled","ast-breadcrumbs-content":"","ast-featured-img":"disabled","footer-sml-layout":"","theme-transparent-header-meta":"default","adv-header-id-meta":"","stick-header-meta":"","header-above-stick-meta":"","header-main-stick-meta":"","header-below-stick-meta":""},"_links":{"self":[{"href":"https:\/\/brasirio.com.br\/index.php\/wp-json\/wp\/v2\/pages\/185"}],"collection":[{"href":"https:\/\/brasirio.com.br\/index.php\/wp-json\/wp\/v2\/pages"}],"about":[{"href":"https:\/\/brasirio.com.br\/index.php\/wp-json\/wp\/v2\/types\/page"}],"author":[{"embeddable":true,"href":"https:\/\/brasirio.com.br\/index.php\/wp-json\/wp\/v2\/users\/1"}],"replies":[{"embeddable":true,"href":"https:\/\/brasirio.com.br\/index.php\/wp-json\/wp\/v2\/comments?post=185"}],"version-history":[{"count":16,"href":"https:\/\/brasirio.com.br\/index.php\/wp-json\/wp\/v2\/pages\/185\/revisions"}],"predecessor-version":[{"id":2034,"href":"https:\/\/brasirio.com.br\/index.php\/wp-json\/wp\/v2\/pages\/185\/revisions\/2034"}],"wp:attachment":[{"href":"https:\/\/brasirio.com.br\/index.php\/wp-json\/wp\/v2\/media?parent=185"}],"curies":[{"name":"wp","href":"https:\/\/api.w.org\/{rel}","templated":true}]}}