{"id":2106,"date":"2023-02-27T14:24:56","date_gmt":"2023-02-27T17:24:56","guid":{"rendered":"https:\/\/brasirio.com.br\/?page_id=2106"},"modified":"2023-02-27T18:19:03","modified_gmt":"2023-02-27T21:19:03","slug":"desinfeccao-hospitalar","status":"publish","type":"page","link":"https:\/\/brasirio.com.br\/index.php\/desinfeccao-hospitalar\/","title":{"rendered":"Desinfec\u00e7\u00e3o Hospitalar"},"content":{"rendered":"\t\t<div data-elementor-type=\"wp-page\" data-elementor-id=\"2106\" class=\"elementor elementor-2106\">\n\t\t\t\t\t\t<section class=\"elementor-section elementor-top-section elementor-element elementor-element-d5b97cf elementor-section-boxed elementor-section-height-default elementor-section-height-default\" data-id=\"d5b97cf\" data-element_type=\"section\">\n\t\t\t\t\t\t<div class=\"elementor-container elementor-column-gap-default\">\n\t\t\t\t\t<div class=\"elementor-column elementor-col-100 elementor-top-column elementor-element elementor-element-d7028b4\" data-id=\"d7028b4\" data-element_type=\"column\">\n\t\t\t<div class=\"elementor-widget-wrap elementor-element-populated\">\n\t\t\t\t\t\t<section class=\"elementor-section elementor-inner-section elementor-element elementor-element-1745492 elementor-section-boxed elementor-section-height-default elementor-section-height-default\" data-id=\"1745492\" data-element_type=\"section\">\n\t\t\t\t\t\t<div class=\"elementor-container elementor-column-gap-default\">\n\t\t\t\t\t<div class=\"elementor-column elementor-col-50 elementor-inner-column elementor-element elementor-element-1190a03\" data-id=\"1190a03\" data-element_type=\"column\">\n\t\t\t<div class=\"elementor-widget-wrap elementor-element-populated\">\n\t\t\t\t\t\t<div class=\"elementor-element elementor-element-5255311 elementor-widget elementor-widget-image\" data-id=\"5255311\" data-element_type=\"widget\" data-widget_type=\"image.default\">\n\t\t\t\t<div class=\"elementor-widget-container\">\n\t\t\t<style>\/*! elementor - v3.23.0 - 05-08-2024 *\/\n.elementor-widget-image{text-align:center}.elementor-widget-image a{display:inline-block}.elementor-widget-image a img[src$=\".svg\"]{width:48px}.elementor-widget-image img{vertical-align:middle;display:inline-block}<\/style>\t\t\t\t\t\t\t\t\t\t<img fetchpriority=\"high\" decoding=\"async\" width=\"1024\" height=\"1024\" src=\"https:\/\/brasirio.com.br\/wp-content\/uploads\/2023\/02\/99-2-1024x1024.jpg\" class=\"attachment-large size-large wp-image-2119\" alt=\"\" srcset=\"https:\/\/brasirio.com.br\/wp-content\/uploads\/2023\/02\/99-2-1024x1024.jpg 1024w, https:\/\/brasirio.com.br\/wp-content\/uploads\/2023\/02\/99-2-300x300.jpg 300w, https:\/\/brasirio.com.br\/wp-content\/uploads\/2023\/02\/99-2-150x150.jpg 150w, https:\/\/brasirio.com.br\/wp-content\/uploads\/2023\/02\/99-2-768x768.jpg 768w, https:\/\/brasirio.com.br\/wp-content\/uploads\/2023\/02\/99-2-243x243.jpg 243w, https:\/\/brasirio.com.br\/wp-content\/uploads\/2023\/02\/99-2-416x416.jpg 416w, https:\/\/brasirio.com.br\/wp-content\/uploads\/2023\/02\/99-2-100x100.jpg 100w, https:\/\/brasirio.com.br\/wp-content\/uploads\/2023\/02\/99-2.jpg 1080w\" sizes=\"(max-width: 1024px) 100vw, 1024px\" \/>\t\t\t\t\t\t\t\t\t\t\t\t\t<\/div>\n\t\t\t\t<\/div>\n\t\t\t\t\t<\/div>\n\t\t<\/div>\n\t\t\t\t<div class=\"elementor-column elementor-col-50 elementor-inner-column elementor-element elementor-element-f5ffab8\" data-id=\"f5ffab8\" data-element_type=\"column\">\n\t\t\t<div class=\"elementor-widget-wrap elementor-element-populated\">\n\t\t\t\t\t\t<div class=\"elementor-element elementor-element-f529a8d elementor-widget elementor-widget-text-editor\" data-id=\"f529a8d\" data-element_type=\"widget\" data-widget_type=\"text-editor.default\">\n\t\t\t\t<div class=\"elementor-widget-container\">\n\t\t\t<style>\/*! elementor - v3.23.0 - 05-08-2024 *\/\n.elementor-widget-text-editor.elementor-drop-cap-view-stacked .elementor-drop-cap{background-color:#69727d;color:#fff}.elementor-widget-text-editor.elementor-drop-cap-view-framed .elementor-drop-cap{color:#69727d;border:3px solid;background-color:transparent}.elementor-widget-text-editor:not(.elementor-drop-cap-view-default) .elementor-drop-cap{margin-top:8px}.elementor-widget-text-editor:not(.elementor-drop-cap-view-default) .elementor-drop-cap-letter{width:1em;height:1em}.elementor-widget-text-editor .elementor-drop-cap{float:left;text-align:center;line-height:1;font-size:50px}.elementor-widget-text-editor .elementor-drop-cap-letter{display:inline-block}<\/style>\t\t\t\t<p>A BRASIRIO, empresa presente no mercado nacional h\u00e1 22 anos, possui como DESAFIO a busca constante de NOVAS TECNOLOGIAS para apresentar aos seus clientes.<\/p><h3>Vantagens que s\u00f3 o HyperDryMist\u00ae oferece:<\/h3><p>\u00a0<\/p>\t\t\t\t\t\t<\/div>\n\t\t\t\t<\/div>\n\t\t\t\t<div class=\"elementor-element elementor-element-749cae3 elementor-widget elementor-widget-text-editor\" data-id=\"749cae3\" data-element_type=\"widget\" data-widget_type=\"text-editor.default\">\n\t\t\t\t<div class=\"elementor-widget-container\">\n\t\t\t\t\t\t\t<p>CONHE\u00c7A A NOSSA TECNOLOGIA PARA DESINFEC\u00c7\u00c3O DE AMBIENTES. \u00c9 UM PROGRAMA COMPLETO DE DESINFEC\u00c7\u00c3O.<\/p><p>\u00c9 MAIS QUE UM ROB\u00d4!<\/p><p>Dissemina o saneante 99S de forma r\u00e1pida, seca,\u00a0segura e de modo uniforme, mesmo em locais de dif\u00edcil acesso<br \/>Armazena at\u00e9 1.000 registros de desinfec\u00e7\u00e3o<br \/>Emite relat\u00f3rios de rastreabilidade<br \/>Mede o espa\u00e7o e calcula automaticamente a\u00a0quantidade necess\u00e1ria de saneante<br \/>SOLICITE UM OR\u00c7AMENTO<\/p><p>Vantagens competitivas que s\u00f3 o HyperDryMist\u00ae<br \/>PREVEN\u00c7\u00c3O DE MICRO-ORGANISMOS:\u00a0<br \/>99,9999% eficaz na elimina\u00e7\u00e3o de pat\u00f3genos, como as superbact\u00e9rias e o novo coronav\u00edrus.<br \/><br \/>CICLO CURTO DE DESINFEC\u00c7\u00c3O:<br \/>No modo preventivo, pode entregar at\u00e9 8 quartos em apenas 2 horas.<\/p><p>REDU\u00c7\u00c3O DE CUSTOS:<br \/>Quanto mais otimizado for o giro de leitos, mais economia gera ao hospital.<\/p>\t\t\t\t\t\t<\/div>\n\t\t\t\t<\/div>\n\t\t\t\t\t<\/div>\n\t\t<\/div>\n\t\t\t\t\t<\/div>\n\t\t<\/section>\n\t\t\t\t<div class=\"elementor-element elementor-element-b1c2974 elementor-widget elementor-widget-text-editor\" data-id=\"b1c2974\" data-element_type=\"widget\" data-widget_type=\"text-editor.default\">\n\t\t\t\t<div class=\"elementor-widget-container\">\n\t\t\t\t\t\t\t<p>Micronebulizador port\u00e1til de alta\u00a0tecnologia, em a\u00e7o inoxid\u00e1vel.<br \/><br \/>Dissemina o saneante 99S de forma r\u00e1pida, seca, segura e de modo uniforme, mesmo em locais de dif\u00edcil acesso.<br \/><br \/>Armazena at\u00e9 1.000 registros de desinfec\u00e7\u00e3o<br \/>Emite relat\u00f3rios de rastreabilidade<br \/>Mede o espa\u00e7o e calcula automaticamente a<br \/>quantidade necess\u00e1ria de saneante<\/p>\t\t\t\t\t\t<\/div>\n\t\t\t\t<\/div>\n\t\t\t\t<div class=\"elementor-element elementor-element-0421893 elementor-widget elementor-widget-video\" data-id=\"0421893\" data-element_type=\"widget\" data-settings=\"{&quot;youtube_url&quot;:&quot;https:\\\/\\\/youtu.be\\\/7PEkO8gWyRs&quot;,&quot;video_type&quot;:&quot;youtube&quot;,&quot;controls&quot;:&quot;yes&quot;}\" data-widget_type=\"video.default\">\n\t\t\t\t<div class=\"elementor-widget-container\">\n\t\t\t<style>\/*! elementor - v3.23.0 - 05-08-2024 *\/\n.elementor-widget-video .elementor-widget-container{overflow:hidden;transform:translateZ(0)}.elementor-widget-video .elementor-wrapper{aspect-ratio:var(--video-aspect-ratio)}.elementor-widget-video .elementor-wrapper iframe,.elementor-widget-video .elementor-wrapper video{height:100%;width:100%;display:flex;border:none;background-color:#000}@supports not (aspect-ratio:1\/1){.elementor-widget-video .elementor-wrapper{position:relative;overflow:hidden;height:0;padding-bottom:calc(100% \/ var(--video-aspect-ratio))}.elementor-widget-video .elementor-wrapper iframe,.elementor-widget-video .elementor-wrapper video{position:absolute;top:0;right:0;bottom:0;left:0}}.elementor-widget-video .elementor-open-inline .elementor-custom-embed-image-overlay{position:absolute;top:0;right:0;bottom:0;left:0;background-size:cover;background-position:50%}.elementor-widget-video .elementor-custom-embed-image-overlay{cursor:pointer;text-align:center}.elementor-widget-video .elementor-custom-embed-image-overlay:hover .elementor-custom-embed-play i{opacity:1}.elementor-widget-video .elementor-custom-embed-image-overlay img{display:block;width:100%;aspect-ratio:var(--video-aspect-ratio);-o-object-fit:cover;object-fit:cover;-o-object-position:center center;object-position:center center}@supports not (aspect-ratio:1\/1){.elementor-widget-video .elementor-custom-embed-image-overlay{position:relative;overflow:hidden;height:0;padding-bottom:calc(100% \/ var(--video-aspect-ratio))}.elementor-widget-video .elementor-custom-embed-image-overlay img{position:absolute;top:0;right:0;bottom:0;left:0}}.elementor-widget-video .e-hosted-video .elementor-video{-o-object-fit:cover;object-fit:cover}.e-con-inner>.elementor-widget-video,.e-con>.elementor-widget-video{width:var(--container-widget-width);--flex-grow:var(--container-widget-flex-grow)}<\/style>\t\t<div class=\"elementor-wrapper elementor-open-inline\">\n\t\t\t<div class=\"elementor-video\"><\/div>\t\t<\/div>\n\t\t\t\t<\/div>\n\t\t\t\t<\/div>\n\t\t\t\t<div class=\"elementor-element elementor-element-65f7be9 elementor-widget elementor-widget-image\" data-id=\"65f7be9\" data-element_type=\"widget\" data-widget_type=\"image.default\">\n\t\t\t\t<div class=\"elementor-widget-container\">\n\t\t\t\t\t\t\t\t\t\t\t\t\t<img decoding=\"async\" width=\"1024\" height=\"659\" src=\"https:\/\/brasirio.com.br\/wp-content\/uploads\/2023\/02\/img999-1024x659.jpg\" class=\"attachment-large size-large wp-image-2172\" alt=\"\" srcset=\"https:\/\/brasirio.com.br\/wp-content\/uploads\/2023\/02\/img999-1024x659.jpg 1024w, https:\/\/brasirio.com.br\/wp-content\/uploads\/2023\/02\/img999-300x193.jpg 300w, https:\/\/brasirio.com.br\/wp-content\/uploads\/2023\/02\/img999-768x494.jpg 768w, https:\/\/brasirio.com.br\/wp-content\/uploads\/2023\/02\/img999-1536x988.jpg 1536w, https:\/\/brasirio.com.br\/wp-content\/uploads\/2023\/02\/img999-324x208.jpg 324w, https:\/\/brasirio.com.br\/wp-content\/uploads\/2023\/02\/img999-416x268.jpg 416w, https:\/\/brasirio.com.br\/wp-content\/uploads\/2023\/02\/img999-100x64.jpg 100w, https:\/\/brasirio.com.br\/wp-content\/uploads\/2023\/02\/img999.jpg 1920w\" sizes=\"(max-width: 1024px) 100vw, 1024px\" \/>\t\t\t\t\t\t\t\t\t\t\t\t\t<\/div>\n\t\t\t\t<\/div>\n\t\t\t\t\t<\/div>\n\t\t<\/div>\n\t\t\t\t\t<\/div>\n\t\t<\/section>\n\t\t\t\t<\/div>\n\t\t","protected":false},"excerpt":{"rendered":"<p>A BRASIRIO, empresa presente no mercado nacional h\u00e1 22 anos, possui como DESAFIO a busca constante de NOVAS TECNOLOGIAS para apresentar aos seus clientes. Vantagens que s\u00f3 o HyperDryMist\u00ae oferece: \u00a0 CONHE\u00c7A A NOSSA TECNOLOGIA PARA DESINFEC\u00c7\u00c3O DE AMBIENTES. \u00c9 UM PROGRAMA COMPLETO DE DESINFEC\u00c7\u00c3O. \u00c9 MAIS QUE UM ROB\u00d4! Dissemina o saneante 99S de &hellip;<\/p>\n<p class=\"read-more\"> <a class=\"\" href=\"https:\/\/brasirio.com.br\/index.php\/desinfeccao-hospitalar\/\"> <span class=\"screen-reader-text\">Desinfec\u00e7\u00e3o Hospitalar<\/span> Leia mais &raquo;<\/a><\/p>\n","protected":false},"author":1,"featured_media":0,"parent":0,"menu_order":0,"comment_status":"closed","ping_status":"closed","template":"elementor_header_footer","meta":{"site-sidebar-layout":"default","site-content-layout":"default","ast-global-header-display":"","ast-main-header-display":"","ast-hfb-above-header-display":"","ast-hfb-below-header-display":"","ast-hfb-mobile-header-display":"","site-post-title":"","ast-breadcrumbs-content":"","ast-featured-img":"","footer-sml-layout":"","theme-transparent-header-meta":"","adv-header-id-meta":"","stick-header-meta":"","header-above-stick-meta":"","header-main-stick-meta":"","header-below-stick-meta":""},"_links":{"self":[{"href":"https:\/\/brasirio.com.br\/index.php\/wp-json\/wp\/v2\/pages\/2106"}],"collection":[{"href":"https:\/\/brasirio.com.br\/index.php\/wp-json\/wp\/v2\/pages"}],"about":[{"href":"https:\/\/brasirio.com.br\/index.php\/wp-json\/wp\/v2\/types\/page"}],"author":[{"embeddable":true,"href":"https:\/\/brasirio.com.br\/index.php\/wp-json\/wp\/v2\/users\/1"}],"replies":[{"embeddable":true,"href":"https:\/\/brasirio.com.br\/index.php\/wp-json\/wp\/v2\/comments?post=2106"}],"version-history":[{"count":11,"href":"https:\/\/brasirio.com.br\/index.php\/wp-json\/wp\/v2\/pages\/2106\/revisions"}],"predecessor-version":[{"id":2204,"href":"https:\/\/brasirio.com.br\/index.php\/wp-json\/wp\/v2\/pages\/2106\/revisions\/2204"}],"wp:attachment":[{"href":"https:\/\/brasirio.com.br\/index.php\/wp-json\/wp\/v2\/media?parent=2106"}],"curies":[{"name":"wp","href":"https:\/\/api.w.org\/{rel}","templated":true}]}}