{"id":2110,"date":"2023-02-27T14:25:29","date_gmt":"2023-02-27T17:25:29","guid":{"rendered":"https:\/\/brasirio.com.br\/?page_id=2110"},"modified":"2023-02-27T20:37:41","modified_gmt":"2023-02-27T23:37:41","slug":"assistencia-tecnica","status":"publish","type":"page","link":"https:\/\/brasirio.com.br\/index.php\/assistencia-tecnica\/","title":{"rendered":"Assist\u00eancia T\u00e9cnica"},"content":{"rendered":"\t\t<div data-elementor-type=\"wp-page\" data-elementor-id=\"2110\" class=\"elementor elementor-2110\">\n\t\t\t\t\t\t<section class=\"elementor-section elementor-top-section elementor-element elementor-element-331ba24 elementor-section-full_width elementor-section-height-default elementor-section-height-default\" data-id=\"331ba24\" data-element_type=\"section\">\n\t\t\t\t\t\t<div class=\"elementor-container elementor-column-gap-no\">\n\t\t\t\t\t<div class=\"elementor-column elementor-col-100 elementor-top-column elementor-element elementor-element-0f19070\" data-id=\"0f19070\" data-element_type=\"column\">\n\t\t\t<div class=\"elementor-widget-wrap elementor-element-populated\">\n\t\t\t\t\t\t<section class=\"elementor-section elementor-inner-section elementor-element elementor-element-8caf425 elementor-section-boxed elementor-section-height-default elementor-section-height-default\" data-id=\"8caf425\" data-element_type=\"section\">\n\t\t\t\t\t\t<div class=\"elementor-container elementor-column-gap-default\">\n\t\t\t\t\t<div class=\"elementor-column elementor-col-50 elementor-inner-column elementor-element elementor-element-b83153b\" data-id=\"b83153b\" data-element_type=\"column\">\n\t\t\t<div class=\"elementor-widget-wrap elementor-element-populated\">\n\t\t\t\t\t\t<div class=\"elementor-element elementor-element-529a7a3 elementor-widget elementor-widget-heading\" data-id=\"529a7a3\" data-element_type=\"widget\" data-widget_type=\"heading.default\">\n\t\t\t\t<div class=\"elementor-widget-container\">\n\t\t\t<style>\/*! elementor - v3.23.0 - 05-08-2024 *\/\n.elementor-heading-title{padding:0;margin:0;line-height:1}.elementor-widget-heading .elementor-heading-title[class*=elementor-size-]>a{color:inherit;font-size:inherit;line-height:inherit}.elementor-widget-heading .elementor-heading-title.elementor-size-small{font-size:15px}.elementor-widget-heading .elementor-heading-title.elementor-size-medium{font-size:19px}.elementor-widget-heading .elementor-heading-title.elementor-size-large{font-size:29px}.elementor-widget-heading .elementor-heading-title.elementor-size-xl{font-size:39px}.elementor-widget-heading .elementor-heading-title.elementor-size-xxl{font-size:59px}<\/style><h2 class=\"elementor-heading-title elementor-size-default\">Assist\u00eancia T\u00e9cnica<\/h2>\t\t<\/div>\n\t\t\t\t<\/div>\n\t\t\t\t<div class=\"elementor-element elementor-element-de261a3 elementor-widget elementor-widget-text-editor\" data-id=\"de261a3\" data-element_type=\"widget\" data-widget_type=\"text-editor.default\">\n\t\t\t\t<div class=\"elementor-widget-container\">\n\t\t\t<style>\/*! elementor - v3.23.0 - 05-08-2024 *\/\n.elementor-widget-text-editor.elementor-drop-cap-view-stacked .elementor-drop-cap{background-color:#69727d;color:#fff}.elementor-widget-text-editor.elementor-drop-cap-view-framed .elementor-drop-cap{color:#69727d;border:3px solid;background-color:transparent}.elementor-widget-text-editor:not(.elementor-drop-cap-view-default) .elementor-drop-cap{margin-top:8px}.elementor-widget-text-editor:not(.elementor-drop-cap-view-default) .elementor-drop-cap-letter{width:1em;height:1em}.elementor-widget-text-editor .elementor-drop-cap{float:left;text-align:center;line-height:1;font-size:50px}.elementor-widget-text-editor .elementor-drop-cap-letter{display:inline-block}<\/style>\t\t\t\t<div>Com um moderno Laborat\u00f3rio para manuten\u00e7\u00e3o, a BrasiRIo oferece assist\u00eancia t\u00e9cnica para calibra\u00e7\u00e3o e manuten\u00e7\u00e3o preventiva e corretiva de equipamentos m\u00e9dico-hospitalares.<\/div><div>\u00a0<\/div><div>Oferecemos\u00a0 solu\u00e7\u00f5es para reparo, testes e emiss\u00e3o de laudo em equipamentos como ventiladores pulmonares, equipamentos de monitora\u00e7\u00e3o e cuidados intensivos, equipamentos para atendimento em emerg\u00eancia cardiol\u00f3gica.<\/div><div>\u00a0<\/div><div><span style=\"color: var( --e-global-color-text ); font-family: var( --e-global-typography-text-font-family ), Sans-serif; font-weight: var( --e-global-typography-text-font-weight );\">Nossa aten\u00e7\u00e3o \u00e0 utiliza\u00e7\u00e3o de pe\u00e7as originais e componentes arrojados, de primeira linha, al\u00e9m de importados, contribui continuamente para redu\u00e7\u00e3o do \u00edndice de retorno de equipamento em garantia.<\/span><\/div><div><b>\u00a0<\/b><\/div><div><b>Fale com nossa \u00e1rea t\u00e9cnica<\/b><\/div><div>\u00a0<\/div><div>OU envie um e-mail para <a href=\"https:\/\/brasirio.com.br\/index.php\/assistencia-tecnica\/\">brasirio@brasirio.com.br<\/a>.<\/div>\t\t\t\t\t\t<\/div>\n\t\t\t\t<\/div>\n\t\t\t\t\t<\/div>\n\t\t<\/div>\n\t\t\t\t<div class=\"elementor-column elementor-col-50 elementor-inner-column elementor-element elementor-element-df5e161\" data-id=\"df5e161\" data-element_type=\"column\">\n\t\t\t<div class=\"elementor-widget-wrap elementor-element-populated\">\n\t\t\t\t\t\t<div class=\"elementor-element elementor-element-e53eed3 elementor-widget elementor-widget-image\" data-id=\"e53eed3\" data-element_type=\"widget\" data-widget_type=\"image.default\">\n\t\t\t\t<div class=\"elementor-widget-container\">\n\t\t\t<style>\/*! elementor - v3.23.0 - 05-08-2024 *\/\n.elementor-widget-image{text-align:center}.elementor-widget-image a{display:inline-block}.elementor-widget-image a img[src$=\".svg\"]{width:48px}.elementor-widget-image img{vertical-align:middle;display:inline-block}<\/style>\t\t\t\t\t\t\t\t\t\t<img fetchpriority=\"high\" decoding=\"async\" width=\"720\" height=\"720\" src=\"https:\/\/brasirio.com.br\/wp-content\/uploads\/2023\/02\/s8.jpg\" class=\"attachment-large size-large wp-image-1881\" alt=\"\" srcset=\"https:\/\/brasirio.com.br\/wp-content\/uploads\/2023\/02\/s8.jpg 720w, https:\/\/brasirio.com.br\/wp-content\/uploads\/2023\/02\/s8-100x100.jpg 100w, https:\/\/brasirio.com.br\/wp-content\/uploads\/2023\/02\/s8-416x416.jpg 416w, https:\/\/brasirio.com.br\/wp-content\/uploads\/2023\/02\/s8-300x300.jpg 300w, https:\/\/brasirio.com.br\/wp-content\/uploads\/2023\/02\/s8-150x150.jpg 150w\" sizes=\"(max-width: 720px) 100vw, 720px\" \/>\t\t\t\t\t\t\t\t\t\t\t\t\t<\/div>\n\t\t\t\t<\/div>\n\t\t\t\t\t<\/div>\n\t\t<\/div>\n\t\t\t\t\t<\/div>\n\t\t<\/section>\n\t\t\t\t\t<\/div>\n\t\t<\/div>\n\t\t\t\t\t<\/div>\n\t\t<\/section>\n\t\t\t\t<\/div>\n\t\t","protected":false},"excerpt":{"rendered":"<p>Assist\u00eancia T\u00e9cnica Com um moderno Laborat\u00f3rio para manuten\u00e7\u00e3o, a BrasiRIo oferece assist\u00eancia t\u00e9cnica para calibra\u00e7\u00e3o e manuten\u00e7\u00e3o preventiva e corretiva de equipamentos m\u00e9dico-hospitalares.\u00a0Oferecemos\u00a0 solu\u00e7\u00f5es para reparo, testes e emiss\u00e3o de laudo em equipamentos como ventiladores pulmonares, equipamentos de monitora\u00e7\u00e3o e cuidados intensivos, equipamentos para atendimento em emerg\u00eancia cardiol\u00f3gica.\u00a0Nossa aten\u00e7\u00e3o \u00e0 utiliza\u00e7\u00e3o de pe\u00e7as originais e &hellip;<\/p>\n<p class=\"read-more\"> <a class=\"\" href=\"https:\/\/brasirio.com.br\/index.php\/assistencia-tecnica\/\"> <span class=\"screen-reader-text\">Assist\u00eancia T\u00e9cnica<\/span> Leia mais &raquo;<\/a><\/p>\n","protected":false},"author":1,"featured_media":0,"parent":0,"menu_order":0,"comment_status":"closed","ping_status":"closed","template":"elementor_header_footer","meta":{"site-sidebar-layout":"default","site-content-layout":"default","ast-global-header-display":"","ast-main-header-display":"","ast-hfb-above-header-display":"","ast-hfb-below-header-display":"","ast-hfb-mobile-header-display":"","site-post-title":"","ast-breadcrumbs-content":"","ast-featured-img":"","footer-sml-layout":"","theme-transparent-header-meta":"","adv-header-id-meta":"","stick-header-meta":"","header-above-stick-meta":"","header-main-stick-meta":"","header-below-stick-meta":""},"_links":{"self":[{"href":"https:\/\/brasirio.com.br\/index.php\/wp-json\/wp\/v2\/pages\/2110"}],"collection":[{"href":"https:\/\/brasirio.com.br\/index.php\/wp-json\/wp\/v2\/pages"}],"about":[{"href":"https:\/\/brasirio.com.br\/index.php\/wp-json\/wp\/v2\/types\/page"}],"author":[{"embeddable":true,"href":"https:\/\/brasirio.com.br\/index.php\/wp-json\/wp\/v2\/users\/1"}],"replies":[{"embeddable":true,"href":"https:\/\/brasirio.com.br\/index.php\/wp-json\/wp\/v2\/comments?post=2110"}],"version-history":[{"count":10,"href":"https:\/\/brasirio.com.br\/index.php\/wp-json\/wp\/v2\/pages\/2110\/revisions"}],"predecessor-version":[{"id":2275,"href":"https:\/\/brasirio.com.br\/index.php\/wp-json\/wp\/v2\/pages\/2110\/revisions\/2275"}],"wp:attachment":[{"href":"https:\/\/brasirio.com.br\/index.php\/wp-json\/wp\/v2\/media?parent=2110"}],"curies":[{"name":"wp","href":"https:\/\/api.w.org\/{rel}","templated":true}]}}