{"id":2020,"date":"2023-02-26T18:06:29","date_gmt":"2023-02-26T21:06:29","guid":{"rendered":"https:\/\/brasirio.com.br\/?post_type=product&#038;p=2020"},"modified":"2023-02-26T18:25:00","modified_gmt":"2023-02-26T21:25:00","slug":"planmed-verity-tomografo-computadorizado-de-extremidades","status":"publish","type":"product","link":"https:\/\/brasirio.com.br\/index.php\/product\/planmed-verity-tomografo-computadorizado-de-extremidades\/","title":{"rendered":"Planmed Verity\u00ae \u2013 Tom\u00f3grafo Computadorizado de Extremidades"},"content":{"rendered":"<p>O Planmed Verity\u00ae utiliza a tecnologia CBCT (Cone Beam Computed Tomography) para adquirir imagens volum\u00e9tricas (3D) de alta resolu\u00e7\u00e3o de extremidades do corpo com doses particularmente baixas.<br \/>\nO seu design compacto e independente permite a sua instala\u00e7\u00e3o de um espa\u00e7o m\u00ednimo ou at\u00e9 mesmo junto com outro aparelho de raios X.<br \/>\nO Planmed Verity\u00ae possui um Gantry ajust\u00e1vel com superf\u00edcie macia e suportes de posicionamentos dedicados, o que permite um posicionamento f\u00e1cil e confort\u00e1vel ao paciente.<\/p>\n<div class=\"ast-oembed-container\" style=\"height: 100%;\"><iframe title=\"PLANMED VERITY&amp;reg; Extremity Scanner - New way to look, new way to see\" src=\"https:\/\/player.vimeo.com\/video\/208631118?h=69c13b850f&amp;dnt=1&amp;app_id=122963\" width=\"500\" height=\"281\" frameborder=\"0\" allow=\"autoplay; fullscreen; picture-in-picture\" allowfullscreen><\/iframe><\/div>\n","protected":false},"excerpt":{"rendered":"<p>O Planmed Verity\u00ae utiliza a tecnologia CBCT (Cone Beam Computed Tomography) para adquirir imagens volum\u00e9tricas (3D) de alta resolu\u00e7\u00e3o de extremidades do corpo com doses particularmente baixas.<br \/>\nO seu design compacto e independente permite a sua instala\u00e7\u00e3o de um espa\u00e7o m\u00ednimo ou at\u00e9 mesmo junto com outro aparelho de raios X.<br \/>\nO Planmed Verity\u00ae possui um Gantry ajust\u00e1vel com superf\u00edcie macia e suportes de posicionamentos dedicados, o que permite um posicionamento f\u00e1cil e confort\u00e1vel ao paciente.<\/p>\n","protected":false},"featured_media":2023,"template":"","meta":{"site-sidebar-layout":"default","site-content-layout":"default","ast-global-header-display":"","ast-main-header-display":"","ast-hfb-above-header-display":"","ast-hfb-below-header-display":"","ast-hfb-mobile-header-display":"","site-post-title":"","ast-breadcrumbs-content":"","ast-featured-img":"","footer-sml-layout":"","theme-transparent-header-meta":"default","adv-header-id-meta":"","stick-header-meta":"","header-above-stick-meta":"","header-main-stick-meta":"","header-below-stick-meta":""},"product_cat":[31],"product_tag":[51,52,49,50,29,48],"_links":{"self":[{"href":"https:\/\/brasirio.com.br\/index.php\/wp-json\/wp\/v2\/product\/2020"}],"collection":[{"href":"https:\/\/brasirio.com.br\/index.php\/wp-json\/wp\/v2\/product"}],"about":[{"href":"https:\/\/brasirio.com.br\/index.php\/wp-json\/wp\/v2\/types\/product"}],"wp:featuredmedia":[{"embeddable":true,"href":"https:\/\/brasirio.com.br\/index.php\/wp-json\/wp\/v2\/media\/2023"}],"wp:attachment":[{"href":"https:\/\/brasirio.com.br\/index.php\/wp-json\/wp\/v2\/media?parent=2020"}],"wp:term":[{"taxonomy":"product_cat","embeddable":true,"href":"https:\/\/brasirio.com.br\/index.php\/wp-json\/wp\/v2\/product_cat?post=2020"},{"taxonomy":"product_tag","embeddable":true,"href":"https:\/\/brasirio.com.br\/index.php\/wp-json\/wp\/v2\/product_tag?post=2020"}],"curies":[{"name":"wp","href":"https:\/\/api.w.org\/{rel}","templated":true}]}}