{"id":2065,"date":"2023-02-26T20:39:15","date_gmt":"2023-02-26T23:39:15","guid":{"rendered":"https:\/\/brasirio.com.br\/?post_type=product&#038;p=2065"},"modified":"2023-02-27T20:07:23","modified_gmt":"2023-02-27T23:07:23","slug":"trinias-unity-smart-edition","status":"publish","type":"product","link":"https:\/\/brasirio.com.br\/index.php\/product\/trinias-unity-smart-edition\/","title":{"rendered":"Trinias Unity Smart Edition"},"content":{"rendered":"<p>O conceito da linha Trinias Unity Smart Edition<\/p>\n<p>Unity: Unlimited Intelligent Technology<\/p>\n<p>Personalize a sua experi\u00eancia para uma flexibilidade sem igual.<br \/>\nPotencial ilimitado para um fluxo de trabalho eficiente.<br \/>\nDesign inteligente para um tratamento inteligente.<\/p>\n<p>O design inteligente traz uma \u00e1rea de trabalho confi\u00e1vel.<br \/>\nO Trinias foi projetado de forma inteligente e com cores agrad\u00e1veis, como o verde claro e o branco. Este design inteligente inspira pacientes e usu\u00e1rios cl\u00ednicos com confian\u00e7a e relaxamento.<br \/>\nTrinias<br \/>\nO ambiente operacional integrado incentiva um fluxo de trabalho eficiente<br \/>\nIncorporando o &#8220;SMART Touch&#8221;, um console de painel de toque personaliz\u00e1vel que permite a opera\u00e7\u00e3o intuitiva do lado da mesa como padr\u00e3o. O novo design da interface gr\u00e1fica de usu\u00e1rio do monitor principal melhora a exibi\u00e7\u00e3o de todas as informa\u00e7\u00f5es essenciais durante os procedimentos, incluindo informa\u00e7\u00f5es geom\u00e9tricas do sistema e dose de irradia\u00e7\u00e3o de raios-X, melhorando ainda mais o fluxo de trabalho do sistema.<\/p>\n<p>Real\u00e7ando a identifica\u00e7\u00e3o das fun\u00e7\u00f5es por cores. Ao alterar a cor do bot\u00e3o, voc\u00ea pode operar intuitivamente enquanto se concentra no tratamento.<\/p>\n<p>Flex-APS \u223cAdvanced real-time pixel shift for DSA\u223c<br \/>\nO Flex-APS economiza tempo ajustando automaticamente a m\u00e1scara nas tr\u00eas dimens\u00f5es que s\u00e3o causados por todos os movimentos do corpo, incluindo movimento de tor\u00e7\u00e3o, proporcionando imagens DSA aprimoradas.<\/p>\n<p>SCORE StentView Realce de stent em tempo real com imagens din\u00e2micas<br \/>\nO SCORE StentView \u00e9 a vers\u00e3o mais recente e avan\u00e7ada do StentView, considerada verdadeiramente revolucion\u00e1ria por muitos usu\u00e1rios cl\u00ednicos, permitindo real\u00e7ar os stents e ajustar a posi\u00e7\u00e3o em imagens din\u00e2micas em tempo real.<br \/>\nA fun\u00e7\u00e3o para especificar a regi\u00e3o de interesse (ROI) agora permite que v\u00e1rios marcadores sejam usados para detec\u00e7\u00e3o autom\u00e1tica, o que contribui para uma maior efici\u00eancia de detec\u00e7\u00e3o e tempos de exame mais curtos.<\/p>\n<p>SCORE StentShot* Visualiza\u00e7\u00e3o do stent em alta defini\u00e7\u00e3o<br \/>\nA excelente visualiza\u00e7\u00e3o do stent com SCORE StentShot aumenta a seguran\u00e7a do paciente e reduz o tempo de tratamento. Este aplicativo fornece uma imagem aprimorada do stent livre de ru\u00eddo est\u00e1tico, para visualiza\u00e7\u00e3o ideal do stent p\u00f3s-implanta\u00e7\u00e3o.<\/p>\n<p>SCORE Chase*Aumenta a visibilidade de toda a \u00e1rea dos membros inferiores<br \/>\nA fun\u00e7\u00e3o SCORE Chase permite movimentos livres longitudinalmente ou lateralmente durante as exposi\u00e7\u00f5es para rastrear o fluxo sangu\u00edneo atrav\u00e9s dos vasos.<\/p>\n<p>&nbsp;<\/p>\n","protected":false},"excerpt":{"rendered":"<p>O conceito da linha Trinias Unity Smart Edition<\/p>\n<p>Unity: Unlimited Intelligent Technology<\/p>\n<p>Personalize a sua experi\u00eancia para uma flexibilidade sem igual.<br \/>\nPotencial ilimitado para um fluxo de trabalho eficiente.<br \/>\nDesign inteligente para um tratamento inteligente.<\/p>\n","protected":false},"featured_media":2227,"template":"","meta":{"site-sidebar-layout":"default","site-content-layout":"default","ast-global-header-display":"","ast-main-header-display":"","ast-hfb-above-header-display":"","ast-hfb-below-header-display":"","ast-hfb-mobile-header-display":"","site-post-title":"","ast-breadcrumbs-content":"","ast-featured-img":"","footer-sml-layout":"","theme-transparent-header-meta":"default","adv-header-id-meta":"","stick-header-meta":"","header-above-stick-meta":"","header-main-stick-meta":"","header-below-stick-meta":""},"product_cat":[35,26],"product_tag":[57,58,54,56,55,29,53],"_links":{"self":[{"href":"https:\/\/brasirio.com.br\/index.php\/wp-json\/wp\/v2\/product\/2065"}],"collection":[{"href":"https:\/\/brasirio.com.br\/index.php\/wp-json\/wp\/v2\/product"}],"about":[{"href":"https:\/\/brasirio.com.br\/index.php\/wp-json\/wp\/v2\/types\/product"}],"wp:featuredmedia":[{"embeddable":true,"href":"https:\/\/brasirio.com.br\/index.php\/wp-json\/wp\/v2\/media\/2227"}],"wp:attachment":[{"href":"https:\/\/brasirio.com.br\/index.php\/wp-json\/wp\/v2\/media?parent=2065"}],"wp:term":[{"taxonomy":"product_cat","embeddable":true,"href":"https:\/\/brasirio.com.br\/index.php\/wp-json\/wp\/v2\/product_cat?post=2065"},{"taxonomy":"product_tag","embeddable":true,"href":"https:\/\/brasirio.com.br\/index.php\/wp-json\/wp\/v2\/product_tag?post=2065"}],"curies":[{"name":"wp","href":"https:\/\/api.w.org\/{rel}","templated":true}]}}