{"id":2169,"date":"2023-02-27T17:09:18","date_gmt":"2023-02-27T20:09:18","guid":{"rendered":"https:\/\/brasirio.com.br\/?post_type=product&#038;p=2169"},"modified":"2023-03-09T09:08:46","modified_gmt":"2023-03-09T12:08:46","slug":"v3-comem","status":"publish","type":"product","link":"https:\/\/brasirio.com.br\/index.php\/product\/v3-comem\/","title":{"rendered":"Ventilador eletr\u00f4nico V3"},"content":{"rendered":"<p><span class=\"v1sc-1nqzt6e-0 v1VJmlf\">Ventilador eletr\u00f4nico<\/span>\u00a0<span class=\"v1sc-1nqzt6e-1 v1hSlGKq\">V3<\/span><\/p>\n<p>V3 \u00e9 uma plataforma de suporte respirat\u00f3rio com turbina que pode lidar com uma variedade de cen\u00e1rios, incluindo ventila\u00e7\u00e3o \u00e0 beira da cama e transporte intra-hospitalar.<\/p>\n<p>A interface \u00e9 simples e intuitiva e pode ser facilmente dominada por prestadores de cuidados sem forma\u00e7\u00e3o complicada. Modos de ventila\u00e7\u00e3o abrangentes, cobrindo terapia respirat\u00f3ria cr\u00edtica e subcr\u00edtica para pacientes adultos\/pedi\u00e1tricos Unidade corepower de alto desempenho com durabilidade e fluxo de ultra-alta velocidade e ventila\u00e7\u00e3o est\u00e1vel para responder a v\u00e1rias exig\u00eancias de apoio respirat\u00f3rio Ventilador Multifuncional<\/p>\n<p>Desde o transporte de emerg\u00eancia intra-hospitalar at\u00e9 aos cuidados cr\u00edticos, a V3 fornece solu\u00e7\u00f5es completas de terapia respirat\u00f3ria. Transporte de emerg\u00eancia intra-hospitalar seguro e est\u00e1vel O ventilador baseado na turbina n\u00e3o depende de uma fonte de ar de alta press\u00e3o e pode utilizar directamente o ar interior durante o transporte. Carrinho f\u00e1cil de desmontar<\/p>\n<p>Estrutura principal pequena e leve Bateria de l\u00edtio de alta capacidade incorporada Cuidados Cr\u00edticos Profissionais e Eficazes Com modos de ventila\u00e7\u00e3o extensiva e t\u00e9cnicas de sincroniza\u00e7\u00e3o inteligentes, a V3 oferece uma gama completa de tratamentos: O2 therapy- monitoring- desmame. Terapia n\u00e3o invasiva &#8211; Terapia NIV e O2 Compensa\u00e7\u00e3o de fugas excepcional Turbina ultra-silenciosa.<\/p>\n<h1 class=\"v1sc-1w8z6ht-0 v1dozOVq\"><span class=\"v1sc-2mcr2-0 v1gCIlGa\"><span class=\"v1sc-1nqzt6e-0 v1VJmlf\">Ventilador eletr\u00f4nico<\/span>\u00a0<span class=\"v1sc-1nqzt6e-1 v1hSlGKq\">V3<\/span><\/span><\/h1>\n<div class=\"v1sc-cw67gy-0 v1iZjOOz\"><span class=\"v1sc-cw67gy-1 v1grTeeu\">para cuidados intensivos\u00a0<\/span><span class=\"v1sc-cw67gy-1 v1grTeeu\">de emerg\u00eancia e\u00a0<\/span><span class=\"v1sc-cw67gy-1 v1grTeeu\">de transporte<\/span><\/div>\n","protected":false},"excerpt":{"rendered":"<p>V3 \u00e9 uma plataforma de suporte respirat\u00f3rio com turbina que pode lidar com uma variedade de cen\u00e1rios, incluindo ventila\u00e7\u00e3o \u00e0 beira da cama e transporte intra-hospitalar.<\/p>\n<p>A interface \u00e9 simples e intuitiva e pode ser facilmente dominada por prestadores de cuidados sem forma\u00e7\u00e3o complicada. Modos de ventila\u00e7\u00e3o abrangentes, cobrindo terapia respirat\u00f3ria cr\u00edtica e subcr\u00edtica para pacientes adultos\/pedi\u00e1tricos Unidade corepower de alto desempenho com durabilidade e fluxo de ultra-alta velocidade e ventila\u00e7\u00e3o est\u00e1vel para responder a v\u00e1rias exig\u00eancias de apoio respirat\u00f3rio Ventilador Multifuncional<\/p>\n","protected":false},"featured_media":2251,"template":"","meta":{"site-sidebar-layout":"default","site-content-layout":"default","ast-global-header-display":"","ast-main-header-display":"","ast-hfb-above-header-display":"","ast-hfb-below-header-display":"","ast-hfb-mobile-header-display":"","site-post-title":"","ast-breadcrumbs-content":"","ast-featured-img":"","footer-sml-layout":"","theme-transparent-header-meta":"default","adv-header-id-meta":"","stick-header-meta":"","header-above-stick-meta":"","header-main-stick-meta":"","header-below-stick-meta":""},"product_cat":[33],"product_tag":[],"_links":{"self":[{"href":"https:\/\/brasirio.com.br\/index.php\/wp-json\/wp\/v2\/product\/2169"}],"collection":[{"href":"https:\/\/brasirio.com.br\/index.php\/wp-json\/wp\/v2\/product"}],"about":[{"href":"https:\/\/brasirio.com.br\/index.php\/wp-json\/wp\/v2\/types\/product"}],"wp:featuredmedia":[{"embeddable":true,"href":"https:\/\/brasirio.com.br\/index.php\/wp-json\/wp\/v2\/media\/2251"}],"wp:attachment":[{"href":"https:\/\/brasirio.com.br\/index.php\/wp-json\/wp\/v2\/media?parent=2169"}],"wp:term":[{"taxonomy":"product_cat","embeddable":true,"href":"https:\/\/brasirio.com.br\/index.php\/wp-json\/wp\/v2\/product_cat?post=2169"},{"taxonomy":"product_tag","embeddable":true,"href":"https:\/\/brasirio.com.br\/index.php\/wp-json\/wp\/v2\/product_tag?post=2169"}],"curies":[{"name":"wp","href":"https:\/\/api.w.org\/{rel}","templated":true}]}}