{"id":2199,"date":"2023-02-27T18:13:18","date_gmt":"2023-02-27T21:13:18","guid":{"rendered":"https:\/\/brasirio.com.br\/?post_type=product&#038;p=2199"},"modified":"2023-02-27T20:03:39","modified_gmt":"2023-02-27T23:03:39","slug":"radspeed-fit","status":"publish","type":"product","link":"https:\/\/brasirio.com.br\/index.php\/product\/radspeed-fit\/","title":{"rendered":"RADspeed Fit"},"content":{"rendered":"<p>RADspeed fit<\/p>\n<p><img decoding=\"async\" src=\"https:\/\/www.shimadzu.com.br\/medica\/produtos\/radio\/images\/radspeed_fit\/radspeed_fit.jpg\" alt=\"RADspeed fit\" \/><\/p>\n<div class=\"v1ParagraphSet\">\n<div class=\"v1textSet v1txt v1txtL\">\n<div align=\"justify\">\n<p>Este aparelho de radiografia incorporou diversos recursos de aparelhos top de linha que facilitam sua utiliza\u00e7\u00e3o.<br \/>\nA RADspeed fit est\u00e1 equipada com um tampo de mesa flutuante que suporta peso elevado e uma grade remov\u00edvel que reduz a dose de exposi\u00e7\u00e3o do paciente. Al\u00e9m disso, devido \u00e0 grande pot\u00eancia do gerador, as imagens adquiridas s\u00e3o de alta defini\u00e7\u00e3o. A opera\u00e7\u00e3o simples e intuitiva proporciona facilidade e conforto, marcas registradas dos sistemas Shimadzu.<\/p>\n<\/div>\n<\/div>\n<\/div>\n<div class=\"v1featuresArea\">\n<div class=\"v1ParagraphSet\">\n<h4 class=\"v1titStyle03\">Gerador de alta pot\u00eancia<\/h4>\n<div class=\"v1ImgSet v1wrap\">\n<div class=\"v1cf\">\n<div class=\"v1imgsetR\"><img decoding=\"async\" src=\"https:\/\/www.shimadzu.com.br\/medica\/produtos\/radio\/images\/radspeed_fit\/5iqj1d00000215hl.gif\" alt=\"Large Output Power Achieves Top-Class Image Quality\" \/><\/div>\n<div class=\"v1txt\">\n<div align=\"justify\">\n<p>O sistema \u00e9 equipado com um gerador de alta pot\u00eancia, com n\u00edveis nunca antes vistos em aparelhos integrados de radiologia que obt\u00e9m imagens com alta defini\u00e7\u00e3o, garantindo assim a qualidade do diagn\u00f3stico.<\/p>\n<\/div>\n<\/div>\n<\/div>\n<\/div>\n<\/div>\n<div class=\"v1ParagraphSet\">\n<h4 class=\"v1titStyle03\">Opera\u00e7\u00e3o simples com mais de 400 programas anat\u00f4micos<\/h4>\n<div class=\"v1textSet v1txt v1txtL\">\n<div align=\"justify\">\n<p>Os par\u00e2metros radiogr\u00e1ficos s\u00e3o configurados rapidamente gra\u00e7as aos programas anat\u00f4micos, que memorizam t\u00e9cnica e orienta\u00e7\u00e3o radiogr\u00e1fica, posi\u00e7\u00e3o e espessura estudada.<\/p>\n<\/div>\n<\/div>\n<div class=\"v1ImgSet v1nofloat\">\n<div class=\"v1cf\">\n<div class=\"v1imgsetC\"><img decoding=\"async\" src=\"https:\/\/www.shimadzu.com.br\/medica\/produtos\/radio\/images\/radspeed_fit\/5iqj1d00000215kb.jpg\" alt=\"Simple Operation with 432 Anatomical Programs\" \/><\/div>\n<\/div>\n<\/div>\n<\/div>\n<div class=\"v1ParagraphSet\">\n<h4 class=\"v1titStyle03\">Ampla cobertura radiogr\u00e1fica gra\u00e7as \u00e0 movimenta\u00e7\u00e3o do tampo da mesa e do suporte do tubo de raios X<\/h4>\n<div class=\"v1ImgSet\">\n<div class=\"v1cf\">\n<div class=\"v1imgsetR\"><img decoding=\"async\" src=\"https:\/\/www.shimadzu.com.br\/medica\/produtos\/radio\/images\/radspeed_fit\/5iqj1d00000215if.jpg\" alt=\"Offers Unimaginably Wide Radiographic Coverage Through a Combination of Tabletop Movement and X-Ray Tube Support\" \/><\/div>\n<div class=\"v1txt\">\n<div align=\"justify\">\n<p>Apesar de a unidade principal ser compacta, o tampo da mesa e o tubo de raios X se movem livremente com um amplo alcance radiogr\u00e1fico para um posicionamento extremamente f\u00e1cil.<\/p>\n<\/div>\n<\/div>\n<\/div>\n<\/div>\n<\/div>\n<div class=\"v1ParagraphSet\">\n<h4 class=\"v1titStyle03\">Travas eletromagn\u00e9ticas para um posicionamento f\u00e1cil e seguro<\/h4>\n<div class=\"v1textSet v1txt v1txtL\">\n<div align=\"justify\">\n<p>Gra\u00e7as ao sistema de travas eletromagn\u00e9ticas, com apenas um toque, \u00e9 poss\u00edvel realizar ajustes na posi\u00e7\u00e3o radiogr\u00e1fica de forma precisa e suave.<br \/>\nA ilumina\u00e7\u00e3o que indica o status de exposi\u00e7\u00e3o acende automaticamente durante a movimenta\u00e7\u00e3o lateral do tampo da mesa, para que o operador verifique se o posicionamento est\u00e1 correto.<\/p>\n<\/div>\n<\/div>\n<\/div>\n<div class=\"v1ParagraphSet\">\n<h4 class=\"v1titStyle03\">Permite realizar exames em macas e cadeiras de rodas com simples giro do bra\u00e7o porta tubo<\/h4>\n<div class=\"v1ImgSet\">\n<div class=\"v1cf\">\n<div class=\"v1imgsetR\"><img decoding=\"async\" src=\"https:\/\/www.shimadzu.com.br\/medica\/produtos\/radio\/images\/radspeed_fit\/5iqj1d00000215m9.jpg\" alt=\"X-ray Tube Arm Swivel Capability Supports Stretcher or Wheelchair Examination\" \/><\/div>\n<div class=\"v1txt\">\n<div align=\"justify\">\n<p>O bra\u00e7o do tubo de raios X pode girar 180\u00b0 em torno da coluna, possibilitando a realiza\u00e7\u00e3o de radiografias em macas ou em cadeiras de rodas na lateral da mesa. A radiografia pode ser realizada sem a movimenta\u00e7\u00e3o do paciente.<\/p>\n<\/div>\n<\/div>\n<\/div>\n<\/div>\n<\/div>\n<div class=\"v1ParagraphSet\">\n<h4 class=\"v1titStyle03\">Permite atualiza\u00e7\u00e3o para sistema digital DR<\/h4>\n<div class=\"v1ImgSet\">\n<div class=\"v1cf\">\n<div class=\"v1imgsetR\"><img decoding=\"async\" src=\"https:\/\/www.shimadzu.com.br\/medica\/produtos\/radio\/images\/radspeed_fit\/5iqj1d00000215lf.jpg\" alt=\"DR Ready Scalable Platform\" \/><\/div>\n<div class=\"v1txt\">\n<div align=\"justify\">\n<p>Com a RADspeed fit \u00e9 poss\u00edvel fazer upgrade para vers\u00e3o digital, o aparelho se encaixa perfeitamente nos seus planos de expans\u00e3o, o upgrade pode ser realizado de acordo com as suas necessidades.<\/p>\n<\/div>\n<\/div>\n<\/div>\n<\/div>\n<\/div>\n<div class=\"v1ParagraphSet\">\n<h4 class=\"v1titStyle03\">Respondendo a quest\u00f5es dos pacientes sobre exposi\u00e7\u00e3o radiogr\u00e1fica<\/h4>\n<div class=\"v1textSet v1txt v1txtL\">\n<div align=\"justify\">\n<p>Atualmente, as preocupa\u00e7\u00f5es em rela\u00e7\u00e3o \u00e0 radia\u00e7\u00e3o est\u00e3o aumentando. Para atender a estes questionamentos e reduzir a dose, a RADspeed fit incluiu uma fun\u00e7\u00e3o que calcula e exibe a dose de radia\u00e7\u00e3o que ser\u00e1 disparada antes mesmo da exposi\u00e7\u00e3o (opcional). Tornando mais f\u00e1cil responder aos questionamentos dos pacientes sobre o grau de exposi\u00e7\u00e3o.<\/p>\n<\/div>\n<\/div>\n<\/div>\n<\/div>\n","protected":false},"excerpt":{"rendered":"<p>Este aparelho de radiografia incorporou diversos recursos de aparelhos top de linha que facilitam sua utiliza\u00e7\u00e3o.<br \/>\nA RADspeed fit est\u00e1 equipada com um tampo de mesa flutuante que suporta peso elevado e uma grade remov\u00edvel que reduz a dose de exposi\u00e7\u00e3o do paciente. Al\u00e9m disso, devido \u00e0 grande pot\u00eancia do gerador, as imagens adquiridas s\u00e3o de alta defini\u00e7\u00e3o. A opera\u00e7\u00e3o simples e intuitiva proporciona facilidade e conforto, marcas registradas dos sistemas Shimadzu.<\/p>\n","protected":false},"featured_media":2224,"template":"","meta":{"site-sidebar-layout":"default","site-content-layout":"default","ast-global-header-display":"","ast-main-header-display":"","ast-hfb-above-header-display":"","ast-hfb-below-header-display":"","ast-hfb-mobile-header-display":"","site-post-title":"","ast-breadcrumbs-content":"","ast-featured-img":"","footer-sml-layout":"","theme-transparent-header-meta":"default","adv-header-id-meta":"","stick-header-meta":"","header-above-stick-meta":"","header-main-stick-meta":"","header-below-stick-meta":""},"product_cat":[26],"product_tag":[],"_links":{"self":[{"href":"https:\/\/brasirio.com.br\/index.php\/wp-json\/wp\/v2\/product\/2199"}],"collection":[{"href":"https:\/\/brasirio.com.br\/index.php\/wp-json\/wp\/v2\/product"}],"about":[{"href":"https:\/\/brasirio.com.br\/index.php\/wp-json\/wp\/v2\/types\/product"}],"wp:featuredmedia":[{"embeddable":true,"href":"https:\/\/brasirio.com.br\/index.php\/wp-json\/wp\/v2\/media\/2224"}],"wp:attachment":[{"href":"https:\/\/brasirio.com.br\/index.php\/wp-json\/wp\/v2\/media?parent=2199"}],"wp:term":[{"taxonomy":"product_cat","embeddable":true,"href":"https:\/\/brasirio.com.br\/index.php\/wp-json\/wp\/v2\/product_cat?post=2199"},{"taxonomy":"product_tag","embeddable":true,"href":"https:\/\/brasirio.com.br\/index.php\/wp-json\/wp\/v2\/product_tag?post=2199"}],"curies":[{"name":"wp","href":"https:\/\/api.w.org\/{rel}","templated":true}]}}