{"id":2200,"date":"2023-02-27T18:15:01","date_gmt":"2023-02-27T21:15:01","guid":{"rendered":"https:\/\/brasirio.com.br\/?post_type=product&#038;p=2200"},"modified":"2023-02-27T20:06:13","modified_gmt":"2023-02-27T23:06:13","slug":"radspeed-pro-mf","status":"publish","type":"product","link":"https:\/\/brasirio.com.br\/index.php\/product\/radspeed-pro-mf\/","title":{"rendered":"RADspeed Pro MF"},"content":{"rendered":"<p><img decoding=\"async\" src=\"https:\/\/www.shimadzu.com.br\/medica\/produtos\/radio\/images\/radspeed_mf\/radspeed_pro_mf.jpg\" alt=\"RADspeed Pro MF\" \/><\/p>\n<div class=\"v1mainArea\">\n<div class=\"v1cf\">\n<div class=\"v1ParagraphSet v1textArea\">\n<div align=\"justify\">\n<p>O aparelho de raios X da s\u00e9rie MF da Shimadzu \u00e9 um sistema montado em ch\u00e3o\/ch\u00e3o ou ch\u00e3o\/parede ou teto para instala\u00e7\u00e3o em salas compactas. Desenvolvido com as melhores especifica\u00e7\u00f5es, o RADspeed Pro MF entrega alto desempenho, alta qualidade e o melhor custo-benef\u00edcio de um Aparelho de Raios X geral.<\/p>\n<\/div>\n<\/div>\n<\/div>\n<\/div>\n<div class=\"v1descriptionsArea\">\n<div class=\"v1ParagraphSet\">\n<div class=\"v1ImgSet v1nofloat\">\n<div class=\"v1cf\">\n<div class=\"v1imgsetC\"><img fetchpriority=\"high\" decoding=\"async\" src=\"https:\/\/www.shimadzu.com.br\/medica\/produtos\/radio\/images\/radspeed_mf\/radspeed_mf_img1.jpg\" alt=\"DR Neutral\" width=\"530\" height=\"186\" \/><\/div>\n<\/div>\n<\/div>\n<\/div>\n<div class=\"v1ImgSet v1wrap\">\n<div class=\"v1imgsetR\"><img decoding=\"async\" src=\"https:\/\/www.shimadzu.com.br\/medica\/produtos\/radio\/images\/radspeed_mf\/dr_alta_resolucao.jpg\" alt=\"Alta resolu\u00e7\u00e3o\" \/><\/div>\n<div class=\"v1ParagraphSet\">\n<h4 class=\"v1titStyle03\">Radiografia Digital (DR) de Alta Resolu\u00e7\u00e3o<\/h4>\n<div class=\"v1textSet v1txt v1txtL\">\n<div align=\"justify\">\n<p>O RADspeed Pro MF pode adquirir imagens radiogr\u00e1ficas digitais com o uso de Detector de Painel Plano (FPD). Os FPDs possuem prote\u00e7\u00e3o contra \u00e1gua e poeira de at\u00e9 IP67 e capacidade de carga de at\u00e9 400kg distribu\u00eddos sobre a superf\u00edcie dele. O Sistema digital possui uma interface amig\u00e1vel e diversas ferramentas que auxiliam no diagn\u00f3sticos.<\/p>\n<\/div>\n<\/div>\n<\/div>\n<\/div>\n<\/div>\n<div class=\"v1featuresArea\">\n<div class=\"v1ParagraphSet\">\n<h4 class=\"v1titStyle03\">Gerador de Alta Frequ\u00eancia<\/h4>\n<div class=\"v1textSet v1txt v1txtL\">\n<div align=\"justify\">\n<p>O RADspeed Pro MF vem equipado com um gerador de alto n\u00edvel desenvolvido com a tecnologia de inversores de alta frequ\u00eancia, que produz radiografias de alta defini\u00e7\u00e3o e contraste. A fun\u00e7\u00e3o amig\u00e1vel de radiografia multidirecional sequencial permite ao operador registrar e ent\u00e3o usar at\u00e9 7 par\u00e2metros de sequencias pr\u00e9-ajustados na mem\u00f3ria.<\/p>\n<\/div>\n<\/div>\n<\/div>\n<div class=\"v1ParagraphSet\">\n<h4 class=\"v1titStyle03\">Conceito de Economia de Espa\u00e7o<\/h4>\n<div class=\"v1ImgSet v1wrap\">\n<div class=\"v1txt\">\n<div align=\"justify\">\n<p>O compacto gerador de alta frequ\u00eancia e o suporte do tubo de raios X, que economizam espa\u00e7o proporciona o melhor espa\u00e7o de trabalho e flexibilidade no layout.<\/p>\n<\/div>\n<\/div>\n<\/div>\n<\/div>\n<div class=\"v1ParagraphSet\">\n<div class=\"v1ImgSet v1nofloat\">\n<div class=\"v1cf\">\n<div class=\"v1imgsetC\"><img decoding=\"async\" src=\"https:\/\/www.shimadzu.com.br\/medica\/produtos\/radio\/images\/radspeed_mf\/economia_espaco.jpg\" alt=\"Economia de espa\u00e7o\" width=\"424\" height=\"132\" \/><\/div>\n<\/div>\n<\/div>\n<\/div>\n<div class=\"v1ParagraphSet\">\n<h4 class=\"v1titStyle03\">Estativa Porta Tubo de Posicionamento R\u00e1pido e F\u00e1cil<\/h4>\n<div class=\"v1ImgSet v1wrap\">\n<div class=\"v1txt\">\n<div align=\"justify\">\n<p>O posicionamento do tubo de raios X pode ser feito de forma r\u00e1pida e f\u00e1cil gra\u00e7as ao mecanismo de ajuste fino, contrabalanceado.<\/p>\n<\/div>\n<\/div>\n<\/div>\n<\/div>\n<div class=\"v1ParagraphSet\">\n<div class=\"v1ImgSet v1nofloat\">\n<div class=\"v1cf\">\n<div class=\"v1imgsetC\"><img decoding=\"async\" src=\"https:\/\/www.shimadzu.com.br\/medica\/produtos\/radio\/images\/radspeed_mf\/estativa_porta_tubo.jpg\" alt=\"Estativa Porta Tubo de Posicionamento R\u00e1pido e F\u00e1cil\" width=\"300\" height=\"200\" \/><\/div>\n<\/div>\n<\/div>\n<\/div>\n<div class=\"v1ParagraphSet\">\n<h4 class=\"v1titStyle03\">Gaveta com Rota\u00e7\u00e3o para FPD<\/h4>\n<div class=\"v1ImgSet v1wrap\">\n<div align=\"justify\">\n<p>Este opcional permite que a gaveta, do Bucky Mural ou da mesa, gire 90 graus para mudar a orienta\u00e7\u00e3o do FPD de 35x43cm da posi\u00e7\u00e3o de retrato para paisagem e vice-versa.<\/p>\n<\/div>\n<\/div>\n<\/div>\n<div class=\"v1ParagraphSet\">\n<div class=\"v1ImgSet v1nofloat\">\n<div class=\"v1cf\">\n<div class=\"v1imgsetC\"><img loading=\"lazy\" decoding=\"async\" src=\"https:\/\/www.shimadzu.com.br\/medica\/produtos\/radio\/images\/radspeed_mf\/gaveta_rotacao.jpg\" alt=\"Gaveta com rota\u00e7\u00e3o para FPD\" width=\"490\" height=\"161\" \/><\/div>\n<\/div>\n<\/div>\n<\/div>\n<\/div>\n","protected":false},"excerpt":{"rendered":"<p>O aparelho de raios X da s\u00e9rie MF da Shimadzu \u00e9 um sistema montado em ch\u00e3o\/ch\u00e3o ou ch\u00e3o\/parede ou teto para instala\u00e7\u00e3o em salas compactas. Desenvolvido com as melhores especifica\u00e7\u00f5es, o RADspeed Pro MF entrega alto desempenho, alta qualidade e o melhor custo-benef\u00edcio de um Aparelho de Raios X geral.<\/p>\n","protected":false},"featured_media":2226,"template":"","meta":{"site-sidebar-layout":"default","site-content-layout":"default","ast-global-header-display":"","ast-main-header-display":"","ast-hfb-above-header-display":"","ast-hfb-below-header-display":"","ast-hfb-mobile-header-display":"","site-post-title":"","ast-breadcrumbs-content":"","ast-featured-img":"","footer-sml-layout":"","theme-transparent-header-meta":"default","adv-header-id-meta":"","stick-header-meta":"","header-above-stick-meta":"","header-main-stick-meta":"","header-below-stick-meta":""},"product_cat":[26],"product_tag":[],"_links":{"self":[{"href":"https:\/\/brasirio.com.br\/index.php\/wp-json\/wp\/v2\/product\/2200"}],"collection":[{"href":"https:\/\/brasirio.com.br\/index.php\/wp-json\/wp\/v2\/product"}],"about":[{"href":"https:\/\/brasirio.com.br\/index.php\/wp-json\/wp\/v2\/types\/product"}],"wp:featuredmedia":[{"embeddable":true,"href":"https:\/\/brasirio.com.br\/index.php\/wp-json\/wp\/v2\/media\/2226"}],"wp:attachment":[{"href":"https:\/\/brasirio.com.br\/index.php\/wp-json\/wp\/v2\/media?parent=2200"}],"wp:term":[{"taxonomy":"product_cat","embeddable":true,"href":"https:\/\/brasirio.com.br\/index.php\/wp-json\/wp\/v2\/product_cat?post=2200"},{"taxonomy":"product_tag","embeddable":true,"href":"https:\/\/brasirio.com.br\/index.php\/wp-json\/wp\/v2\/product_tag?post=2200"}],"curies":[{"name":"wp","href":"https:\/\/api.w.org\/{rel}","templated":true}]}}