{"id":2201,"date":"2023-02-27T18:15:50","date_gmt":"2023-02-27T21:15:50","guid":{"rendered":"https:\/\/brasirio.com.br\/?post_type=product&#038;p=2201"},"modified":"2023-02-27T20:04:59","modified_gmt":"2023-02-27T23:04:59","slug":"radspeed-pro-mc","status":"publish","type":"product","link":"https:\/\/brasirio.com.br\/index.php\/product\/radspeed-pro-mc\/","title":{"rendered":"RADspeed Pro MC"},"content":{"rendered":"<p><img decoding=\"async\" src=\"https:\/\/www.shimadzu.com.br\/medica\/produtos\/radio\/images\/radspeed_mc\/radspeed_pro_mc.jpg\" alt=\"RADspeed MF\" \/><\/p>\n<div class=\"v1mainArea\">\n<div class=\"v1cf\">\n<div class=\"v1ParagraphSet v1textArea\">\n<div align=\"justify\">\n<p>Um aparelho com estativa porta tubo de teto com amplo alcance de movimento permite flexibilidade nas t\u00e9cnicas, acesso f\u00e1cil ao paciente e imagens excelentes. Este flexibilidade melhorada \u00e9 ideal para centros de imagem, que demandam alta produtividade e fluxo de trabalho r\u00e1pido.<\/p>\n<\/div>\n<\/div>\n<\/div>\n<\/div>\n<div class=\"v1descriptionsArea\">\n<div class=\"v1ParagraphSet\">\n<div class=\"v1ImgSet v1nofloat\">\n<div class=\"v1cf\">\n<div class=\"v1imgsetC\"><img fetchpriority=\"high\" decoding=\"async\" src=\"https:\/\/www.shimadzu.com.br\/medica\/produtos\/radio\/images\/radspeed_mc\/radspeed_mc_dr_neutral.png\" alt=\"DR Neutral\" width=\"482\" height=\"178\" \/><\/div>\n<\/div>\n<\/div>\n<\/div>\n<div class=\"v1ImgSet v1wrap\">\n<div class=\"v1imgsetR\"><img decoding=\"async\" src=\"https:\/\/www.shimadzu.com.br\/medica\/produtos\/radio\/images\/radspeed_mc\/alta_resolucao.png\" alt=\"Alta resolu\u00e7\u00e3o\" \/><\/div>\n<div class=\"v1ParagraphSet\">\n<h4 class=\"v1titStyle03\">Radiografia Digital (DR) de Alta Resolu\u00e7\u00e3o<\/h4>\n<div class=\"v1textSet v1txt v1txtL\">\n<div align=\"justify\">\n<p>O RADspeed Pro MF pode adquirir imagens radiogr\u00e1ficas digitais com o uso de Detector de Painel Plano (FPD). Os FPDs possuem prote\u00e7\u00e3o contra \u00e1gua e poeira de at\u00e9 IP67 e capacidade de carga de at\u00e9 400kg distribu\u00eddos sobre a superf\u00edcie dele. O Sistema digital possui uma interface amig\u00e1vel e diversas ferramentas que auxiliam no diagn\u00f3sticos.<\/p>\n<\/div>\n<\/div>\n<\/div>\n<\/div>\n<div class=\"v1ParagraphSet\">\n<h4 class=\"v1titStyle03\">Gerador de Alta Frequ\u00eancia<\/h4>\n<div class=\"v1textSet v1txt v1txtL\">\n<div align=\"justify\">\n<p>O RADspeed Pro MC vem equipado com um gerador de alto n\u00edvel com a tecnologia de inversores de alta frequ\u00eancia. O gerador de alta frequ\u00eancia de 50kHz produz radiografias de alta defini\u00e7\u00e3o e contraste, gra\u00e7as ao raio X de alta qualidade com uma varia\u00e7\u00e3o muito pequena do kV e o controle de tempo preciso. Estas caracter\u00edsticas, inerentes do gerador de alta frequ\u00eancia, reduz a dose de radia\u00e7\u00e3o no paciente, eliminado os raios X de baixa energia, fazendo dele superior e mais seguro que outras tecnologias.<\/p>\n<p>A fun\u00e7\u00e3o amig\u00e1vel de radiografia multidirecional sequencial permite ao operador registrar e ent\u00e3o usar at\u00e9 7 par\u00e2metros de sequencias pr\u00e9-ajustados na mem\u00f3ria. O sistema inteligente automaticamente muda para o par\u00e2metro radiogr\u00e1fico seguinte a cada final de exposi\u00e7\u00e3o. Esta \u00e9 uma outra inova\u00e7\u00e3o da Shimadzu para melhor a produtividade e facilidade de uso.<\/p>\n<\/div>\n<\/div>\n<\/div>\n<div class=\"v1ParagraphSet\">\n<h4 class=\"v1titStyle03\">Deslocamento Vertical Longo e Operabilidade Suave<\/h4>\n<div class=\"v1textSet v1txt v1txtL\">\n<div align=\"justify\">\n<p>O deslocamento vertical longo, proporciona dist\u00e2ncia foco-filme (DFF) suficiente para radiografias em posi\u00e7\u00e3o supino assim como para radiografias de membros inferiores em posi\u00e7\u00e3o ortost\u00e1tica.<\/p>\n<\/div>\n<\/div>\n<div class=\"v1ImgSet v1nofloat\">\n<div class=\"v1cf\">\n<div class=\"v1imgsetC\"><img decoding=\"async\" src=\"https:\/\/www.shimadzu.com.br\/medica\/produtos\/radio\/images\/radspeed_mc\/deslocamento_vertical.png\" alt=\"Deslocamento vertical\" width=\"291\" height=\"152\" \/><\/div>\n<\/div>\n<\/div>\n<\/div>\n<div class=\"v1ParagraphSet\">\n<h4 class=\"v1titStyle03\">Mesa de Exames com Ajuste de Altura e Tampo Flutuante<\/h4>\n<div class=\"v1textSet v1txt v1txtL\">\n<div align=\"justify\">\n<p>A nova mesa de exames, modelo BK-120MK, pode levantar facilmente at\u00e9 200kg. O posicionamento do paciente \u00e9 feito facilmente com o tampo flutuante com movimento extremamente suave. A altura ajust\u00e1vel facilita o acesso de idosos e crian\u00e7as a mesa. O BK-120MK inclui uma gaveta para cassete com filme, CR ou FPD. O RADspeed Pro MC pode ser configurado com uma mesa de exames com altura fixa, tamb\u00e9m.<\/p>\n<\/div>\n<\/div>\n<div class=\"v1ImgSet v1nofloat\">\n<div class=\"v1cf\">\n<div class=\"v1imgsetC\"><img decoding=\"async\" src=\"https:\/\/www.shimadzu.com.br\/medica\/produtos\/radio\/images\/radspeed_mc\/mesa_exames.png\" alt=\"Mesa de exames\" width=\"291\" height=\"152\" \/><\/div>\n<\/div>\n<\/div>\n<\/div>\n<div class=\"v1ParagraphSet\">\n<div class=\"v1ImgSet v1nofloat\">\n<div class=\"v1cf\">\n<div><img loading=\"lazy\" decoding=\"async\" src=\"https:\/\/www.shimadzu.com.br\/medica\/produtos\/radio\/images\/radspeed_mc\/speed_chest_logo.png\" width=\"216\" height=\"24\" \/>\u00a0<img loading=\"lazy\" decoding=\"async\" src=\"https:\/\/www.shimadzu.com.br\/medica\/produtos\/radio\/images\/radspeed_mc\/opcional.png\" width=\"94\" height=\"33\" \/><\/div>\n<\/div>\n<\/div>\n<h4 class=\"v1titStyle03\">Movimento sincronizado da Estativa Porta Tubo e do Bucky<\/h4>\n<div class=\"v1textSet v1txt v1txtL\">\n<div align=\"justify\">\n<p>O ponto focal do tubo de raios X se move para cima e para baixo em sincronia com a altura do Bucky Mural e da mesa de exames. Isso permite ao operador dar aten\u00e7\u00e3o ao paciente enquanto o equipamento se posiciona. Na mesa de exames, a estativa se move automaticamente para uma DFF previamente determinada, permitido um posicionamento r\u00e1pido e preciso.<\/p>\n<\/div>\n<\/div>\n<div class=\"v1ImgSet v1nofloat\">\n<div class=\"v1cf\">\n<div class=\"v1imgsetC\"><img loading=\"lazy\" decoding=\"async\" src=\"https:\/\/www.shimadzu.com.br\/medica\/produtos\/radio\/images\/radspeed_mc\/speed_chest.png\" width=\"434\" height=\"151\" \/><\/div>\n<\/div>\n<\/div>\n<\/div>\n<\/div>\n<div class=\"v1ParagraphSet\">\n<h4 class=\"v1titStyle03\">Gerenciamento dos Cabos<\/h4>\n<div class=\"v1textSet v1txt v1txtL\">\n<div align=\"justify\">\n<p>A Shimadzu fornece opcionalmente um sistema de gerenciamento de cabos, que fica ao longo dos trilhos para melhorar o posicionamento e a organiza\u00e7\u00e3o dos cabos da estativa.<\/p>\n<\/div>\n<\/div>\n<div class=\"v1ImgSet v1nofloat\">\n<div class=\"v1cf\">\n<div class=\"v1imgsetC\"><img loading=\"lazy\" decoding=\"async\" src=\"https:\/\/www.shimadzu.com.br\/medica\/produtos\/radio\/images\/radspeed_mc\/gerenciamento_cabos.png\" alt=\"Gerenciamento de cabos\" width=\"312\" height=\"170\" \/><\/div>\n<\/div>\n<\/div>\n<\/div>\n<div class=\"v1ParagraphSet\">\n<h4 class=\"v1titStyle03\">Gaveta com Rota\u00e7\u00e3o para FPD\u00a0<img loading=\"lazy\" decoding=\"async\" src=\"https:\/\/www.shimadzu.com.br\/medica\/produtos\/radio\/images\/radspeed_mc\/opcional.png\" width=\"94\" height=\"33\" \/><\/h4>\n<div class=\"v1textSet v1txt v1txtL\">\n<div align=\"justify\">\n<p>Este opcional permite que a gaveta, do Bucky Mural ou da mesa, gire 90 graus para mudar a orienta\u00e7\u00e3o do FPD de 35x43cm da posi\u00e7\u00e3o de retrato para paisagem e vice-versa.<\/p>\n<\/div>\n<\/div>\n<div class=\"v1ImgSet v1nofloat\">\n<div class=\"v1cf\">\n<div class=\"v1imgsetC\"><img loading=\"lazy\" decoding=\"async\" src=\"https:\/\/www.shimadzu.com.br\/medica\/produtos\/radio\/images\/radspeed_mc\/gaveta_rotacao.png\" alt=\"Gaveta com Rota\u00e7\u00e3o para FPD\" width=\"490\" height=\"161\" \/><\/div>\n<\/div>\n<\/div>\n<\/div>\n","protected":false},"excerpt":{"rendered":"<p>Um aparelho com estativa porta tubo de teto com amplo alcance de movimento permite flexibilidade nas t\u00e9cnicas, acesso f\u00e1cil ao paciente e imagens excelentes. Este flexibilidade melhorada \u00e9 ideal para centros de imagem, que demandam alta produtividade e fluxo de trabalho r\u00e1pido.<\/p>\n","protected":false},"featured_media":2225,"template":"","meta":{"site-sidebar-layout":"default","site-content-layout":"default","ast-global-header-display":"","ast-main-header-display":"","ast-hfb-above-header-display":"","ast-hfb-below-header-display":"","ast-hfb-mobile-header-display":"","site-post-title":"","ast-breadcrumbs-content":"","ast-featured-img":"","footer-sml-layout":"","theme-transparent-header-meta":"default","adv-header-id-meta":"","stick-header-meta":"","header-above-stick-meta":"","header-main-stick-meta":"","header-below-stick-meta":""},"product_cat":[26],"product_tag":[],"_links":{"self":[{"href":"https:\/\/brasirio.com.br\/index.php\/wp-json\/wp\/v2\/product\/2201"}],"collection":[{"href":"https:\/\/brasirio.com.br\/index.php\/wp-json\/wp\/v2\/product"}],"about":[{"href":"https:\/\/brasirio.com.br\/index.php\/wp-json\/wp\/v2\/types\/product"}],"wp:featuredmedia":[{"embeddable":true,"href":"https:\/\/brasirio.com.br\/index.php\/wp-json\/wp\/v2\/media\/2225"}],"wp:attachment":[{"href":"https:\/\/brasirio.com.br\/index.php\/wp-json\/wp\/v2\/media?parent=2201"}],"wp:term":[{"taxonomy":"product_cat","embeddable":true,"href":"https:\/\/brasirio.com.br\/index.php\/wp-json\/wp\/v2\/product_cat?post=2201"},{"taxonomy":"product_tag","embeddable":true,"href":"https:\/\/brasirio.com.br\/index.php\/wp-json\/wp\/v2\/product_tag?post=2201"}],"curies":[{"name":"wp","href":"https:\/\/api.w.org\/{rel}","templated":true}]}}