{"id":2205,"date":"2023-02-27T18:20:21","date_gmt":"2023-02-27T21:20:21","guid":{"rendered":"https:\/\/brasirio.com.br\/?post_type=product&#038;p=2205"},"modified":"2023-02-27T20:01:40","modified_gmt":"2023-02-27T23:01:40","slug":"mobiledart-evolucion-mx8c-raios-x-movel","status":"publish","type":"product","link":"https:\/\/brasirio.com.br\/index.php\/product\/mobiledart-evolucion-mx8c-raios-x-movel\/","title":{"rendered":"MobileDaRt Evolucion MX8C &#8211; Raios &#8211; X M\u00f3vel"},"content":{"rendered":"<p><img decoding=\"async\" src=\"https:\/\/www.shimadzu.com.br\/medica\/produtos\/mobile\/images\/mobiledart_evolution_mx8\/mobiledart_evolution_mx81.jpg\" alt=\"MobileDaRt Evolution MX8C\" \/><\/p>\n<div class=\"v1ParagraphSet\">\n<h4 class=\"v1titStyle03\">Muito mais que um Aparelho de Raios X m\u00f3vel, uma nova experi\u00eancia<\/h4>\n<div class=\"v1textSet v1txt v1txtL\">\n<div align=\"justify\">\n<p>O\u00a0<strong>MobileDaRt Evolution MX8<\/strong>\u00a0traz uma nova experi\u00eancia para realiza\u00e7\u00e3o de radiografias em leito e rotinas.<br \/>\nO seu design inovador e moderno, com a coluna porta-tubo retr\u00e1til, garante maior agilidade e seguran\u00e7a durante o deslocamento nos corredores do hospital e facilidade no posicionamento entre os leitos.<\/p>\n<\/div>\n<\/div>\n<div class=\"v1ImgSet v1nofloat\">\n<div class=\"v1cf\">\n<div class=\"v1imgsetC\"><img decoding=\"async\" src=\"https:\/\/www.shimadzu.com.br\/medica\/produtos\/mobile\/images\/mobiledart_evolution_mx8\/mobiledart_evolution_mx82.jpg\" \/><\/div>\n<\/div>\n<\/div>\n<\/div>\n<div class=\"v1ParagraphSet\">\n<div class=\"v1childrenSet\">\n<h5 class=\"v1titStyle04\">Monitor integrado com backlight de LED<\/h5>\n<div class=\"v1ImgSet\">\n<div class=\"v1cf\">\n<div class=\"v1imgsetR\"><img decoding=\"async\" src=\"https:\/\/www.shimadzu.com.br\/medica\/produtos\/mobile\/images\/mobiledart_evolution_mx8\/mobiledart_evolution_mx83.jpg\" \/><\/div>\n<div class=\"v1txt\">\n<div align=\"justify\">\n<p>Monitor de alta resolu\u00e7\u00e3o, alto brilho e com um grande \u00e2ngulo da vis\u00e3o garante a visualiza\u00e7\u00e3o das imagens por v\u00e1rios \u00e2ngulos.<br \/>\nA tela sens\u00edvel ao toque (touch screen) traz maior agilidade na sele\u00e7\u00e3o dos Programas Anat\u00f4micos por Regi\u00e3o (APR) e na manipula\u00e7\u00e3o das radiografias adquiridas.<\/p>\n<\/div>\n<\/div>\n<\/div>\n<\/div>\n<\/div>\n<div class=\"v1childrenSet\">\n<h5 class=\"v1titStyle04\">Configura\u00e7\u00e3o que se ajusta as suas necessidades<\/h5>\n<div class=\"v1textSet v1txt v1txtL\">\n<div align=\"justify\">\n<p>O MobileDaRt Evolution MX8 pode trabalhar com diferentes tamanhos e quantidades de Detectores de Painel Plano (FPD). A configura\u00e7\u00e3o pode ser feita com um FPD de 35x43cm ou incluir um FPD adicional para pacientes pedi\u00e1tricos.<br \/>\nExistem modelos com capacidade de carga de 310kg e at\u00e9 a prova d\u00b4\u00e1gua (IPX7).<\/p>\n<\/div>\n<div class=\"v1ImgSet v1nofloat\">\n<div class=\"v1cf\">\n<div class=\"v1imgsetC\"><img decoding=\"async\" src=\"https:\/\/www.shimadzu.com.br\/medica\/produtos\/mobile\/images\/mobiledart_evolution_mx8\/mobiledart_evolution_mx84.jpg\" \/><\/div>\n<\/div>\n<\/div>\n<\/div>\n<\/div>\n<div class=\"v1childrenSet\">\n<h5 class=\"v1titStyle04\">Visualiza\u00e7\u00e3o da imagem em 2 segundos<\/h5>\n<div class=\"v1ImgSet\">\n<div class=\"v1cf\">\n<div class=\"v1imgsetR\"><img decoding=\"async\" src=\"https:\/\/www.shimadzu.com.br\/medica\/produtos\/mobile\/images\/mobiledart_evolution_mx8\/mobiledart_evolution_mx85.jpg\" \/><\/div>\n<div class=\"v1txt\">\n<div align=\"justify\">\n<p>Em emerg\u00eancias \u00e9 crucial uma r\u00e1pida tomada de decis\u00e3o.<br \/>\nO MobileDaRt Evolution MX8 possibilita e visualiza\u00e7\u00e3o das imagens em aproximadamente 2 segundos ap\u00f3s a exposi\u00e7\u00e3o, o que auxilia no r\u00e1pido atendimento dos pacientes, assim como, no fluxo de trabalho de grandes hospitais com v\u00e1rios pacientes.<\/p>\n<\/div>\n<\/div>\n<\/div>\n<\/div>\n<div class=\"v1childrenSet\">\n<h5 class=\"v1titStyle04\">Inicializa\u00e7\u00e3o do sistema em 1 minuto<\/h5>\n<div class=\"v1ImgSet\">\n<div class=\"v1cf\">\n<div class=\"v1imgsetR\"><img decoding=\"async\" src=\"https:\/\/www.shimadzu.com.br\/medica\/produtos\/mobile\/images\/mobiledart_evolution_mx8\/mobiledart_evolution_mx86.jpg\" \/><\/div>\n<div class=\"v1txt\">\n<div align=\"justify\">\n<p>O MobileDaRt Evolution MX8 realiza\u00e7\u00e3o a inicializa\u00e7\u00e3o do sistema em apenas 1 minuto, dando maior agilidade nos exames em leitos.<\/p>\n<\/div>\n<\/div>\n<\/div>\n<\/div>\n<\/div>\n<div class=\"v1childrenSet\">\n<h5 class=\"v1titStyle04\">Inch-Mover<\/h5>\n<div class=\"v1ImgSet\">\n<div class=\"v1cf\">\n<div class=\"v1imgsetR\"><img decoding=\"async\" src=\"https:\/\/www.shimadzu.com.br\/medica\/produtos\/mobile\/images\/mobiledart_evolution_mx8\/mobiledart_evolution_mx87.jpg\" \/><\/div>\n<div class=\"v1txt\">\n<div align=\"justify\">\n<p>O MobileDaRt Evolution MX8 possui uma exclusiva tecnologia que permite mover o aparelho para frente e para tr\u00e1s atrav\u00e9s de bot\u00f5es no colimador. Esta fun\u00e7\u00e3o auxilia no reposicionamento do aparelho sobre a \u00e1rea a ser radiografada sem a necessidade de o usu\u00e1rio retornar at\u00e9 unidade principal.<\/p>\n<\/div>\n<\/div>\n<\/div>\n<\/div>\n<\/div>\n<div class=\"v1childrenSet\">\n<h5 class=\"v1titStyle04\">Projetado para minimizar a exposi\u00e7\u00e3o aos raios X<\/h5>\n<div class=\"v1textSet v1txt v1txtL\">\n<div align=\"justify\">\n<p>O valor estimado do Produto \u00c1rea Dose (DAP) \u00e9 exibido antes da exposi\u00e7\u00e3o, e o valor calculado ap\u00f3s a exposi\u00e7\u00e3o \u00e9 exibido e armazenado para o gerenciamento de dose.<br \/>\nOpcionalmente \u00e9 poss\u00edvel utilizar um medidor de dose (DAP) com c\u00e2mara de ioniza\u00e7\u00e3o para obter a dose de radia\u00e7\u00e3o medida.<\/p>\n<\/div>\n<\/div>\n<\/div>\n<div class=\"v1childrenSet\">\n<h5 class=\"v1titStyle04\">Seguran\u00e7a nos deslocamentos<\/h5>\n<div class=\"v1ImgSet\">\n<div class=\"v1cf\">\n<div class=\"v1imgsetR\"><img decoding=\"async\" src=\"https:\/\/www.shimadzu.com.br\/medica\/produtos\/mobile\/images\/mobiledart_evolution_mx8\/mobiledart_evolution_mx88.jpg\" \/><\/div>\n<div class=\"v1txt\">\n<div align=\"justify\">\n<p>O MobileDaRt Evolution MX8 vem equipado com um sensor frontal que para imediatamente o aparelho quando ele \u00e9 acionado.<\/p>\n<\/div>\n<\/div>\n<\/div>\n<\/div>\n<\/div>\n<div class=\"v1childrenSet\">\n<h5 class=\"v1titStyle04\">Mais cor e alegria<\/h5>\n<div class=\"v1ImgSet\">\n<div class=\"v1cf\">\n<div class=\"v1imgsetR\"><img decoding=\"async\" src=\"https:\/\/www.shimadzu.com.br\/medica\/produtos\/mobile\/images\/mobiledart_evolution_mx8\/mobiledart_evolution_mx89.jpg\" \/><\/div>\n<div class=\"v1txt\">\n<div align=\"justify\">\n<p>O MobileDaRt Evolution MX8 pode ser decorado com adesivos multicoloridos de animais para torna-lo mais amig\u00e1vel as crian\u00e7as e trazer um pouco mais de alegria a elas.\u00a0<strong>(Opcional)<\/strong><\/p>\n<\/div>\n<\/div>\n<\/div>\n<\/div>\n<\/div>\n<\/div>\n<\/div>\n","protected":false},"excerpt":{"rendered":"<p>Muito mais que um Aparelho de Raios X m\u00f3vel, uma nova experi\u00eancia O\u00a0MobileDaRt Evolution MX8\u00a0traz uma nova experi\u00eancia para realiza\u00e7\u00e3o de radiografias em leito e rotinas. O seu design inovador e moderno, com a coluna porta-tubo retr\u00e1til, garante maior agilidade e seguran\u00e7a durante o deslocamento nos corredores do hospital e facilidade no posicionamento entre os &hellip;<\/p>\n<p class=\"read-more\"> <a class=\"\" href=\"https:\/\/brasirio.com.br\/index.php\/product\/mobiledart-evolucion-mx8c-raios-x-movel\/\"> <span class=\"screen-reader-text\">MobileDaRt Evolucion MX8C &#8211; Raios &#8211; X M\u00f3vel<\/span> Leia mais &raquo;<\/a><\/p>\n","protected":false},"featured_media":2223,"template":"","meta":{"site-sidebar-layout":"default","site-content-layout":"default","ast-global-header-display":"","ast-main-header-display":"","ast-hfb-above-header-display":"","ast-hfb-below-header-display":"","ast-hfb-mobile-header-display":"","site-post-title":"","ast-breadcrumbs-content":"","ast-featured-img":"","footer-sml-layout":"","theme-transparent-header-meta":"default","adv-header-id-meta":"","stick-header-meta":"","header-above-stick-meta":"","header-main-stick-meta":"","header-below-stick-meta":""},"product_cat":[26],"product_tag":[],"_links":{"self":[{"href":"https:\/\/brasirio.com.br\/index.php\/wp-json\/wp\/v2\/product\/2205"}],"collection":[{"href":"https:\/\/brasirio.com.br\/index.php\/wp-json\/wp\/v2\/product"}],"about":[{"href":"https:\/\/brasirio.com.br\/index.php\/wp-json\/wp\/v2\/types\/product"}],"wp:featuredmedia":[{"embeddable":true,"href":"https:\/\/brasirio.com.br\/index.php\/wp-json\/wp\/v2\/media\/2223"}],"wp:attachment":[{"href":"https:\/\/brasirio.com.br\/index.php\/wp-json\/wp\/v2\/media?parent=2205"}],"wp:term":[{"taxonomy":"product_cat","embeddable":true,"href":"https:\/\/brasirio.com.br\/index.php\/wp-json\/wp\/v2\/product_cat?post=2205"},{"taxonomy":"product_tag","embeddable":true,"href":"https:\/\/brasirio.com.br\/index.php\/wp-json\/wp\/v2\/product_tag?post=2205"}],"curies":[{"name":"wp","href":"https:\/\/api.w.org\/{rel}","templated":true}]}}