{"id":2206,"date":"2023-02-27T18:21:14","date_gmt":"2023-02-27T21:21:14","guid":{"rendered":"https:\/\/brasirio.com.br\/?post_type=product&#038;p=2206"},"modified":"2023-02-27T19:57:45","modified_gmt":"2023-02-27T22:57:45","slug":"mobileart-evolution-mx8","status":"publish","type":"product","link":"https:\/\/brasirio.com.br\/index.php\/product\/mobileart-evolution-mx8\/","title":{"rendered":"MobileArt Evolution MX8"},"content":{"rendered":"<p><img decoding=\"async\" src=\"https:\/\/www.shimadzu.com.br\/medica\/produtos\/mobile\/images\/mobileart_evolution_mx8\/mobileart_evolution_mx8_1.png\" alt=\"MobileArt Evolution MX8\" \/><\/p>\n<div class=\"v1mainArea\">\n<div class=\"v1cf\">\n<div class=\"v1ParagraphSet v1textArea\">\n<div align=\"justify\">\n<p>A coluna retr\u00e1til e o deslocamento com assist\u00eancia motorizada, do MobileArt Evolution MX8, garantem facilidade de manobrar com confian\u00e7a e mais poder de condu\u00e7\u00e3o.<\/p>\n<\/div>\n<\/div>\n<div class=\"v1ParagraphSet v1textArea\">\n<div align=\"justify\">\n<h2>Maior visibilidade a frente e Dire\u00e7\u00e3o Intuitiva com Seguran\u00e7a<\/h2>\n<\/div>\n<\/div>\n<\/div>\n<\/div>\n<div class=\"v1featuresArea\">\n<div class=\"v1ParagraphSet\">\n<h4 class=\"v1titStyle03\">Coluna retr\u00e1til<\/h4>\n<div class=\"v1childrenSet\">\n<div class=\"v1textSet v1txt v1txtL\">\n<div align=\"justify\">\n<p>A coluna retr\u00e1til foi desenvolvida para melhorar e visibilidade a frente durante o deslocamento, fazendo dele o melhor para as rotinas de exames. Esta \u00e9 uma caracter\u00edstica premium para um Aparelho de Raios X M\u00f3vel Motorizado.<\/p>\n<\/div>\n<\/div>\n<div>\n<div><img decoding=\"async\" src=\"https:\/\/www.shimadzu.com.br\/medica\/produtos\/mobile\/images\/mobileart_evolution_mx8\/mobileart_evolution_mx8_2_d.png\" \/><\/div>\n<div><img decoding=\"async\" src=\"https:\/\/www.shimadzu.com.br\/medica\/produtos\/mobile\/images\/mobileart_evolution_mx8\/mobileart_evolution_mx8_3_d.png\" \/><\/div>\n<\/div>\n<\/div>\n<\/div>\n<div class=\"v1ParagraphSet\">\n<h4 class=\"v1titStyle03\">Tecnologia GLIDE VIEW<\/h4>\n<div class=\"v1childrenSet\">\n<div>\n<p>O sistema motorizado otimizado entrega um dirigibilidade natural e leve no deslocamento a frente, parada r\u00e1pida ou mudan\u00e7a de dire\u00e7\u00e3o.<\/p>\n<p><img decoding=\"async\" src=\"https:\/\/www.shimadzu.com.br\/medica\/produtos\/mobile\/images\/mobileart_evolution_mx8\/mobileart_evolution_mx8_4.jpg\" \/><\/p>\n<\/div>\n<\/div>\n<\/div>\n<div class=\"v1ParagraphSet\">\n<h4 class=\"v1titStyle03\">Compacto e Seguro<\/h4>\n<div class=\"v1childrenSet\">\n<div class=\"v1textSet v1txt v1txtL\">\n<div align=\"justify\">\n<p>O design compacto de apenas 56 cm de largura, faz do MobileArt Evolution MX8, muito f\u00e1cil de manobrar em espa\u00e7os reduzidos. Al\u00e9m disso, as capas da unidade principal foram refor\u00e7adas para prevenir danos causados por pequenas colis\u00f5es. O para-choque com sensor de toque para automaticamente a unidade mesmo quando um pequeno toque \u00e9 detectado.<\/p>\n<\/div>\n<\/div>\n<div>\n<p><img decoding=\"async\" src=\"https:\/\/www.shimadzu.com.br\/medica\/produtos\/mobile\/images\/mobileart_evolution_mx8\/mobileart_evolution_mx8_5.jpg\" \/><\/p>\n<div>\n<p><img decoding=\"async\" src=\"https:\/\/www.shimadzu.com.br\/medica\/produtos\/mobile\/images\/mobileart_evolution_mx8\/mobileart_evolution_mx8_6.jpg\" \/>Para-choque com sensor de toque<\/p>\n<\/div>\n<\/div>\n<\/div>\n<\/div>\n<div class=\"v1ParagraphSet v1textArea\">\n<div align=\"justify\">\n<h2>Posicionamento F\u00e1cil com Amplo Alcance<\/h2>\n<\/div>\n<\/div>\n<div class=\"v1ParagraphSet\">\n<h4 class=\"v1titStyle03\">Ampla cobertura para exposi\u00e7\u00e3o<\/h4>\n<div class=\"v1childrenSet\">\n<div class=\"v1textSet v1txt v1txtL\">\n<p>O MobileArt Evolution MX8 \u00e9 especialmente \u00fatil em radiografias em leitos de UTI, aonde existem diversos equipamentos de suporte a vida do paciente e espa\u00e7os reduzidos. O grande alcance do bra\u00e7o telesc\u00f3pico e a rota\u00e7\u00e3o da coluna permitem um posicionamento r\u00e1pido e seguro.<\/p>\n<div><img decoding=\"async\" src=\"https:\/\/www.shimadzu.com.br\/medica\/produtos\/mobile\/images\/mobileart_evolution_mx8\/mobileart_evolution_mx8_7.png\" \/><\/div>\n<\/div>\n<\/div>\n<h4 class=\"v1titStyle03\">Posicionamento F\u00e1cil de Qualquer Lugar<\/h4>\n<div class=\"v1childrenSet\">\n<div class=\"v1textSet v1txt v1txtL\">\n<p>O sistema foi projetado para permitir que o usu\u00e1rio possa fazer o posicionamento de qualquer ponto ao redor do aparelho. Os bot\u00f5es \u201cAll Free\u201d liberam os movimentos da coluna e do bra\u00e7o telesc\u00f3pico ao mesmo tempo, para opera\u00e7\u00e3o com um toque.<\/p>\n<div><img decoding=\"async\" src=\"https:\/\/www.shimadzu.com.br\/medica\/produtos\/mobile\/images\/mobileart_evolution_mx8\/mobileart_evolution_mx8_8.png\" \/><\/div>\n<\/div>\n<\/div>\n<\/div>\n<div class=\"v1ParagraphSet v1textArea\">\n<div align=\"justify\">\n<h2>Ampliando as Possibilidades<\/h2>\n<\/div>\n<\/div>\n<div class=\"v1ParagraphSet\">\n<h4 class=\"v1titStyle03\">Upgrade para sistema de radiografia digital (DR) &#8211; opcional<\/h4>\n<div class=\"v1childrenSet\">\n<div class=\"v1textSet v1txt v1txtL\">\n<p>O MobileArt Evolution MX8 permite acoplar um sistema de aquisi\u00e7\u00e3o de radiografia digital (DR). Possui um local espec\u00edfico para fixa\u00e7\u00e3o de um Notebook de at\u00e9 15\u201d, dando maior seguran\u00e7a nos transporte e maior facilidade de uso.<\/p>\n<div><img decoding=\"async\" src=\"https:\/\/www.shimadzu.com.br\/medica\/produtos\/mobile\/images\/mobileart_evolution_mx8\/mobileart_evolution_mx8_9.jpg\" \/><\/div>\n<\/div>\n<\/div>\n<\/div>\n<div class=\"v1ParagraphSet\">\n<h4 class=\"v1titStyle03\">Gaveta selecion\u00e1vel<\/h4>\n<div class=\"v1childrenSet\">\n<div class=\"v1textSet v1txt v1txtL\">\n<p>O MobileArt Evolution possui duas op\u00e7\u00f5es de gaveta de armazenamento selecion\u00e1veis. Um para armazenamento de cassetes (CR ou filmes) e outro para Detector de Painel Plano (FPD).<\/p>\n<div>\n<div>\n<p><img decoding=\"async\" src=\"https:\/\/www.shimadzu.com.br\/medica\/produtos\/mobile\/images\/mobileart_evolution_mx8\/mobileart_evolution_mx8_10.jpg\" \/>Gaveta para FPD<\/p>\n<\/div>\n<div>\n<p><img decoding=\"async\" src=\"https:\/\/www.shimadzu.com.br\/medica\/produtos\/mobile\/images\/mobileart_evolution_mx8\/mobileart_evolution_mx8_11.jpg\" \/>Gaveta para cassete<\/p>\n<\/div>\n<\/div>\n<\/div>\n<\/div>\n<\/div>\n<div class=\"v1ParagraphSet\">\n<h4 class=\"v1titStyle03\">Desenhado para facilitar o uso<\/h4>\n<div class=\"v1childrenSet\">\n<div class=\"v1textSet v1txt v1txtL\">\n<p>O diversos compartimentos e porta objetos permitem o armazemento correto de canetas, frascos com len\u00e7os, marcadores etc. As ranhuras na parte superior do painel permite segurar o FPD para colocar um saco de prote\u00e7\u00e3o sobre ele.<\/p>\n<div><img decoding=\"async\" src=\"https:\/\/www.shimadzu.com.br\/medica\/produtos\/mobile\/images\/mobileart_evolution_mx8\/mobileart_evolution_mx8_12.jpg\" \/><img decoding=\"async\" src=\"https:\/\/www.shimadzu.com.br\/medica\/produtos\/mobile\/images\/mobileart_evolution_mx8\/mobileart_evolution_mx8_13.jpg\" \/><\/div>\n<\/div>\n<\/div>\n<\/div>\n<\/div>\n","protected":false},"excerpt":{"rendered":"<div class=\"v1mainArea\">\n<div class=\"v1cf\">\n<div class=\"v1ParagraphSet v1textArea\">\n<div align=\"justify\">\n<p>A coluna retr\u00e1til e o deslocamento com assist\u00eancia motorizada, do MobileArt Evolution MX8, garantem facilidade de manobrar com confian\u00e7a e mais poder de condu\u00e7\u00e3o.<\/p>\n<\/div>\n<\/div>\n<div class=\"v1ParagraphSet v1textArea\">\n<div align=\"justify\">\n<h2>Maior visibilidade a frente e Dire\u00e7\u00e3o Intuitiva com Seguran\u00e7a<\/h2>\n<\/div>\n<\/div>\n<\/div>\n<\/div>\n<div class=\"v1featuresArea\">\n<div class=\"v1ParagraphSet\">\n<h4 class=\"v1titStyle03\">Coluna retr\u00e1til<\/h4>\n<div class=\"v1childrenSet\">\n<div class=\"v1textSet v1txt v1txtL\">\n<div align=\"justify\">\n<p>A coluna retr\u00e1til foi desenvolvida para melhorar e visibilidade a frente durante o deslocamento, fazendo dele o melhor para as rotinas de exames. Esta \u00e9 uma caracter\u00edstica premium para um Aparelho de Raios X M\u00f3vel Motorizado.<\/p>\n<\/div>\n<\/div>\n<\/div>\n<\/div>\n<\/div>\n","protected":false},"featured_media":2219,"template":"","meta":{"site-sidebar-layout":"default","site-content-layout":"default","ast-global-header-display":"","ast-main-header-display":"","ast-hfb-above-header-display":"","ast-hfb-below-header-display":"","ast-hfb-mobile-header-display":"","site-post-title":"","ast-breadcrumbs-content":"","ast-featured-img":"","footer-sml-layout":"","theme-transparent-header-meta":"default","adv-header-id-meta":"","stick-header-meta":"","header-above-stick-meta":"","header-main-stick-meta":"","header-below-stick-meta":""},"product_cat":[26],"product_tag":[],"_links":{"self":[{"href":"https:\/\/brasirio.com.br\/index.php\/wp-json\/wp\/v2\/product\/2206"}],"collection":[{"href":"https:\/\/brasirio.com.br\/index.php\/wp-json\/wp\/v2\/product"}],"about":[{"href":"https:\/\/brasirio.com.br\/index.php\/wp-json\/wp\/v2\/types\/product"}],"wp:featuredmedia":[{"embeddable":true,"href":"https:\/\/brasirio.com.br\/index.php\/wp-json\/wp\/v2\/media\/2219"}],"wp:attachment":[{"href":"https:\/\/brasirio.com.br\/index.php\/wp-json\/wp\/v2\/media?parent=2206"}],"wp:term":[{"taxonomy":"product_cat","embeddable":true,"href":"https:\/\/brasirio.com.br\/index.php\/wp-json\/wp\/v2\/product_cat?post=2206"},{"taxonomy":"product_tag","embeddable":true,"href":"https:\/\/brasirio.com.br\/index.php\/wp-json\/wp\/v2\/product_tag?post=2206"}],"curies":[{"name":"wp","href":"https:\/\/api.w.org\/{rel}","templated":true}]}}