{"id":2207,"date":"2023-02-27T18:22:18","date_gmt":"2023-02-27T21:22:18","guid":{"rendered":"https:\/\/brasirio.com.br\/?post_type=product&#038;p=2207"},"modified":"2023-02-27T19:56:33","modified_gmt":"2023-02-27T22:56:33","slug":"mobileart-evolution-mx7-version","status":"publish","type":"product","link":"https:\/\/brasirio.com.br\/index.php\/product\/mobileart-evolution-mx7-version\/","title":{"rendered":"MobileArt Evolution MX7 Version"},"content":{"rendered":"<p><img decoding=\"async\" src=\"https:\/\/www.shimadzu.com.br\/medica\/produtos\/mobile\/images\/mobileart_evolution\/mobile_art_evolution.jpg\" alt=\"MobileArt Evolution\" \/><\/p>\n<div class=\"v1mainArea\">\n<div class=\"v1cf\">\n<div class=\"v1ParagraphSet v1textArea\">\n<div align=\"justify\">\n<p>Dispon\u00edvel em duas vers\u00f5es: o tipo padr\u00e3o com gerador de 12,5 kW e o tipo alta pot\u00eancia com gerador de 32 kW, ambos t\u00eam f\u00e1cil dirigibilidade e manuseio, al\u00e9m de oferecerem imagens mais n\u00edtidas e menor tempo de exposi\u00e7\u00e3o, principalmente em exames de crian\u00e7as e de pacientes com dificuldade em manter a posi\u00e7\u00e3o fixa.<br \/>\nO modelo de alta pot\u00eancia com gerador de 32 kW, proporciona um melhor desempenho na realiza\u00e7\u00e3o de exames em pacientes com maior peso corporal. O gerador mais potente aumenta as op\u00e7\u00f5es para sele\u00e7\u00e3o e combina\u00e7\u00e3o de t\u00e9cnicas radiol\u00f3gicas.<br \/>\nO sistema compacto facilita a opera\u00e7\u00e3o de forma excepcional, permitindo que o operador realize movimentos intuitivos com o equipamento nas instala\u00e7\u00f5es m\u00e9dicas. O posicionamento do bra\u00e7o porta-tubo \u00e9 mais simplificado, inclusive em locais com restri\u00e7\u00e3o de movimentos. Este \u00e9 um sistema m\u00f3vel de excelente desempenho.<\/p>\n<\/div>\n<\/div>\n<\/div>\n<\/div>\n<div class=\"v1featuresArea\">\n<div class=\"v1ParagraphSet\">\n<h4 class=\"v1titStyle03\">Qualidade de imagem excelente na qual voc\u00ea pode confiar<\/h4>\n<div class=\"v1childrenSet\">\n<div class=\"v1textSet v1txt v1txtL\">\n<div align=\"justify\">\n<p>Artefatos podem surgir na imagem por conta dos movimentos do paciente durante a radiografia, especialmente na pediatria ou com pacientes em situa\u00e7\u00e3o de emerg\u00eancia com dificuldades em manter uma postura fixa. A programa\u00e7\u00e3o do MobileArt Evolution reduz o tempo de exposi\u00e7\u00e3o, oferecendo maior nitidez com o m\u00ednimo de artefatos de movimento, resultando em uma imagem de qualidade excepcional.<\/p>\n<\/div>\n<\/div>\n<\/div>\n<\/div>\n<div class=\"v1ParagraphSet\">\n<h4 class=\"v1titStyle03\">F\u00e1cil dirigibilidade e \u00f3timo desempenho<\/h4>\n<div class=\"v1childrenSet\">\n<h5 class=\"v1titStyle04\">Funcionalidade b\u00e1sica proporciona um \u00f3timo desempenho<\/h5>\n<div class=\"v1textSet v1txt v1txtL\">\n<p>Movimento suave e silencioso.<\/p>\n<\/div>\n<\/div>\n<div class=\"v1childrenSet\">\n<h5 class=\"v1titStyle04\">Alarme de seguran\u00e7a durante o deslocamento do sistema<\/h5>\n<div class=\"v1textSet v1txt v1txtL\">\n<div align=\"justify\">\n<p>Para evitar acidentes durante a movimenta\u00e7\u00e3o do MobileArt Evolution ao redor das instala\u00e7\u00f5es m\u00e9dicas, um alarme pode ser utilizado quando o aparelho estiver em movimento para sinalizar sua presen\u00e7a.<\/p>\n<\/div>\n<\/div>\n<\/div>\n<div class=\"v1childrenSet\">\n<h5 class=\"v1titStyle04\">Para-choques com sensores de seguran\u00e7a<\/h5>\n<div class=\"v1textSet v1txt v1txtL\">\n<div align=\"justify\">\n<p>A parte externa do equipamento foi refor\u00e7ada para evitar danos \u00e0 unidade, na hip\u00f3tese de colis\u00e3o com um objeto durante a movimenta\u00e7\u00e3o em torno das alas. Um \u00fanico toque suave no para-choque suspende automaticamente o movimento da unidade, por menor que seja a press\u00e3o detectada. Seu desenho foi projetado para ser extremamente resistente a colis\u00f5es.<\/p>\n<\/div>\n<\/div>\n<\/div>\n<div class=\"v1childrenSet\">\n<h5 class=\"v1titStyle04\">Altura ajust\u00e1vel da barra de dire\u00e7\u00e3o (* 1)<\/h5>\n<div class=\"v1ImgSet\">\n<div class=\"v1cf\">\n<div class=\"v1imgsetR\"><img decoding=\"async\" src=\"https:\/\/www.shimadzu.com.br\/medica\/produtos\/mobile\/images\/mobileart_evolution\/5iqj1d0000005izc.jpg\" alt=\"Adjustable drive handle height (*1)\" \/><\/div>\n<div class=\"v1txt\">\n<div align=\"justify\">\n<p>A manopla de controle pode ser ajustada em 4 cm, 6 cm ou 9 cm acima da altura padr\u00e3o, durante a instala\u00e7\u00e3o, tornando o trabalho mais confort\u00e1vel para operadores altos.<\/p>\n<\/div>\n<\/div>\n<\/div>\n<\/div>\n<\/div>\n<div class=\"v1childrenSet\">\n<h5 class=\"v1titStyle04\">Senha de seguran\u00e7a (* 1)<\/h5>\n<div class=\"v1textSet v1txt v1txtL\">\n<div align=\"justify\">\n<p>Com a chave de acesso por senha, \u00e9 poss\u00edvel operar o sistema com apenas quatro d\u00edgitos sem a necessidade de qualquer chave, o que \u00e9 extremamente \u00fatil em unidades que contam com diversas equipes.<\/p>\n<\/div>\n<\/div>\n<\/div>\n<\/div>\n<div class=\"v1ParagraphSet\">\n<h4 class=\"v1titStyle03\">Atualiza\u00e7\u00e3o para sistema DR<\/h4>\n<div class=\"v1childrenSet\">\n<div class=\"v1ImgSet\">\n<div class=\"v1cf\">\n<div class=\"v1imgsetR\"><img decoding=\"async\" src=\"https:\/\/www.shimadzu.com.br\/medica\/produtos\/mobile\/images\/mobileart_evolution\/5iqj1d0000005iwk.jpg\" \/><\/div>\n<div class=\"v1txt\">\n<div align=\"justify\">\n<p>Com a atualiza\u00e7\u00e3o para o sistema digital com detector de painel plano (FPD) 14&#8243;x17&#8243; ou FPD compacto, \u00e9 poss\u00edvel visualizar a imagem em aproximadamente tr\u00eas segundos ap\u00f3s a exposi\u00e7\u00e3o (* 2).<br \/>\nAtualize para um detector de painel plano (FPD) para exibir imagens apenas 3 segundos ap\u00f3s a exposi\u00e7\u00e3o. Isso permite que qualquer informa\u00e7\u00e3o necess\u00e1ria para o pr\u00f3ximo procedimento seja obtida rapidamente na sala de emerg\u00eancia.<\/p>\n<\/div>\n<\/div>\n<\/div>\n<\/div>\n<\/div>\n<div class=\"v1textSet v1txt v1txtL\">\n<div align=\"justify\">\n<p><span class=\"v1gray\">(* 1) Opcional<br \/>\n(* 2) Opcional apenas para tipo Alta Pot\u00eancia. \u00c9 necess\u00e1rio adquirir o kit upgrade e o detector de painel plano (FPD).<\/span><\/p>\n<\/div>\n<\/div>\n<\/div>\n<\/div>\n","protected":false},"excerpt":{"rendered":"<p>Dispon\u00edvel em duas vers\u00f5es: o tipo padr\u00e3o com gerador de 12,5 kW e o tipo alta pot\u00eancia com gerador de 32 kW, ambos t\u00eam f\u00e1cil dirigibilidade e manuseio, al\u00e9m de oferecerem imagens mais n\u00edtidas e menor tempo de exposi\u00e7\u00e3o, principalmente em exames de crian\u00e7as e de pacientes com dificuldade em manter a posi\u00e7\u00e3o fixa.<br \/>\nO modelo de alta pot\u00eancia com gerador de 32 kW, proporciona um melhor desempenho na realiza\u00e7\u00e3o de exames em pacientes com maior peso corporal. O gerador mais potente aumenta as op\u00e7\u00f5es para sele\u00e7\u00e3o e combina\u00e7\u00e3o de t\u00e9cnicas radiol\u00f3gicas.<br \/>\nO sistema compacto facilita a opera\u00e7\u00e3o de forma excepcional, permitindo que o operador realize movimentos intuitivos com o equipamento nas instala\u00e7\u00f5es m\u00e9dicas. O posicionamento do bra\u00e7o porta-tubo \u00e9 mais simplificado, inclusive em locais com restri\u00e7\u00e3o de movimentos. Este \u00e9 um sistema m\u00f3vel de excelente desempenho.<\/p>\n","protected":false},"featured_media":2218,"template":"","meta":{"site-sidebar-layout":"default","site-content-layout":"default","ast-global-header-display":"","ast-main-header-display":"","ast-hfb-above-header-display":"","ast-hfb-below-header-display":"","ast-hfb-mobile-header-display":"","site-post-title":"","ast-breadcrumbs-content":"","ast-featured-img":"","footer-sml-layout":"","theme-transparent-header-meta":"default","adv-header-id-meta":"","stick-header-meta":"","header-above-stick-meta":"","header-main-stick-meta":"","header-below-stick-meta":""},"product_cat":[26],"product_tag":[],"_links":{"self":[{"href":"https:\/\/brasirio.com.br\/index.php\/wp-json\/wp\/v2\/product\/2207"}],"collection":[{"href":"https:\/\/brasirio.com.br\/index.php\/wp-json\/wp\/v2\/product"}],"about":[{"href":"https:\/\/brasirio.com.br\/index.php\/wp-json\/wp\/v2\/types\/product"}],"wp:featuredmedia":[{"embeddable":true,"href":"https:\/\/brasirio.com.br\/index.php\/wp-json\/wp\/v2\/media\/2218"}],"wp:attachment":[{"href":"https:\/\/brasirio.com.br\/index.php\/wp-json\/wp\/v2\/media?parent=2207"}],"wp:term":[{"taxonomy":"product_cat","embeddable":true,"href":"https:\/\/brasirio.com.br\/index.php\/wp-json\/wp\/v2\/product_cat?post=2207"},{"taxonomy":"product_tag","embeddable":true,"href":"https:\/\/brasirio.com.br\/index.php\/wp-json\/wp\/v2\/product_tag?post=2207"}],"curies":[{"name":"wp","href":"https:\/\/api.w.org\/{rel}","templated":true}]}}