{"id":2208,"date":"2023-02-27T18:22:48","date_gmt":"2023-02-27T21:22:48","guid":{"rendered":"https:\/\/brasirio.com.br\/?post_type=product&#038;p=2208"},"modified":"2023-02-27T19:54:45","modified_gmt":"2023-02-27T22:54:45","slug":"mobileart-eco","status":"publish","type":"product","link":"https:\/\/brasirio.com.br\/index.php\/product\/mobileart-eco\/","title":{"rendered":"MOBILEART ECO"},"content":{"rendered":"<p><img decoding=\"async\" src=\"https:\/\/www.shimadzu.com.br\/medica\/produtos\/mobile\/images\/mobileart_eco\/mobile_art_eco.jpg\" alt=\"MobileArt Eco\" \/><\/p>\n<div class=\"v1mainArea\">\n<div class=\"v1cf\">\n<div class=\"v1ParagraphSet v1textArea\">\n<div align=\"justify\">\n<p>As caracter\u00edsticas essenciais exigidas em um sistema m\u00f3vel de imagem est\u00e3o dispon\u00edveis no MOBILE eco, um sistema m\u00f3vel manual.<br \/>\nEsse equipamento \u00e9 de f\u00e1cil manuseio e opera\u00e7\u00e3o, com imagens de alta qualidade.<\/p>\n<\/div>\n<\/div>\n<\/div>\n<\/div>\n<div class=\"v1featuresArea\">\n<div class=\"v1ParagraphSet\">\n<h4 class=\"v1titStyle03\">Coluna com bra\u00e7o porta-tubo contrabalan\u00e7ado<\/h4>\n<div class=\"v1textSet v1txt v1txtL\">\n<div align=\"justify\">\n<p>A coluna contrabalan\u00e7ada permite a utiliza\u00e7\u00e3o do sistema sem estresse em qualquer situa\u00e7\u00e3o.<br \/>\nA grande visibilidade frontal e a unidade compacta evitam colis\u00f5es durante o transporte.<\/p>\n<\/div>\n<\/div>\n<\/div>\n<div class=\"v1ParagraphSet\">\n<h4 class=\"v1titStyle03\">Superando obst\u00e1culos<\/h4>\n<div class=\"v1ImgSet\">\n<div class=\"v1cf\">\n<div class=\"v1imgsetR\"><img decoding=\"async\" src=\"https:\/\/www.shimadzu.com.br\/medica\/produtos\/mobile\/images\/mobileart_eco\/oh80jt00000030o3.jpg\" alt=\"Step Over\" \/><\/div>\n<div class=\"v1txt\">\n<div align=\"justify\">\n<p>Com as rodas grandes e o mecanismo de eleva\u00e7\u00e3o da roda dianteira \u00e9 poss\u00edvel superar os obst\u00e1culos facilmente, como desn\u00edveis do ch\u00e3o ou a entrada do elevador.<\/p>\n<\/div>\n<\/div>\n<\/div>\n<\/div>\n<\/div>\n<div class=\"v1ParagraphSet\">\n<h4 class=\"v1titStyle03\">Mudando de dire\u00e7\u00e3o<\/h4>\n<div class=\"v1ImgSet\">\n<div class=\"v1cf\">\n<div class=\"v1imgsetR\"><img decoding=\"async\" src=\"https:\/\/www.shimadzu.com.br\/medica\/produtos\/mobile\/images\/mobileart_eco\/oh80jt00000030oi.jpg\" alt=\"Change Direction on the spot\" \/><\/div>\n<div class=\"v1txt\">\n<div align=\"justify\">\n<p>A unidade pode ser girada no pr\u00f3prio eixo facilitando a movimenta\u00e7\u00e3o em espa\u00e7os reduzidos.<\/p>\n<\/div>\n<\/div>\n<\/div>\n<\/div>\n<\/div>\n<div class=\"v1ParagraphSet\">\n<h4 class=\"v1titStyle03\">Alta qualidade de imagem<\/h4>\n<div class=\"v1textSet v1txt v1txtL\">\n<div align=\"justify\">\n<p>Para uma melhor qualidade de imagem foi incorporado ao MOBILE eco um gerador com inversor de alta frequ\u00eancia de 60 kHz.<br \/>\nMesmo utilizando a menor pot\u00eancia, as imagens produzidas s\u00e3o de alta qualidade. .<\/p>\n<p>Os programas anat\u00f4micos (APRs) est\u00e3o dispon\u00edveis no MOBILE eco.<\/p>\n<\/div>\n<\/div>\n<\/div>\n<div class=\"v1ParagraphSet\">\n<h4 class=\"v1titStyle03\">Opcionais<\/h4>\n<div class=\"v1textSet v1txt v1txtL\">\n<div align=\"justify\">\n<p>\u00c9 poss\u00edvel adicionar itens opcionais ao sistema m\u00f3vel, como prote\u00e7\u00e3o radiol\u00f3gica e controle remoto infravermelho.<\/p>\n<\/div>\n<\/div>\n<\/div>\n<\/div>\n","protected":false},"excerpt":{"rendered":"<div class=\"v1mainArea\">\n<div class=\"v1cf\">\n<div class=\"v1ParagraphSet v1textArea\">\n<div align=\"justify\">\n<p>As caracter\u00edsticas essenciais exigidas em um sistema m\u00f3vel de imagem est\u00e3o dispon\u00edveis no MOBILE eco, um sistema m\u00f3vel manual.<br \/>\nEsse equipamento \u00e9 de f\u00e1cil manuseio e opera\u00e7\u00e3o, com imagens de alta qualidade.<\/p>\n<\/div>\n<\/div>\n<\/div>\n<\/div>\n<div class=\"v1featuresArea\">\n<div class=\"v1ParagraphSet\">\n<h4 class=\"v1titStyle03\">Coluna com bra\u00e7o porta-tubo contrabalan\u00e7ado<\/h4>\n<div class=\"v1textSet v1txt v1txtL\">\n<div align=\"justify\">\n<p>A coluna contrabalan\u00e7ada permite a utiliza\u00e7\u00e3o do sistema sem estresse em qualquer situa\u00e7\u00e3o.<br \/>\nA grande visibilidade frontal e a unidade compacta evitam colis\u00f5es durante o transporte.<\/p>\n<\/div>\n<\/div>\n<\/div>\n<\/div>\n","protected":false},"featured_media":2216,"template":"","meta":{"site-sidebar-layout":"default","site-content-layout":"default","ast-global-header-display":"","ast-main-header-display":"","ast-hfb-above-header-display":"","ast-hfb-below-header-display":"","ast-hfb-mobile-header-display":"","site-post-title":"","ast-breadcrumbs-content":"","ast-featured-img":"","footer-sml-layout":"","theme-transparent-header-meta":"default","adv-header-id-meta":"","stick-header-meta":"","header-above-stick-meta":"","header-main-stick-meta":"","header-below-stick-meta":""},"product_cat":[26],"product_tag":[],"_links":{"self":[{"href":"https:\/\/brasirio.com.br\/index.php\/wp-json\/wp\/v2\/product\/2208"}],"collection":[{"href":"https:\/\/brasirio.com.br\/index.php\/wp-json\/wp\/v2\/product"}],"about":[{"href":"https:\/\/brasirio.com.br\/index.php\/wp-json\/wp\/v2\/types\/product"}],"wp:featuredmedia":[{"embeddable":true,"href":"https:\/\/brasirio.com.br\/index.php\/wp-json\/wp\/v2\/media\/2216"}],"wp:attachment":[{"href":"https:\/\/brasirio.com.br\/index.php\/wp-json\/wp\/v2\/media?parent=2208"}],"wp:term":[{"taxonomy":"product_cat","embeddable":true,"href":"https:\/\/brasirio.com.br\/index.php\/wp-json\/wp\/v2\/product_cat?post=2208"},{"taxonomy":"product_tag","embeddable":true,"href":"https:\/\/brasirio.com.br\/index.php\/wp-json\/wp\/v2\/product_tag?post=2208"}],"curies":[{"name":"wp","href":"https:\/\/api.w.org\/{rel}","templated":true}]}}