{"id":2210,"date":"2023-02-27T18:24:12","date_gmt":"2023-02-27T21:24:12","guid":{"rendered":"https:\/\/brasirio.com.br\/?post_type=product&#038;p=2210"},"modified":"2023-02-27T20:08:15","modified_gmt":"2023-02-27T23:08:15","slug":"planned-clarity-2d","status":"publish","type":"product","link":"https:\/\/brasirio.com.br\/index.php\/product\/planned-clarity-2d\/","title":{"rendered":"PLANNED CLARITY\u2122 2D"},"content":{"rendered":"<div class=\"v1featuresArea\">\n<div class=\"v1ParagraphSet\">\n<h4 class=\"v1titStyle03\">Mamografia digital 2D<\/h4>\n<div class=\"v1textSet v1txt v1txtL\">\n<div align=\"justify\">\n<p>Este \u00e9 o m\u00e9todo de imagem mais comum para exames de c\u00e2ncer de mama. Tipicamente, cada mama \u00e9 duas vezes posicionada e brevemente comprimida durante alguns segundos para adquirir quatro imagens de raios-X.<\/p>\n<\/div>\n<\/div>\n<\/div>\n<\/div>\n<div class=\"v1featuresArea\">\n<div class=\"v1ParagraphSet\">\n<h4 class=\"v1titStyle03\">Exames de imagem adicionais<\/h4>\n<div class=\"v1textSet v1txt v1txtL\">\n<div align=\"justify\">\n<p>Al\u00e9m dos mamogramas de rastreio, o sistema Planmed Clarity\u2122 2D oferece exames complementares de diagn\u00f3stico e procedimentos de bi\u00f3psia. Estes podem incluir visualiza\u00e7\u00f5es mamogr\u00e1ficas adicionais, imagens de amplia\u00e7\u00e3o e procedimentos de bi\u00f3psia.<\/p>\n<\/div>\n<\/div>\n<\/div>\n<\/div>\n<div class=\"v1featuresArea\">\n<div class=\"v1ParagraphSet\">\n<h4 class=\"v1titStyle03\">Caracter\u00edsticas \u00fanicas<\/h4>\n<div class=\"v1childrenSet\">\n<h5 class=\"v1titStyle04\">Tecnologia Planmed TriFilter<\/h5>\n<div class=\"v1ImgSet\">\n<div class=\"v1cf\">\n<div class=\"v1txt\">\n<div align=\"justify\">\n<p>A tecnologia Planmed TriFilter permite uma excelente qualidade de imagem com baixa dose. Esta tecnologia de baixa dose com processamento especializado possibilita mamografias perfeitas que mostram todas as estruturas delicadas do tecido mam\u00e1rio com \u00f3timo contraste.<\/p>\n<\/div>\n<\/div>\n<\/div>\n<\/div>\n<\/div>\n<div class=\"v1childrenSet\">\n<h5 class=\"v1titStyle04\">Excelente qualidade de imagem<\/h5>\n<div class=\"v1textSet v1txt v1txtL\">\n<div align=\"justify\">\n<p>Excelente qualidade de imagem que adapta o processamento de imagem \u00e0s prefer\u00eancias do radiologista. O processamento de p\u00f3s de imagem pode ser adaptado \u00e0s necessidades do radiologista individualmente.<\/p>\n<table border=\"0\" width=\"721\">\n<tbody>\n<tr>\n<td width=\"102\"><\/td>\n<td width=\"78\"><span class=\"v1norotationmainimg v1imgsetC\"><img decoding=\"async\" src=\"https:\/\/www.shimadzu.com.br\/medica\/produtos\/mamografo\/images\/clarity_2D\/image2.jpg\" \/><\/span><\/td>\n<td width=\"128\"><\/td>\n<td width=\"395\">Separa\u00e7\u00e3o Estrutural Melhorada<\/td>\n<\/tr>\n<tr>\n<td width=\"102\"><\/td>\n<td width=\"78\"><\/td>\n<td width=\"128\"><\/td>\n<td width=\"395\"><\/td>\n<\/tr>\n<tr>\n<td><\/td>\n<td><span class=\"v1norotationmainimg v1imgsetC\"><img decoding=\"async\" src=\"https:\/\/www.shimadzu.com.br\/medica\/produtos\/mamografo\/images\/clarity_2D\/image3.jpg\" \/><\/span><\/td>\n<td><\/td>\n<td>Separa\u00e7\u00e3o Estrutural Melhorada<\/td>\n<\/tr>\n<tr>\n<td width=\"102\"><\/td>\n<td width=\"78\"><\/td>\n<td width=\"128\"><\/td>\n<td width=\"395\"><\/td>\n<\/tr>\n<tr>\n<td><\/td>\n<td><span class=\"v1norotationmainimg v1imgsetC\"><img decoding=\"async\" src=\"https:\/\/www.shimadzu.com.br\/medica\/produtos\/mamografo\/images\/clarity_2D\/image4.jpg\" \/><\/span><\/td>\n<td><\/td>\n<td>Separa\u00e7\u00e3o Estrutural Melhorada<\/td>\n<\/tr>\n<tr>\n<td width=\"102\"><\/td>\n<td width=\"78\"><\/td>\n<td width=\"128\"><\/td>\n<td width=\"395\"><\/td>\n<\/tr>\n<tr>\n<td><\/td>\n<td><span class=\"v1norotationmainimg v1imgsetC\"><img decoding=\"async\" src=\"https:\/\/www.shimadzu.com.br\/medica\/produtos\/mamografo\/images\/clarity_2D\/image5.jpg\" \/><\/span><\/td>\n<td><\/td>\n<td>Maior visibilidade da microcalcifica\u00e7\u00e3o<\/td>\n<\/tr>\n<tr>\n<td width=\"102\"><\/td>\n<td width=\"78\"><\/td>\n<td width=\"128\"><\/td>\n<td width=\"395\"><\/td>\n<\/tr>\n<tr>\n<td><\/td>\n<td><span class=\"v1norotationmainimg v1imgsetC\"><img decoding=\"async\" src=\"https:\/\/www.shimadzu.com.br\/medica\/produtos\/mamografo\/images\/clarity_2D\/image6.jpg\" \/><\/span><\/td>\n<td><\/td>\n<td>Visibilidade da linha da pele personalizada<\/td>\n<\/tr>\n<tr>\n<td width=\"102\"><\/td>\n<td width=\"78\"><\/td>\n<td width=\"128\"><\/td>\n<td width=\"395\"><\/td>\n<\/tr>\n<tr>\n<td><\/td>\n<td><span class=\"v1norotationmainimg v1imgsetC\"><img decoding=\"async\" src=\"https:\/\/www.shimadzu.com.br\/medica\/produtos\/mamografo\/images\/clarity_2D\/image7.jpg\" \/><\/span><\/td>\n<td><\/td>\n<td>Contraste aperfei\u00e7oado<\/td>\n<\/tr>\n<\/tbody>\n<\/table>\n<\/div>\n<\/div>\n<div class=\"v1childrenSet\">\n<h5 class=\"v1titStyle04\">Max View\u2122<\/h5>\n<div class=\"v1textSet v1txt v1txtL\">\n<div align=\"justify\">\n<p>O sistema de posicionamento mam\u00e1rio Max View\u2122 permite alcan\u00e7ar uma visibilidade ideal do tecido mam\u00e1rio em todas as vis\u00f5es de mamografia rotineiras. O MaxView usa folhas radiolucentes em movimento acima e abaixo do peito comprimido. Essas folhas s\u00e3o facilmente e rapidamente inseridas nos m\u00f3dulos de tra\u00e7\u00e3o MaxView superior e inferior.<\/p>\n<p><span class=\"v1norotationmainimg v1imgsetC\"><img decoding=\"async\" src=\"https:\/\/www.shimadzu.com.br\/medica\/produtos\/mamografo\/images\/clarity_2D\/image8.jpg\" \/><\/span><\/p>\n<p><span class=\"v1norotationmainimg v1imgsetC\"><img decoding=\"async\" src=\"https:\/\/www.shimadzu.com.br\/medica\/produtos\/mamografo\/images\/clarity_2D\/image9.jpg\" \/><\/span><\/p>\n<table border=\"0\" width=\"721\">\n<tbody>\n<tr>\n<td width=\"323\">Direito Cranio Caudal (RCC) ver com MaxView \u2122 aplicado.<\/p>\n<p>Mais mama \u00e9 vis\u00edvel na imagem, incluindo o m\u00fasculo peitoral (seta).<\/p>\n<p>LeftCranio Caudal (LCC) sem MaxView \u2122.<\/p>\n<p>O m\u00fasculo peitoral n\u00e3o \u00e9 vis\u00edvel, deixando consequentemente uma por\u00e7\u00e3o da mama fora do campo de vis\u00e3o.<\/td>\n<td width=\"61\"><\/td>\n<td width=\"323\">Right Medio-Lateral Oblique (RMLO) com o MaxView \u2122 aplicado.<\/p>\n<p>A dobra inframam\u00e1ria e o m\u00fasculo peitoral significativamente mais vis\u00edvel na imagem (seta).<\/p>\n<p>Vista omo-lateral esquerda (LMLO) sem MaxView \u2122. Uma grande parte do tecido mam\u00e1rio \u00e9 deixada fora do campo de vis\u00e3o.<\/td>\n<\/tr>\n<\/tbody>\n<\/table>\n<\/div>\n<\/div>\n<div class=\"v1childrenSet\">\n<h5 class=\"v1titStyle04\">Side Access\u2122 &#8211; sistema de posicionamento do paciente<\/h5>\n<div class=\"v1textSet v1txt v1txtL\">\n<div align=\"justify\">\n<p>Boa ergonomia de trabalho \u00e9 igual a alto desempenho. O sistema de posicionamento de pacientes Proprietary Side Access\u2122 melhora a ergonomia de posicionamento movendo a cabe\u00e7a do tubo para cada lado da mesa de suporte do peito. O exclusivo movimento de acesso lateral permite mais espa\u00e7o para posicionamento, especialmente nas vistas obl\u00edquas.<\/p>\n<div class=\"v1center\"><img decoding=\"async\" src=\"https:\/\/www.shimadzu.com.br\/medica\/produtos\/mamografo\/images\/clarity_2D\/image10.jpg\" \/><\/div>\n<\/div>\n<\/div>\n<\/div>\n<\/div>\n<\/div>\n<\/div>\n<\/div>\n","protected":false},"excerpt":{"rendered":"<div class=\"v1featuresArea\">\n<div class=\"v1ParagraphSet\">\n<h4 class=\"v1titStyle03\">Mamografia digital 2D<\/h4>\n<div class=\"v1textSet v1txt v1txtL\">\n<div align=\"justify\">\n<p>Este \u00e9 o m\u00e9todo de imagem mais comum para exames de c\u00e2ncer de mama. Tipicamente, cada mama \u00e9 duas vezes posicionada e brevemente comprimida durante alguns segundos para adquirir quatro imagens de raios-X.<\/p>\n<\/div>\n<\/div>\n<\/div>\n<\/div>\n<div class=\"v1featuresArea\">\n<div class=\"v1ParagraphSet\">\n<h4 class=\"v1titStyle03\">Exames de imagem adicionais<\/h4>\n<div class=\"v1textSet v1txt v1txtL\">\n<div align=\"justify\">\n<p>Al\u00e9m dos mamogramas de rastreio, o sistema Planmed Clarity\u2122 2D oferece exames complementares de diagn\u00f3stico e procedimentos de bi\u00f3psia. Estes podem incluir visualiza\u00e7\u00f5es mamogr\u00e1ficas adicionais, imagens de amplia\u00e7\u00e3o e procedimentos de bi\u00f3psia.<\/p>\n<\/div>\n<\/div>\n<\/div>\n<\/div>\n","protected":false},"featured_media":2212,"template":"","meta":{"site-sidebar-layout":"default","site-content-layout":"default","ast-global-header-display":"","ast-main-header-display":"","ast-hfb-above-header-display":"","ast-hfb-below-header-display":"","ast-hfb-mobile-header-display":"","site-post-title":"","ast-breadcrumbs-content":"","ast-featured-img":"","footer-sml-layout":"","theme-transparent-header-meta":"default","adv-header-id-meta":"","stick-header-meta":"","header-above-stick-meta":"","header-main-stick-meta":"","header-below-stick-meta":""},"product_cat":[22,26],"product_tag":[],"_links":{"self":[{"href":"https:\/\/brasirio.com.br\/index.php\/wp-json\/wp\/v2\/product\/2210"}],"collection":[{"href":"https:\/\/brasirio.com.br\/index.php\/wp-json\/wp\/v2\/product"}],"about":[{"href":"https:\/\/brasirio.com.br\/index.php\/wp-json\/wp\/v2\/types\/product"}],"wp:featuredmedia":[{"embeddable":true,"href":"https:\/\/brasirio.com.br\/index.php\/wp-json\/wp\/v2\/media\/2212"}],"wp:attachment":[{"href":"https:\/\/brasirio.com.br\/index.php\/wp-json\/wp\/v2\/media?parent=2210"}],"wp:term":[{"taxonomy":"product_cat","embeddable":true,"href":"https:\/\/brasirio.com.br\/index.php\/wp-json\/wp\/v2\/product_cat?post=2210"},{"taxonomy":"product_tag","embeddable":true,"href":"https:\/\/brasirio.com.br\/index.php\/wp-json\/wp\/v2\/product_tag?post=2210"}],"curies":[{"name":"wp","href":"https:\/\/api.w.org\/{rel}","templated":true}]}}