{"id":2211,"date":"2023-02-27T18:24:59","date_gmt":"2023-02-27T21:24:59","guid":{"rendered":"https:\/\/brasirio.com.br\/?post_type=product&#038;p=2211"},"modified":"2023-02-27T19:50:56","modified_gmt":"2023-02-27T22:50:56","slug":"planned-clarity-3d-2","status":"publish","type":"product","link":"https:\/\/brasirio.com.br\/index.php\/product\/planned-clarity-3d-2\/","title":{"rendered":"PLANNED CLARITY \u2122 3D"},"content":{"rendered":"<h4 class=\"v1titStyle03\">O que \u00e9 Tomoss\u00edntese de mama 3D Digital (DBT)?<\/h4>\n<div class=\"v1textSet v1txt v1txtL\">\n<div align=\"justify\">\n<p>DBT \u00e9 um m\u00e9todo avan\u00e7ado frequentemente usado para fins de diagn\u00f3stico. A mama \u00e9 varrida sobre um arco de 30 graus, durante o qual v\u00e1rias imagens de raio-X s\u00e3o tomadas para criar uma imagem 3D que mostra estruturas de tecido em mais detalhes.<\/p>\n<\/div>\n<\/div>\n<div class=\"v1childrenSet\">\n<h5 class=\"v1titStyle04\">Benef\u00edcios<\/h5>\n<div class=\"v1textSet v1txt v1txtL\">\n<div align=\"justify\">\n<p>DBT gera um conjunto de imagens n\u00edtidas de cortes transversais da mama. Com a sobreposi\u00e7\u00e3o reduzida de tecido na imagem, as c\u00e9lulas cancerosas t\u00eam menos lugares para se esconder. Devido \u00e0 aquisi\u00e7\u00e3o de varredura, o tempo de compacta\u00e7\u00e3o \u00e9 um pouco maior do que em um exame 2D.<\/p>\n<h5 align=\"center\"><strong>2D versus 3D<\/strong><\/h5>\n<p><span class=\"v1norotationmainimg v1imgsetC\"><img decoding=\"async\" src=\"https:\/\/www.shimadzu.com.br\/medica\/produtos\/mamografo\/images\/clarity_3D\/image2.jpg\" \/><\/span><\/p>\n<table border=\"0\" width=\"710\">\n<tbody>\n<tr>\n<td width=\"392\">Imagem de mamografia simples<\/td>\n<td width=\"308\">Tecidos sobrepostos podem ocultar achados<\/td>\n<\/tr>\n<\/tbody>\n<\/table>\n<p><span class=\"v1norotationmainimg v1imgsetC\"><img decoding=\"async\" src=\"https:\/\/www.shimadzu.com.br\/medica\/produtos\/mamografo\/images\/clarity_3D\/image3.jpg\" \/><\/span><\/p>\n<table border=\"0\" width=\"713\">\n<tbody>\n<tr>\n<td width=\"223\">15 imagens de baixa-dose s\u00e3o adquiridas a um \u00e2ngulo de +\/- 15 graus com a nossa sequ\u00eancia patenteada\u00a0<strong><em>Continuous Sync-and-Shoot<\/em><\/strong><\/td>\n<td width=\"24\"><\/td>\n<td width=\"201\">Reconstru\u00e7\u00e3o de imagem com um algoritmo de reconstru\u00e7\u00e3o interativa utilizando a tecnologia de alta precis\u00e3o\u00a0<strong><em>TomoMarker<\/em><\/strong><\/td>\n<td width=\"25\"><\/td>\n<td width=\"218\">Interpreta\u00e7\u00e3o de imagem de tomoss\u00edntese com interfer\u00eancia m\u00ednima de estruturas teciduais sobrepostas<\/td>\n<\/tr>\n<\/tbody>\n<\/table>\n<\/div>\n<\/div>\n<div class=\"v1childrenSet\">\n<h5 class=\"v1titStyle04\">O modo Planmed para Tomoss\u00edntese de mama digital<\/h5>\n<div class=\"v1textSet v1txt v1txtL\">\n<div align=\"justify\">\n<p>O m\u00e9todo de imagem cont\u00ednua, Sync-and-Shoot exclusivo da Planmed permite imagens de tomoss\u00edntese excepcionalmente claras com grande visibilidade de microcalcifica\u00e7\u00f5es e outras estruturas delicadas.<\/p>\n<p><span class=\"v1norotationmainimg v1imgsetC\"><img decoding=\"async\" src=\"https:\/\/www.shimadzu.com.br\/medica\/produtos\/mamografo\/images\/clarity_3D\/image4.jpg\" \/><\/span><\/p>\n<table border=\"0\" width=\"713\">\n<tbody>\n<tr>\n<td width=\"222\">Movimento do tubo \u00e9 cont\u00ednuo durante a sequ\u00eancia de imagem tomoss\u00edntese.<\/td>\n<td width=\"23\"><\/td>\n<td width=\"224\">Cont\u00ednuo durante a exposi\u00e7\u00e3o da imagem, o detector \u00e9 sincronizado com o movimento do tubo, mantendo o detector e o ponto focal alinhado.<\/td>\n<td width=\"30\"><\/td>\n<td width=\"192\">Entre a proje\u00e7\u00e3o da exposi\u00e7\u00e3o\u00a0 da imagem, o detector retorna para sua posi\u00e7\u00e3o inicial.<\/td>\n<\/tr>\n<\/tbody>\n<\/table>\n<\/div>\n<\/div>\n<div class=\"v1childrenSet\">\n<h5 class=\"v1titStyle04\">Veja mais \u2013 com Clarity.<\/h5>\n<div class=\"v1textSet v1txt v1txtL\">\n<div align=\"justify\">\n<p>O Planmed Clarity \u2122 3D fornece imagens 2D (Campo Completo Digital) e 3D (Tomoss\u00edntese de mama Digital). O sistema Planmed Clarity oferece a triagem e exames complementares de tratamento e procedimentos de bi\u00f3psia.<\/p>\n<div class=\"v1center\"><img decoding=\"async\" src=\"https:\/\/www.shimadzu.com.br\/medica\/produtos\/mamografo\/images\/clarity_3D\/image5.jpg\" \/><\/div>\n<\/div>\n<\/div>\n<\/div>\n<\/div>\n<\/div>\n","protected":false},"excerpt":{"rendered":"<h4 class=\"v1titStyle03\">O que \u00e9 Tomoss\u00edntese de mama 3D Digital (DBT)?<\/h4>\n<div class=\"v1textSet v1txt v1txtL\">\n<div align=\"justify\">\n<p>DBT \u00e9 um m\u00e9todo avan\u00e7ado frequentemente usado para fins de diagn\u00f3stico. A mama \u00e9 varrida sobre um arco de 30 graus, durante o qual v\u00e1rias imagens de raio-X s\u00e3o tomadas para criar uma imagem 3D que mostra estruturas de tecido em mais detalhes.<\/p>\n<\/div>\n<\/div>\n<div class=\"v1childrenSet\">\n<h5 class=\"v1titStyle04\">Benef\u00edcios<\/h5>\n<div class=\"v1textSet v1txt v1txtL\">\n<div align=\"justify\">\n<p>DBT gera um conjunto de imagens n\u00edtidas de cortes transversais da mama. Com a sobreposi\u00e7\u00e3o reduzida de tecido na imagem, as c\u00e9lulas cancerosas t\u00eam menos lugares para se esconder. Devido \u00e0 aquisi\u00e7\u00e3o de varredura, o tempo de compacta\u00e7\u00e3o \u00e9 um pouco maior do que em um exame 2D.<\/p>\n<\/div>\n<\/div>\n<\/div>\n","protected":false},"featured_media":2213,"template":"","meta":{"site-sidebar-layout":"default","site-content-layout":"default","ast-global-header-display":"","ast-main-header-display":"","ast-hfb-above-header-display":"","ast-hfb-below-header-display":"","ast-hfb-mobile-header-display":"","site-post-title":"","ast-breadcrumbs-content":"","ast-featured-img":"","footer-sml-layout":"","theme-transparent-header-meta":"default","adv-header-id-meta":"","stick-header-meta":"","header-above-stick-meta":"","header-main-stick-meta":"","header-below-stick-meta":""},"product_cat":[22,26],"product_tag":[],"_links":{"self":[{"href":"https:\/\/brasirio.com.br\/index.php\/wp-json\/wp\/v2\/product\/2211"}],"collection":[{"href":"https:\/\/brasirio.com.br\/index.php\/wp-json\/wp\/v2\/product"}],"about":[{"href":"https:\/\/brasirio.com.br\/index.php\/wp-json\/wp\/v2\/types\/product"}],"wp:featuredmedia":[{"embeddable":true,"href":"https:\/\/brasirio.com.br\/index.php\/wp-json\/wp\/v2\/media\/2213"}],"wp:attachment":[{"href":"https:\/\/brasirio.com.br\/index.php\/wp-json\/wp\/v2\/media?parent=2211"}],"wp:term":[{"taxonomy":"product_cat","embeddable":true,"href":"https:\/\/brasirio.com.br\/index.php\/wp-json\/wp\/v2\/product_cat?post=2211"},{"taxonomy":"product_tag","embeddable":true,"href":"https:\/\/brasirio.com.br\/index.php\/wp-json\/wp\/v2\/product_tag?post=2211"}],"curies":[{"name":"wp","href":"https:\/\/api.w.org\/{rel}","templated":true}]}}