{"id":2287,"date":"2023-03-09T09:16:17","date_gmt":"2023-03-09T12:16:17","guid":{"rendered":"https:\/\/brasirio.com.br\/?post_type=product&#038;p=2287"},"modified":"2023-03-09T09:29:42","modified_gmt":"2023-03-09T12:29:42","slug":"aparelho-de-anestesia-ax-400","status":"publish","type":"product","link":"https:\/\/brasirio.com.br\/index.php\/product\/aparelho-de-anestesia-ax-400\/","title":{"rendered":"APARELHO DE ANESTESIA AX-400"},"content":{"rendered":"<h4><strong>APARELHO DE ANESTESIA AX-400\u00a0<\/strong><\/h4>\n<p>M\u00e1quina Anestesia AX-400, um equipamento completo. Com o desenvolvimento da medicina perioperat\u00f3ria, a anestesia indolor tornou-se popular em todo o hospital. Centros de endoscopia, centros de parto, centros de interven\u00e7\u00e3o, centros de emerg\u00eancia\u2026 Todos t\u00eam anestesiologistas e m\u00e1quinas de anestesia em seu meio. As necessidades n\u00e3o s\u00e3o exatamente as mesmas de uma sala de cirurgia central. O que \u00e9 necess\u00e1rio clinicamente \u00e9 um equipamento de anestesia mais flex\u00edvel, simples e eficiente.<\/p>\n<ul>\n<li>Display de 8,4 polegadas sens\u00edvel ao toque.<\/li>\n<li>Sistema de auto teste.<\/li>\n<li>Aquecedor embutido no bloco respirat\u00f3rio e a placa de cobre eliminam efetivamente a condensa\u00e7\u00e3o do vapor de \u00e1gua interno.<\/li>\n<li>Sistema de recipiente de troca da cal sodada r\u00e1pido e eficiente somente com uma m\u00e3o.<\/li>\n<li>Sensores de fluxo integrados universais.<\/li>\n<li>Medi\u00e7\u00e3o de g\u00e1s anest\u00e9sico e CO2 opcional, com design modular.<\/li>\n<li>Man\u00f4metro das vias a\u00e9reas.<\/li>\n<li>ACGO \u2013 Sa\u00edda auxiliar de g\u00e1s comum.<\/li>\n<li>V\u00e1lvula APL<\/li>\n<li>Ventilador embutido \u2013 ventila\u00e7\u00e3o autom\u00e1tica e manual.<\/li>\n<li>Modos Ventilat\u00f3rios: VCV \/ VC, manual e ventila\u00e7\u00e3o autom\u00e1tica.<\/li>\n<li>Opcionais: PCV \/ VPC, SIMV-VC, PSV \/ CPAP, SIMV-PC, PRVC, SIMV-PRVC, PSVPro.<\/li>\n<li>Alimenta\u00e7\u00e3o el\u00e9trica (Bivolt):\u00a0 110 \u2013 240 V \/50 \u2013 60Hz.<\/li>\n<li>Dimens\u00f5es: 1.380 mm x 773,5 mm x 580 mm.<\/li>\n<li>Peso da esta\u00e7\u00e3o de trabalho: 90 Kg.<\/li>\n<\/ul>\n<p>Registro ANVISA: 80047300757<\/p>\n<p>&nbsp;<\/p>\n<p><img fetchpriority=\"high\" decoding=\"async\" src=\"https:\/\/dihospitalar.com.br\/wp-content\/uploads\/2022\/03\/AX-400-left-700x853.jpg\" alt=\"Maquina Anestesia AX-400 Lado\" width=\"263\" height=\"321\" \/><\/p>\n","protected":false},"excerpt":{"rendered":"<p>M\u00e1quina Anestesia AX-400, um equipamento completo. Com o desenvolvimento da medicina perioperat\u00f3ria, a anestesia indolor tornou-se popular em todo o hospital. Centros de endoscopia, centros de parto, centros de interven\u00e7\u00e3o, centros de emerg\u00eancia\u2026 Todos t\u00eam anestesiologistas e m\u00e1quinas de anestesia em seu meio. As necessidades n\u00e3o s\u00e3o exatamente as mesmas de uma sala de cirurgia central. O que \u00e9 necess\u00e1rio clinicamente \u00e9 um equipamento de anestesia mais flex\u00edvel, simples e eficiente.<\/p>\n","protected":false},"featured_media":2288,"template":"","meta":{"site-sidebar-layout":"default","site-content-layout":"default","ast-global-header-display":"","ast-main-header-display":"","ast-hfb-above-header-display":"","ast-hfb-below-header-display":"","ast-hfb-mobile-header-display":"","site-post-title":"","ast-breadcrumbs-content":"","ast-featured-img":"","footer-sml-layout":"","theme-transparent-header-meta":"default","adv-header-id-meta":"","stick-header-meta":"","header-above-stick-meta":"","header-main-stick-meta":"","header-below-stick-meta":""},"product_cat":[17],"product_tag":[],"_links":{"self":[{"href":"https:\/\/brasirio.com.br\/index.php\/wp-json\/wp\/v2\/product\/2287"}],"collection":[{"href":"https:\/\/brasirio.com.br\/index.php\/wp-json\/wp\/v2\/product"}],"about":[{"href":"https:\/\/brasirio.com.br\/index.php\/wp-json\/wp\/v2\/types\/product"}],"wp:featuredmedia":[{"embeddable":true,"href":"https:\/\/brasirio.com.br\/index.php\/wp-json\/wp\/v2\/media\/2288"}],"wp:attachment":[{"href":"https:\/\/brasirio.com.br\/index.php\/wp-json\/wp\/v2\/media?parent=2287"}],"wp:term":[{"taxonomy":"product_cat","embeddable":true,"href":"https:\/\/brasirio.com.br\/index.php\/wp-json\/wp\/v2\/product_cat?post=2287"},{"taxonomy":"product_tag","embeddable":true,"href":"https:\/\/brasirio.com.br\/index.php\/wp-json\/wp\/v2\/product_tag?post=2287"}],"curies":[{"name":"wp","href":"https:\/\/api.w.org\/{rel}","templated":true}]}}