{"id":2292,"date":"2023-03-09T09:54:14","date_gmt":"2023-03-09T12:54:14","guid":{"rendered":"https:\/\/brasirio.com.br\/?post_type=product&#038;p=2292"},"modified":"2023-03-09T09:54:14","modified_gmt":"2023-03-09T12:54:14","slug":"aparelho-de-anestesia-ax-700","status":"publish","type":"product","link":"https:\/\/brasirio.com.br\/index.php\/product\/aparelho-de-anestesia-ax-700\/","title":{"rendered":"APARELHO DE ANESTESIA AX-700"},"content":{"rendered":"<p>A M\u00e1quina Anestesia AX-700 \u00e9 uma esta\u00e7\u00e3o de trabalho de alto desempenho, montado sobre rod\u00edzios com sistema central de freio simples e eficiente. Recursos abrangentes de ventila\u00e7\u00e3o garantem a terapia para pacientes em diferentes situa\u00e7\u00f5es e faixas de idade, trazendo assim integridade e seguran\u00e7a para o usu\u00e1rio.<\/p>\n<p><strong><em><u>Caracter\u00edsticas:<\/u><\/em><\/strong><\/p>\n<ul>\n<li>Display de 12,1 polegadas sens\u00edvel ao toque.<\/li>\n<li>Sistema de auto teste.<\/li>\n<li>Medidor de fluxo com indica\u00e7\u00e3o digital.<\/li>\n<li>Aquecedor embutido no bloco respirat\u00f3rio e a placa de cobre eliminam efetivamente a condensa\u00e7\u00e3o do vapor de \u00e1gua interno.<\/li>\n<li>Sistema de recipiente de troca da cal sodada r\u00e1pido e eficiente somente com uma m\u00e3o.<\/li>\n<li>Sistema de By-pass, possibilitando a troca o recipiente de cal durante a ventila\u00e7\u00e3o.<\/li>\n<li>Sensores de fluxo integrados universais.<\/li>\n<li>Medi\u00e7\u00e3o de g\u00e1s anest\u00e9sico e CO2 opcional, com design modular.<\/li>\n<li>Man\u00f4metro das vias a\u00e9reas.<\/li>\n<li>ACGO \u2013 Sa\u00edda auxiliar de g\u00e1s comum.<\/li>\n<li>V\u00e1lvula APL<\/li>\n<li>Ventilador embutido \u2013 ventila\u00e7\u00e3o autom\u00e1tica e manual.<\/li>\n<li>Modos Ventilat\u00f3rios: VCV \/ VC, PCV \/ VPC, SIMV-VC, SIMV-PC, PSV\/CPAP, manual e ventila\u00e7\u00e3o autom\u00e1tica.<\/li>\n<li>Opcionais: PRVC, SIMV-PRVC, PSVPro<\/li>\n<li>Alimenta\u00e7\u00e3o el\u00e9trica (Bivolt):\u00a0 110 \u2013 240 V \/50 \u2013 60Hz.<\/li>\n<li>Dimens\u00f5es: 1.400 mm x 810 mm x 680 mm.<\/li>\n<li>Peso da esta\u00e7\u00e3o de trabalho: 125 Kg.<\/li>\n<\/ul>\n<p>Registro ANVISA: 80047300755<\/p>\n<p><img fetchpriority=\"high\" decoding=\"async\" src=\"https:\/\/dihospitalar.com.br\/wp-content\/uploads\/2022\/03\/AX-700-with-C90-700x1050.jpg\" alt=\"M\u00e1quina Anestesia AX-700 com Monitor C90\" width=\"298\" height=\"447\" \/><\/p>\n","protected":false},"excerpt":{"rendered":"<p>A M\u00e1quina Anestesia AX-700 \u00e9 uma esta\u00e7\u00e3o de trabalho de alto desempenho, montado sobre rod\u00edzios com sistema central de freio simples e eficiente. Recursos abrangentes de ventila\u00e7\u00e3o garantem a terapia para pacientes em diferentes situa\u00e7\u00f5es e faixas de idade, trazendo assim integridade e seguran\u00e7a para o usu\u00e1rio.<\/p>\n","protected":false},"featured_media":2293,"template":"","meta":{"site-sidebar-layout":"default","site-content-layout":"default","ast-global-header-display":"","ast-main-header-display":"","ast-hfb-above-header-display":"","ast-hfb-below-header-display":"","ast-hfb-mobile-header-display":"","site-post-title":"","ast-breadcrumbs-content":"","ast-featured-img":"","footer-sml-layout":"","theme-transparent-header-meta":"default","adv-header-id-meta":"","stick-header-meta":"","header-above-stick-meta":"","header-main-stick-meta":"","header-below-stick-meta":""},"product_cat":[17],"product_tag":[],"_links":{"self":[{"href":"https:\/\/brasirio.com.br\/index.php\/wp-json\/wp\/v2\/product\/2292"}],"collection":[{"href":"https:\/\/brasirio.com.br\/index.php\/wp-json\/wp\/v2\/product"}],"about":[{"href":"https:\/\/brasirio.com.br\/index.php\/wp-json\/wp\/v2\/types\/product"}],"wp:featuredmedia":[{"embeddable":true,"href":"https:\/\/brasirio.com.br\/index.php\/wp-json\/wp\/v2\/media\/2293"}],"wp:attachment":[{"href":"https:\/\/brasirio.com.br\/index.php\/wp-json\/wp\/v2\/media?parent=2292"}],"wp:term":[{"taxonomy":"product_cat","embeddable":true,"href":"https:\/\/brasirio.com.br\/index.php\/wp-json\/wp\/v2\/product_cat?post=2292"},{"taxonomy":"product_tag","embeddable":true,"href":"https:\/\/brasirio.com.br\/index.php\/wp-json\/wp\/v2\/product_tag?post=2292"}],"curies":[{"name":"wp","href":"https:\/\/api.w.org\/{rel}","templated":true}]}}