{"id":2294,"date":"2023-03-09T09:56:02","date_gmt":"2023-03-09T12:56:02","guid":{"rendered":"https:\/\/brasirio.com.br\/?post_type=product&#038;p=2294"},"modified":"2023-03-09T09:56:02","modified_gmt":"2023-03-09T12:56:02","slug":"aparelho-de-anestesia-ax-900","status":"publish","type":"product","link":"https:\/\/brasirio.com.br\/index.php\/product\/aparelho-de-anestesia-ax-900\/","title":{"rendered":"APARELHO DE ANESTESIA AX-900"},"content":{"rendered":"<p>Do design aparente, sistema operacional ao AGSS, ACGO, esteriliza\u00e7\u00e3o em alta temperatura, Sistema de Informa\u00e7\u00f5es sobre anestesia, a M\u00e1quina Anestesia AX-900 n\u00e3o s\u00f3 fornece uma solu\u00e7\u00e3o de terapia de \u00faltima gera\u00e7\u00e3o, mas tamb\u00e9m otimiza a base do fluxo de trabalho nos requisitos do usu\u00e1rio;<\/p>\n<p><strong><em><u>Caracter\u00edsticas:<\/u><\/em><\/strong><\/p>\n<ul>\n<li>Displays de 8 e 15 polegadas sens\u00edvel ao toque.<\/li>\n<li>Sistema de auto teste.<\/li>\n<li>Medidor de fluxo eletr\u00f4nico com indica\u00e7\u00e3o digital.<\/li>\n<li>Aquecedor embutido no bloco respirat\u00f3rio e a placa de cobre eliminam efetivamente a condensa\u00e7\u00e3o do vapor de \u00e1gua interno.<\/li>\n<li>Sistema de recipiente de troca da cal sodada r\u00e1pido e eficiente somente com uma m\u00e3o.<\/li>\n<li>Sensores de fluxo integrados universais.<\/li>\n<li>Sistema de By-pass, que habilita a troca do recipiente de cal durante a ventila\u00e7\u00e3o.<\/li>\n<li>Medi\u00e7\u00e3o de g\u00e1s anest\u00e9sico e CO2 opcional, com design modular.<\/li>\n<li>Man\u00f4metro das vias a\u00e9reas.<\/li>\n<li>ACGO \u2013 Sa\u00edda auxiliar de g\u00e1s comum.<\/li>\n<li>V\u00e1lvula APL<\/li>\n<li>Ventilador embutido \u2013 ventila\u00e7\u00e3o autom\u00e1tica e manual.<\/li>\n<li>Modos Ventilat\u00f3rios: VCV \/ VC, PCV \/ VPC, SIMV-VC, SIMV-PC, PSV\/CPAP, manual e ventila\u00e7\u00e3o autom\u00e1tica, PRVC, SIMV-PRVC e PSVPro.<\/li>\n<li>Alimenta\u00e7\u00e3o el\u00e9trica (Bivolt):\u00a0 110 \u2013 240 V \/50 \u2013 60Hz.<\/li>\n<li>Dimens\u00f5es: 1.400 mm x 800 mm x 680 mm.<\/li>\n<li>Peso da esta\u00e7\u00e3o de trabalho: 128 Kg.<\/li>\n<\/ul>\n<p>Registro ANVISA: 80047300756<\/p>\n<p><img fetchpriority=\"high\" decoding=\"async\" src=\"https:\/\/dihospitalar.com.br\/wp-content\/uploads\/2022\/03\/AX-900-1-700x526.png\" width=\"325\" height=\"244\" \/><\/p>\n","protected":false},"excerpt":{"rendered":"<p>Do design aparente, sistema operacional ao AGSS, ACGO, esteriliza\u00e7\u00e3o em alta temperatura, Sistema de Informa\u00e7\u00f5es sobre anestesia, a M\u00e1quina Anestesia AX-900 n\u00e3o s\u00f3 fornece uma solu\u00e7\u00e3o de terapia de \u00faltima gera\u00e7\u00e3o, mas tamb\u00e9m otimiza a base do fluxo de trabalho nos requisitos do usu\u00e1rio; Caracter\u00edsticas: Displays de 8 e 15 polegadas sens\u00edvel ao toque. Sistema &hellip;<\/p>\n<p class=\"read-more\"> <a class=\"\" href=\"https:\/\/brasirio.com.br\/index.php\/product\/aparelho-de-anestesia-ax-900\/\"> <span class=\"screen-reader-text\">APARELHO DE ANESTESIA AX-900<\/span> Leia mais &raquo;<\/a><\/p>\n","protected":false},"featured_media":2295,"template":"","meta":{"site-sidebar-layout":"default","site-content-layout":"default","ast-global-header-display":"","ast-main-header-display":"","ast-hfb-above-header-display":"","ast-hfb-below-header-display":"","ast-hfb-mobile-header-display":"","site-post-title":"","ast-breadcrumbs-content":"","ast-featured-img":"","footer-sml-layout":"","theme-transparent-header-meta":"default","adv-header-id-meta":"","stick-header-meta":"","header-above-stick-meta":"","header-main-stick-meta":"","header-below-stick-meta":""},"product_cat":[17],"product_tag":[],"_links":{"self":[{"href":"https:\/\/brasirio.com.br\/index.php\/wp-json\/wp\/v2\/product\/2294"}],"collection":[{"href":"https:\/\/brasirio.com.br\/index.php\/wp-json\/wp\/v2\/product"}],"about":[{"href":"https:\/\/brasirio.com.br\/index.php\/wp-json\/wp\/v2\/types\/product"}],"wp:featuredmedia":[{"embeddable":true,"href":"https:\/\/brasirio.com.br\/index.php\/wp-json\/wp\/v2\/media\/2295"}],"wp:attachment":[{"href":"https:\/\/brasirio.com.br\/index.php\/wp-json\/wp\/v2\/media?parent=2294"}],"wp:term":[{"taxonomy":"product_cat","embeddable":true,"href":"https:\/\/brasirio.com.br\/index.php\/wp-json\/wp\/v2\/product_cat?post=2294"},{"taxonomy":"product_tag","embeddable":true,"href":"https:\/\/brasirio.com.br\/index.php\/wp-json\/wp\/v2\/product_tag?post=2294"}],"curies":[{"name":"wp","href":"https:\/\/api.w.org\/{rel}","templated":true}]}}