{"id":2296,"date":"2023-03-09T10:00:17","date_gmt":"2023-03-09T13:00:17","guid":{"rendered":"https:\/\/brasirio.com.br\/?post_type=product&#038;p=2296"},"modified":"2023-03-09T10:00:17","modified_gmt":"2023-03-09T13:00:17","slug":"eletrocardiografo-de-12-canais-cm1200","status":"publish","type":"product","link":"https:\/\/brasirio.com.br\/index.php\/product\/eletrocardiografo-de-12-canais-cm1200\/","title":{"rendered":"Eletrocardi\u00f3grafo de 12 canais CM1200"},"content":{"rendered":"<div id=\"message-htmlpart1\" class=\"message-htmlpart\">\n<div class=\"rcmBody\">\n<div id=\"v1short_description_block\">\n<div id=\"v1short_description_content\" class=\"v1rte v1align_justify\">\n<h4>A Comen CM1200 \u00e9 um eletrocardi\u00f3grafo de\u00a012 canais com um display\u00a0LCD standard. Permite a leitura e an\u00e1lise autom\u00e1tica da curva de ECG<\/h4>\n<h4><strong>Caracter\u00edsticas:<\/strong><\/h4>\n<h4><\/h4>\n<h4>\u2022\u00a0\u00a0Ajustamento autom\u00e1tico de linha base. Selec\u00e7\u00e3o da derivada de ritmo card\u00edaco.<\/h4>\n<h4>\u2022\u00a0 Ecr\u00e3 LCD alta resolu\u00e7\u00e3o de 12.1 polegadas a cores &#8211; Touch Screen<\/h4>\n<h4>\u2022\u00a0 Alimenta\u00e7\u00e3o 220v e bateria de l\u00edtio incorporada.<\/h4>\n<h4>\u2022\u00a0 Modo de poupan\u00e7a de energia para poupan\u00e7a de bateria e perlongamento da vida LCD.<\/h4>\n<h4>\u2022\u00a0 Congelamento de curva em tempo real e grav\u00e7\u00e3o em formato seleccionando<\/h4>\n<h4>\u2022\u00a0 Possibilidade de rever os \u00faltimos 120 segundos\u00a0 das 12 deriva\u00e7\u00f5es<\/h4>\n<h4>\u2022\u00a0 Vizualiza\u00e7\u00e3o pr\u00e9via e autodiagn\u00f3stico das curvas.<\/h4>\n<h4>\u2022\u00a0 V\u00e1rios formatos de impress\u00e3o<\/h4>\n<h4>\u2022\u00a0 Filtro digital completo para evitar desvio da linha base e interfer\u00eancias electromagn\u00e9ticas<\/h4>\n<h4>\u2022\u00a0 Detec\u00e7\u00e3o e grava\u00e7\u00e3o autom\u00e1tica de arritmias<\/h4>\n<h4>\u2022\u00a0 Mem\u00f3ria interna para 300 exames<\/h4>\n<h4>\u2022\u00a0 Suporte para papel t\u00e9rmico. Suporta papel em Z e papel A4<\/h4>\n<h4>\u2022\u00a0 Possibilidade de impressora externa e transmiss\u00e3o de dados via USB.<\/h4>\n<h4>\u2022\u00a0 An\u00e1lise de 122 tipos de arritmias<\/h4>\n<h4>\u2022\u00a0 Possibilidade de liga\u00e7\u00e3o em rede<\/h4>\n<\/div>\n<\/div>\n<\/div>\n<\/div>\n<p class=\"image-attachment\">\n","protected":false},"excerpt":{"rendered":"<p>A Comen CM1200 \u00e9 um eletrocardi\u00f3grafo de\u00a012 canais com um display\u00a0LCD standard. Permite a leitura e an\u00e1lise autom\u00e1tica da curva de ECG Caracter\u00edsticas: \u2022\u00a0\u00a0Ajustamento autom\u00e1tico de linha base. Selec\u00e7\u00e3o da derivada de ritmo card\u00edaco. \u2022\u00a0 Ecr\u00e3 LCD alta resolu\u00e7\u00e3o de 12.1 polegadas a cores &#8211; Touch Screen \u2022\u00a0 Alimenta\u00e7\u00e3o 220v e bateria de l\u00edtio incorporada. &hellip;<\/p>\n<p class=\"read-more\"> <a class=\"\" href=\"https:\/\/brasirio.com.br\/index.php\/product\/eletrocardiografo-de-12-canais-cm1200\/\"> <span class=\"screen-reader-text\">Eletrocardi\u00f3grafo de 12 canais CM1200<\/span> Leia mais &raquo;<\/a><\/p>\n","protected":false},"featured_media":2297,"template":"","meta":{"site-sidebar-layout":"default","site-content-layout":"default","ast-global-header-display":"","ast-main-header-display":"","ast-hfb-above-header-display":"","ast-hfb-below-header-display":"","ast-hfb-mobile-header-display":"","site-post-title":"","ast-breadcrumbs-content":"","ast-featured-img":"","footer-sml-layout":"","theme-transparent-header-meta":"default","adv-header-id-meta":"","stick-header-meta":"","header-above-stick-meta":"","header-main-stick-meta":"","header-below-stick-meta":""},"product_cat":[59],"product_tag":[],"_links":{"self":[{"href":"https:\/\/brasirio.com.br\/index.php\/wp-json\/wp\/v2\/product\/2296"}],"collection":[{"href":"https:\/\/brasirio.com.br\/index.php\/wp-json\/wp\/v2\/product"}],"about":[{"href":"https:\/\/brasirio.com.br\/index.php\/wp-json\/wp\/v2\/types\/product"}],"wp:featuredmedia":[{"embeddable":true,"href":"https:\/\/brasirio.com.br\/index.php\/wp-json\/wp\/v2\/media\/2297"}],"wp:attachment":[{"href":"https:\/\/brasirio.com.br\/index.php\/wp-json\/wp\/v2\/media?parent=2296"}],"wp:term":[{"taxonomy":"product_cat","embeddable":true,"href":"https:\/\/brasirio.com.br\/index.php\/wp-json\/wp\/v2\/product_cat?post=2296"},{"taxonomy":"product_tag","embeddable":true,"href":"https:\/\/brasirio.com.br\/index.php\/wp-json\/wp\/v2\/product_tag?post=2296"}],"curies":[{"name":"wp","href":"https:\/\/api.w.org\/{rel}","templated":true}]}}