{"id":2312,"date":"2023-04-17T20:10:35","date_gmt":"2023-04-17T23:10:35","guid":{"rendered":"https:\/\/brasirio.com.br\/?post_type=product&#038;p=2312"},"modified":"2023-04-17T20:11:24","modified_gmt":"2023-04-17T23:11:24","slug":"rc-322-maca-p-obeso-com-elevacao-hidraulica-inox","status":"publish","type":"product","link":"https:\/\/brasirio.com.br\/index.php\/product\/rc-322-maca-p-obeso-com-elevacao-hidraulica-inox\/","title":{"rendered":"RC 322 Maca p\/ Obeso com Eleva\u00e7\u00e3o Hidr\u00e1ulica Inox"},"content":{"rendered":"<p><strong>Leito<\/strong><br \/>\nConfeccionado em chapa de a\u00e7o inoxid\u00e1vel de 1,20 mm, estruturado com tubo de a\u00e7o inoxid\u00e1vel de 25 x 25 x 1,20 mm, dorso com eleva\u00e7\u00e3o de altura atrav\u00e9s de cremalheira, para-choque para prote\u00e7\u00e3o de parede e suporte de soro.<\/p>\n<p><strong>Carro<\/strong><br \/>\nConfeccionado em tubo de a\u00e7o inoxid\u00e1vel de 50 x 30 x 2,00 mm, revestido com chapa de a\u00e7o inoxid\u00e1vel de 0,80 mm.<\/p>\n<p><strong>Coluna de Eleva\u00e7\u00e3o<\/strong><br \/>\nConfeccionada em chapa de a\u00e7o inoxid\u00e1vel de 1\/8.<\/p>\n<p><strong>Movimento de Eleva\u00e7\u00e3o<\/strong><br \/>\nComandos obtidos atrav\u00e9s de sistema hidr\u00e1ulico, acionados por pedais de ambos os lados.<\/p>\n<p><strong>Grades Laterais<\/strong><br \/>\nConfeccionadas em tubo de a\u00e7o inoxid\u00e1vel de \u00f8 1&#8243; x 1,20 mm e travessa em tubo de a\u00e7o inoxid\u00e1vel de \u00f8 \u00be x 1,20 mm.<\/p>\n<p><strong>Rod\u00edzios<\/strong><br \/>\nGirat\u00f3rios de \u00f8 8&#8243;, sendo 2 com freios em diagonal.<br \/>\nOpcional: 5\u00aa roda retr\u00e1tivel atrav\u00e9s de pedal ou fixa.<\/p>\n<p><strong>Dimens\u00f5es<br \/>\n<\/strong>Dimens\u00f5es Interna: 1,81 x 0,68m (C x L)<br \/>\nDimens\u00f5es Externa: 1,92 x 0,78m (C x L)<br \/>\nAltura Min: 0,65m e Max: 0,95m (A) (Dependendo do tamanho do rodizio as alturas sofrem altera\u00e7\u00f5es).<br \/>\nCapacidade: 250 Kg<\/p>\n","protected":false},"excerpt":{"rendered":"<p>Confeccionado em chapa de a\u00e7o inoxid\u00e1vel de 1,20 mm, estruturado com tubo de a\u00e7o inoxid\u00e1vel de 25 x 25 x 1,20 mm, dorso com eleva\u00e7\u00e3o de altura atrav\u00e9s de cremalheira, para-choque para prote\u00e7\u00e3o de parede e suporte de soro.<\/p>\n","protected":false},"featured_media":2313,"template":"","meta":{"site-sidebar-layout":"default","site-content-layout":"default","ast-global-header-display":"","ast-main-header-display":"","ast-hfb-above-header-display":"","ast-hfb-below-header-display":"","ast-hfb-mobile-header-display":"","site-post-title":"","ast-breadcrumbs-content":"","ast-featured-img":"","footer-sml-layout":"","theme-transparent-header-meta":"default","adv-header-id-meta":"","stick-header-meta":"","header-above-stick-meta":"","header-main-stick-meta":"","header-below-stick-meta":""},"product_cat":[64],"product_tag":[],"_links":{"self":[{"href":"https:\/\/brasirio.com.br\/index.php\/wp-json\/wp\/v2\/product\/2312"}],"collection":[{"href":"https:\/\/brasirio.com.br\/index.php\/wp-json\/wp\/v2\/product"}],"about":[{"href":"https:\/\/brasirio.com.br\/index.php\/wp-json\/wp\/v2\/types\/product"}],"wp:featuredmedia":[{"embeddable":true,"href":"https:\/\/brasirio.com.br\/index.php\/wp-json\/wp\/v2\/media\/2313"}],"wp:attachment":[{"href":"https:\/\/brasirio.com.br\/index.php\/wp-json\/wp\/v2\/media?parent=2312"}],"wp:term":[{"taxonomy":"product_cat","embeddable":true,"href":"https:\/\/brasirio.com.br\/index.php\/wp-json\/wp\/v2\/product_cat?post=2312"},{"taxonomy":"product_tag","embeddable":true,"href":"https:\/\/brasirio.com.br\/index.php\/wp-json\/wp\/v2\/product_tag?post=2312"}],"curies":[{"name":"wp","href":"https:\/\/api.w.org\/{rel}","templated":true}]}}