{"id":2316,"date":"2023-04-17T20:13:13","date_gmt":"2023-04-17T23:13:13","guid":{"rendered":"https:\/\/brasirio.com.br\/?post_type=product&#038;p=2316"},"modified":"2023-04-17T20:14:15","modified_gmt":"2023-04-17T23:14:15","slug":"mesa-de-refeicao-inox","status":"publish","type":"product","link":"https:\/\/brasirio.com.br\/index.php\/product\/mesa-de-refeicao-inox\/","title":{"rendered":"Mesa de Refei\u00e7\u00e3o Inox"},"content":{"rendered":"<p><strong>Estrutura<\/strong><br \/>\nConfeccionada em tubo de a\u00e7o inoxid\u00e1vel.<\/p>\n<p><strong>Tampo<\/strong><br \/>\nConfeccionado em MDF de 15 mm, com regulagem de altura atrav\u00e9s de pino roscado.<\/p>\n<p><strong>Base<\/strong><br \/>\nDotada de 2 p\u00e9s com ponteiras de borracha e 2 p\u00e9s com rod\u00edzios girat\u00f3rios de \u00f8 2&#8243;.<\/p>\n<p><strong>Dimens\u00f5es<\/strong><br \/>\nBase: 0,65 x 0,40 x 0,85 (C x L x A).<br \/>\nBandeja: 0,36 x 0,54 (C x L) 0,85 min e 1,00 max (A).<br \/>\nPeso: 10 Kg.<\/p>\n","protected":false},"excerpt":{"rendered":"<p>Confeccionada em tubo de a\u00e7o inoxid\u00e1vel.<\/p>\n","protected":false},"featured_media":2317,"template":"","meta":{"site-sidebar-layout":"default","site-content-layout":"default","ast-global-header-display":"","ast-main-header-display":"","ast-hfb-above-header-display":"","ast-hfb-below-header-display":"","ast-hfb-mobile-header-display":"","site-post-title":"","ast-breadcrumbs-content":"","ast-featured-img":"","footer-sml-layout":"","theme-transparent-header-meta":"default","adv-header-id-meta":"","stick-header-meta":"","header-above-stick-meta":"","header-main-stick-meta":"","header-below-stick-meta":""},"product_cat":[65],"product_tag":[],"_links":{"self":[{"href":"https:\/\/brasirio.com.br\/index.php\/wp-json\/wp\/v2\/product\/2316"}],"collection":[{"href":"https:\/\/brasirio.com.br\/index.php\/wp-json\/wp\/v2\/product"}],"about":[{"href":"https:\/\/brasirio.com.br\/index.php\/wp-json\/wp\/v2\/types\/product"}],"wp:featuredmedia":[{"embeddable":true,"href":"https:\/\/brasirio.com.br\/index.php\/wp-json\/wp\/v2\/media\/2317"}],"wp:attachment":[{"href":"https:\/\/brasirio.com.br\/index.php\/wp-json\/wp\/v2\/media?parent=2316"}],"wp:term":[{"taxonomy":"product_cat","embeddable":true,"href":"https:\/\/brasirio.com.br\/index.php\/wp-json\/wp\/v2\/product_cat?post=2316"},{"taxonomy":"product_tag","embeddable":true,"href":"https:\/\/brasirio.com.br\/index.php\/wp-json\/wp\/v2\/product_tag?post=2316"}],"curies":[{"name":"wp","href":"https:\/\/api.w.org\/{rel}","templated":true}]}}