{"id":2320,"date":"2023-04-17T20:16:19","date_gmt":"2023-04-17T23:16:19","guid":{"rendered":"https:\/\/brasirio.com.br\/?post_type=product&#038;p=2320"},"modified":"2023-04-17T20:17:04","modified_gmt":"2023-04-17T23:17:04","slug":"carro-de-emergencia-em-inox","status":"publish","type":"product","link":"https:\/\/brasirio.com.br\/index.php\/product\/carro-de-emergencia-em-inox\/","title":{"rendered":"Carro de Emerg\u00eancia em inox"},"content":{"rendered":"<p><strong>Estrutura<\/strong><br \/>\nConfeccionada em chapa de a\u00e7o inoxid\u00e1vel de 0,80 mm, possui 4 gavetas com divis\u00f3rias para medicamentos, sistema de trava simult\u00e2nea para gavetas e p\u00e1ra-choque para prote\u00e7\u00e3o de parede.<\/p>\n<p><strong>Tampo<\/strong><br \/>\nConfeccionado em chapa de a\u00e7o inoxid\u00e1vel de 0,80 mm.<\/p>\n<p><strong>Puxador<\/strong><br \/>\nConfeccionado em tubo de a\u00e7o inoxid\u00e1vel de \u00f8 1&#8243; x 1,20 mm.<\/p>\n<p><strong>Rod\u00edzios<\/strong><br \/>\nGirat\u00f3rios de \u00f8 5&#8243;.<\/p>\n<p><strong>Acess\u00f3rios Fornecidos<\/strong><br \/>\nSuporte para monitor girat\u00f3rio, suporte de soro, suporte para cilindro de oxig\u00eanio, t\u00e1bua de massagem card\u00edaca e filtro de linha com\u00a04 sa\u00eddas.<\/p>\n<p><strong>Dimens\u00f5es<\/strong><br \/>\nDimens\u00f5es: 0,60 x 0,45 x 0,90 (C x L x A)<\/p>\n","protected":false},"excerpt":{"rendered":"<p>Confeccionada em chapa de a\u00e7o inoxid\u00e1vel de 0,80 mm, possui 4 gavetas com divis\u00f3rias para medicamentos, sistema de trava simult\u00e2nea para gavetas e p\u00e1ra-choque para prote\u00e7\u00e3o de parede.<\/p>\n","protected":false},"featured_media":2321,"template":"","meta":{"site-sidebar-layout":"default","site-content-layout":"default","ast-global-header-display":"","ast-main-header-display":"","ast-hfb-above-header-display":"","ast-hfb-below-header-display":"","ast-hfb-mobile-header-display":"","site-post-title":"","ast-breadcrumbs-content":"","ast-featured-img":"","footer-sml-layout":"","theme-transparent-header-meta":"default","adv-header-id-meta":"","stick-header-meta":"","header-above-stick-meta":"","header-main-stick-meta":"","header-below-stick-meta":""},"product_cat":[38],"product_tag":[],"_links":{"self":[{"href":"https:\/\/brasirio.com.br\/index.php\/wp-json\/wp\/v2\/product\/2320"}],"collection":[{"href":"https:\/\/brasirio.com.br\/index.php\/wp-json\/wp\/v2\/product"}],"about":[{"href":"https:\/\/brasirio.com.br\/index.php\/wp-json\/wp\/v2\/types\/product"}],"wp:featuredmedia":[{"embeddable":true,"href":"https:\/\/brasirio.com.br\/index.php\/wp-json\/wp\/v2\/media\/2321"}],"wp:attachment":[{"href":"https:\/\/brasirio.com.br\/index.php\/wp-json\/wp\/v2\/media?parent=2320"}],"wp:term":[{"taxonomy":"product_cat","embeddable":true,"href":"https:\/\/brasirio.com.br\/index.php\/wp-json\/wp\/v2\/product_cat?post=2320"},{"taxonomy":"product_tag","embeddable":true,"href":"https:\/\/brasirio.com.br\/index.php\/wp-json\/wp\/v2\/product_tag?post=2320"}],"curies":[{"name":"wp","href":"https:\/\/api.w.org\/{rel}","templated":true}]}}