{"id":2322,"date":"2023-04-17T20:18:03","date_gmt":"2023-04-17T23:18:03","guid":{"rendered":"https:\/\/brasirio.com.br\/?post_type=product&#038;p=2322"},"modified":"2023-04-17T20:19:08","modified_gmt":"2023-04-17T23:19:08","slug":"carro-de-medicacao-inox","status":"publish","type":"product","link":"https:\/\/brasirio.com.br\/index.php\/product\/carro-de-medicacao-inox\/","title":{"rendered":"Carro de Medica\u00e7\u00e3o Inox"},"content":{"rendered":"<p><strong>Estrutura<\/strong><br \/>\nConfeccionada em chapa de a\u00e7o inoxid\u00e1vel de 0,80 mm, possui 8 gavetas com divis\u00f3rias para medicamentos, 1 gavet\u00e3o, sistema de trava simult\u00e2nea para gavetas e p\u00e1ra-choque para prote\u00e7\u00e3o de parede.<\/p>\n<p><strong>Prateleira<\/strong><br \/>\nConfeccionada em chapa de a\u00e7o inoxid\u00e1vel de 0,80 mm, sendo basculante.<\/p>\n<p><strong>Tampo<\/strong><br \/>\nConfeccionado em chapa de a\u00e7o inoxid\u00e1vel de 0,80 mm e gradil em toda volta.<\/p>\n<p><strong>Puxador<\/strong><br \/>\nConfeccionado em tubo de a\u00e7o inoxid\u00e1vel de \u00f8 1&#8243; x 1,20 mm.<\/p>\n<p><strong>Rod\u00edzio<\/strong><br \/>\nGirat\u00f3rios de \u00f8 5&#8243;.<\/p>\n<p><strong>Dimens\u00f5es<\/strong><br \/>\nDimens\u00f5es: 0,45 x 0,75 x 0,80 (C x L x A)<\/p>\n","protected":false},"excerpt":{"rendered":"<p>Confeccionada em chapa de a\u00e7o inoxid\u00e1vel de 0,80 mm, possui 8 gavetas com divis\u00f3rias para medicamentos, 1 gavet\u00e3o, sistema de trava simult\u00e2nea para gavetas e p\u00e1ra-choque para prote\u00e7\u00e3o de parede.<\/p>\n","protected":false},"featured_media":2323,"template":"","meta":{"site-sidebar-layout":"default","site-content-layout":"default","ast-global-header-display":"","ast-main-header-display":"","ast-hfb-above-header-display":"","ast-hfb-below-header-display":"","ast-hfb-mobile-header-display":"","site-post-title":"","ast-breadcrumbs-content":"","ast-featured-img":"","footer-sml-layout":"","theme-transparent-header-meta":"default","adv-header-id-meta":"","stick-header-meta":"","header-above-stick-meta":"","header-main-stick-meta":"","header-below-stick-meta":""},"product_cat":[38],"product_tag":[],"_links":{"self":[{"href":"https:\/\/brasirio.com.br\/index.php\/wp-json\/wp\/v2\/product\/2322"}],"collection":[{"href":"https:\/\/brasirio.com.br\/index.php\/wp-json\/wp\/v2\/product"}],"about":[{"href":"https:\/\/brasirio.com.br\/index.php\/wp-json\/wp\/v2\/types\/product"}],"wp:featuredmedia":[{"embeddable":true,"href":"https:\/\/brasirio.com.br\/index.php\/wp-json\/wp\/v2\/media\/2323"}],"wp:attachment":[{"href":"https:\/\/brasirio.com.br\/index.php\/wp-json\/wp\/v2\/media?parent=2322"}],"wp:term":[{"taxonomy":"product_cat","embeddable":true,"href":"https:\/\/brasirio.com.br\/index.php\/wp-json\/wp\/v2\/product_cat?post=2322"},{"taxonomy":"product_tag","embeddable":true,"href":"https:\/\/brasirio.com.br\/index.php\/wp-json\/wp\/v2\/product_tag?post=2322"}],"curies":[{"name":"wp","href":"https:\/\/api.w.org\/{rel}","templated":true}]}}