{"id":2324,"date":"2023-04-17T20:19:24","date_gmt":"2023-04-17T23:19:24","guid":{"rendered":"https:\/\/brasirio.com.br\/?post_type=product&#038;p=2324"},"modified":"2023-04-17T20:21:05","modified_gmt":"2023-04-17T23:21:05","slug":"diva-clinico-de-madeira","status":"publish","type":"product","link":"https:\/\/brasirio.com.br\/index.php\/product\/diva-clinico-de-madeira\/","title":{"rendered":"Div\u00e3 Cl\u00ednico de Madeira"},"content":{"rendered":"<p><strong>Estrutura<\/strong><br \/>\nConfeccionada em MDF.<\/p>\n<p><strong>Leito<\/strong><br \/>\nConfeccionado em madeira com espuma de 05 cm D 28, revestido em courvim e dorso com eleva\u00e7\u00e3o de altura atrav\u00e9s de cremalheira.<\/p>\n<p><strong>Dimens\u00f5es<\/strong><br \/>\nDimens\u00f5es: 1,90 x\u00a00,58\u00a0x 0,83 (C x L x A)<br \/>\nCapacidade: 150 Kg<\/p>\n","protected":false},"excerpt":{"rendered":"<p><strong>Estrutura<\/strong><br \/>\nConfeccionada em MDF.<\/p>\n<p><strong>Leito<\/strong><br \/>\nConfeccionado em madeira com espuma de 05 cm D 28, revestido em courvim e dorso com eleva\u00e7\u00e3o de altura atrav\u00e9s de cremalheira.<\/p>\n<p><strong>Dimens\u00f5es<\/strong><br \/>\nDimens\u00f5es: 1,90 x\u00a00,58\u00a0x 0,83 (C x L x A)<br \/>\nCapacidade: 150 Kg<\/p>\n","protected":false},"featured_media":2325,"template":"","meta":{"site-sidebar-layout":"default","site-content-layout":"default","ast-global-header-display":"","ast-main-header-display":"","ast-hfb-above-header-display":"","ast-hfb-below-header-display":"","ast-hfb-mobile-header-display":"","site-post-title":"","ast-breadcrumbs-content":"","ast-featured-img":"","footer-sml-layout":"","theme-transparent-header-meta":"default","adv-header-id-meta":"","stick-header-meta":"","header-above-stick-meta":"","header-main-stick-meta":"","header-below-stick-meta":""},"product_cat":[66],"product_tag":[],"_links":{"self":[{"href":"https:\/\/brasirio.com.br\/index.php\/wp-json\/wp\/v2\/product\/2324"}],"collection":[{"href":"https:\/\/brasirio.com.br\/index.php\/wp-json\/wp\/v2\/product"}],"about":[{"href":"https:\/\/brasirio.com.br\/index.php\/wp-json\/wp\/v2\/types\/product"}],"wp:featuredmedia":[{"embeddable":true,"href":"https:\/\/brasirio.com.br\/index.php\/wp-json\/wp\/v2\/media\/2325"}],"wp:attachment":[{"href":"https:\/\/brasirio.com.br\/index.php\/wp-json\/wp\/v2\/media?parent=2324"}],"wp:term":[{"taxonomy":"product_cat","embeddable":true,"href":"https:\/\/brasirio.com.br\/index.php\/wp-json\/wp\/v2\/product_cat?post=2324"},{"taxonomy":"product_tag","embeddable":true,"href":"https:\/\/brasirio.com.br\/index.php\/wp-json\/wp\/v2\/product_tag?post=2324"}],"curies":[{"name":"wp","href":"https:\/\/api.w.org\/{rel}","templated":true}]}}