{"id":2326,"date":"2023-04-17T20:21:16","date_gmt":"2023-04-17T23:21:16","guid":{"rendered":"https:\/\/brasirio.com.br\/?post_type=product&#038;p=2326"},"modified":"2023-04-17T20:22:11","modified_gmt":"2023-04-17T23:22:11","slug":"diva-clinico","status":"publish","type":"product","link":"https:\/\/brasirio.com.br\/index.php\/product\/diva-clinico\/","title":{"rendered":"Div\u00e3 Cl\u00ednico"},"content":{"rendered":"<p><strong>Estrutura<\/strong><br \/>\nConfeccionada em tubos de a\u00e7o carbono de 0,40 x 0,40 x 1,20 com p\u00e9s protegidos por ponteiras. Acompanha suporte de len\u00e7ol.<\/p>\n<p><strong>Arm\u00e1rio e Gaveteiro<\/strong><br \/>\nConfeccionada em MDF de 15 mm, possui 02 portas, 03 gavetas.<\/p>\n<p><strong>Leito<\/strong><br \/>\nConfeccionado em madeira com espuma de 05 cm D33, revestido em convim e dorso com regulagem de altura atrav\u00e9s de cremalheira.<\/p>\n<p><strong>Dimens\u00f5es<\/strong><br \/>\nDimens\u00f5es: 1,90 x\u00a00,58\u00a0x 0,83 (C x L x A)<br \/>\nCapacidade: 150 Kg<\/p>\n","protected":false},"excerpt":{"rendered":"<p><strong>Estrutura<\/strong><br \/>\nConfeccionada em tubos de a\u00e7o carbono de 0,40 x 0,40 x 1,20 com p\u00e9s protegidos por ponteiras. Acompanha suporte de len\u00e7ol.<\/p>\n<p><strong>Arm\u00e1rio e Gaveteiro<\/strong><br \/>\nConfeccionada em MDF de 15 mm, possui 02 portas, 03 gavetas.<\/p>\n<p><strong>Leito<\/strong><br \/>\nConfeccionado em madeira com espuma de 05 cm D33, revestido em convim e dorso com regulagem de altura atrav\u00e9s de cremalheira.<\/p>\n<p><strong>Dimens\u00f5es<\/strong><br \/>\nDimens\u00f5es: 1,90 x\u00a00,58\u00a0x 0,83 (C x L x A)<br \/>\nCapacidade: 150 Kg<\/p>\n","protected":false},"featured_media":2327,"template":"","meta":{"site-sidebar-layout":"default","site-content-layout":"default","ast-global-header-display":"","ast-main-header-display":"","ast-hfb-above-header-display":"","ast-hfb-below-header-display":"","ast-hfb-mobile-header-display":"","site-post-title":"","ast-breadcrumbs-content":"","ast-featured-img":"","footer-sml-layout":"","theme-transparent-header-meta":"default","adv-header-id-meta":"","stick-header-meta":"","header-above-stick-meta":"","header-main-stick-meta":"","header-below-stick-meta":""},"product_cat":[66],"product_tag":[],"_links":{"self":[{"href":"https:\/\/brasirio.com.br\/index.php\/wp-json\/wp\/v2\/product\/2326"}],"collection":[{"href":"https:\/\/brasirio.com.br\/index.php\/wp-json\/wp\/v2\/product"}],"about":[{"href":"https:\/\/brasirio.com.br\/index.php\/wp-json\/wp\/v2\/types\/product"}],"wp:featuredmedia":[{"embeddable":true,"href":"https:\/\/brasirio.com.br\/index.php\/wp-json\/wp\/v2\/media\/2327"}],"wp:attachment":[{"href":"https:\/\/brasirio.com.br\/index.php\/wp-json\/wp\/v2\/media?parent=2326"}],"wp:term":[{"taxonomy":"product_cat","embeddable":true,"href":"https:\/\/brasirio.com.br\/index.php\/wp-json\/wp\/v2\/product_cat?post=2326"},{"taxonomy":"product_tag","embeddable":true,"href":"https:\/\/brasirio.com.br\/index.php\/wp-json\/wp\/v2\/product_tag?post=2326"}],"curies":[{"name":"wp","href":"https:\/\/api.w.org\/{rel}","templated":true}]}}