{"id":2328,"date":"2023-04-17T20:22:31","date_gmt":"2023-04-17T23:22:31","guid":{"rendered":"https:\/\/brasirio.com.br\/?post_type=product&#038;p=2328"},"modified":"2023-04-17T20:23:09","modified_gmt":"2023-04-17T23:23:09","slug":"diva-clinico-eletrico-esmaltado","status":"publish","type":"product","link":"https:\/\/brasirio.com.br\/index.php\/product\/diva-clinico-eletrico-esmaltado\/","title":{"rendered":"Div\u00e3 Cl\u00ednico El\u00e9trico Esmaltado"},"content":{"rendered":"<p><strong>Estrutura<\/strong><br \/>\nConfeccionada em tubo de a\u00e7o carbono de 50 x 30 x 1,50 mm.<\/p>\n<p><strong>Leito<\/strong><br \/>\nConfeccionado em madeira com espuma de 5 cm D 28, revestido em courvim e cabeceira com eleva\u00e7\u00e3o de altura atrav\u00e9s de cremalheira.<\/p>\n<p><strong>Base<\/strong><br \/>\nConfeccionada em tubo de a\u00e7o carbono de 50 x 30 x 1,50 mm.<\/p>\n<p><strong>Rod\u00edzios<\/strong><br \/>\nGirat\u00f3rios de \u00f8 4&#8243;, sendo 2 com freios em diagonal.<\/p>\n<p><strong>Movimento de Eleva\u00e7\u00e3o<\/strong><br \/>\nComando obtido atrav\u00e9s de motor el\u00e9trico com controle remoto manual.<\/p>\n<p><strong>Acabamento<\/strong><br \/>\nEm pintura eletrost\u00e1tica a p\u00f3 com anterior tratamento antiferruginoso, secagem em estufa.<\/p>\n<p><strong>Dimens\u00f5es\u00a0<\/strong><br \/>\nDimens\u00f5es: 1,90 x 0,58 (C x L)\u00a00,60\u00a0min e 0,95 max (A)<br \/>\nCapacidade: 150 Kg<\/p>\n","protected":false},"excerpt":{"rendered":"<p><strong>Estrutura<\/strong><br \/>\nConfeccionada em tubo de a\u00e7o carbono de 50 x 30 x 1,50 mm.<\/p>\n<p><strong>Leito<\/strong><br \/>\nConfeccionado em madeira com espuma de 5 cm D 28, revestido em courvim e cabeceira com eleva\u00e7\u00e3o de altura atrav\u00e9s de cremalheira.<\/p>\n<p><strong>Base<\/strong><br \/>\nConfeccionada em tubo de a\u00e7o carbono de 50 x 30 x 1,50 mm.<\/p>\n","protected":false},"featured_media":2329,"template":"","meta":{"site-sidebar-layout":"default","site-content-layout":"default","ast-global-header-display":"","ast-main-header-display":"","ast-hfb-above-header-display":"","ast-hfb-below-header-display":"","ast-hfb-mobile-header-display":"","site-post-title":"","ast-breadcrumbs-content":"","ast-featured-img":"","footer-sml-layout":"","theme-transparent-header-meta":"default","adv-header-id-meta":"","stick-header-meta":"","header-above-stick-meta":"","header-main-stick-meta":"","header-below-stick-meta":""},"product_cat":[66],"product_tag":[],"_links":{"self":[{"href":"https:\/\/brasirio.com.br\/index.php\/wp-json\/wp\/v2\/product\/2328"}],"collection":[{"href":"https:\/\/brasirio.com.br\/index.php\/wp-json\/wp\/v2\/product"}],"about":[{"href":"https:\/\/brasirio.com.br\/index.php\/wp-json\/wp\/v2\/types\/product"}],"wp:featuredmedia":[{"embeddable":true,"href":"https:\/\/brasirio.com.br\/index.php\/wp-json\/wp\/v2\/media\/2329"}],"wp:attachment":[{"href":"https:\/\/brasirio.com.br\/index.php\/wp-json\/wp\/v2\/media?parent=2328"}],"wp:term":[{"taxonomy":"product_cat","embeddable":true,"href":"https:\/\/brasirio.com.br\/index.php\/wp-json\/wp\/v2\/product_cat?post=2328"},{"taxonomy":"product_tag","embeddable":true,"href":"https:\/\/brasirio.com.br\/index.php\/wp-json\/wp\/v2\/product_tag?post=2328"}],"curies":[{"name":"wp","href":"https:\/\/api.w.org\/{rel}","templated":true}]}}