{"id":2330,"date":"2023-04-17T20:24:16","date_gmt":"2023-04-17T23:24:16","guid":{"rendered":"https:\/\/brasirio.com.br\/?post_type=product&#038;p=2330"},"modified":"2023-04-17T20:24:50","modified_gmt":"2023-04-17T23:24:50","slug":"cadeira-de-banho-obeso-inox","status":"publish","type":"product","link":"https:\/\/brasirio.com.br\/index.php\/product\/cadeira-de-banho-obeso-inox\/","title":{"rendered":"Cadeira de Banho Obeso Inox"},"content":{"rendered":"<p><strong>Estrutura<\/strong><br \/>\nConfeccionada em tubo de a\u00e7o inoxid\u00e1vel.<\/p>\n<p><strong>Encosto<\/strong><br \/>\nConfeccionado em chapa de a\u00e7o inoxid\u00e1vel.<\/p>\n<p><strong>Assento<\/strong><br \/>\nConfeccionado em chapa de a\u00e7o inoxid\u00e1vel, estruturado com tubo de a\u00e7o inoxid\u00e1vel.<\/p>\n<p><strong>Rod\u00edzios<\/strong><br \/>\nGirat\u00f3rios de \u00f8 8\u201d garfos met\u00e1licos e rodas emborrachadas , sendo 2 com freios traseiros.<\/p>\n<p><strong>Dimens\u00f5es<\/strong><br \/>\nDimens\u00f5es interna: 0,52 x 0,63 x 0,49 (C x L x A)<br \/>\nDimens\u00f5es externa: 0,98 x 0,73 x 0,97 (C x L x A)<br \/>\nCapacidade: 300 Kg<\/p>\n","protected":false},"excerpt":{"rendered":"<p><strong>Estrutura<\/strong><br \/>\nConfeccionada em tubo de a\u00e7o inoxid\u00e1vel.<\/p>\n<p><strong>Encosto<\/strong><br \/>\nConfeccionado em chapa de a\u00e7o inoxid\u00e1vel.<\/p>\n<p><strong>Assento<\/strong><br \/>\nConfeccionado em chapa de a\u00e7o inoxid\u00e1vel, estruturado com tubo de a\u00e7o inoxid\u00e1vel.<\/p>\n<p><strong>Rod\u00edzios<\/strong><br \/>\nGirat\u00f3rios de \u00f8 8\u201d garfos met\u00e1licos e rodas emborrachadas , sendo 2 com freios traseiros.<\/p>\n<p><strong>Dimens\u00f5es<\/strong><br \/>\nDimens\u00f5es interna: 0,52 x 0,63 x 0,49 (C x L x A)<br \/>\nDimens\u00f5es externa: 0,98 x 0,73 x 0,97 (C x L x A)<br \/>\nCapacidade: 300 Kg<\/p>\n","protected":false},"featured_media":2331,"template":"","meta":{"site-sidebar-layout":"default","site-content-layout":"default","ast-global-header-display":"","ast-main-header-display":"","ast-hfb-above-header-display":"","ast-hfb-below-header-display":"","ast-hfb-mobile-header-display":"","site-post-title":"","ast-breadcrumbs-content":"","ast-featured-img":"","footer-sml-layout":"","theme-transparent-header-meta":"default","adv-header-id-meta":"","stick-header-meta":"","header-above-stick-meta":"","header-main-stick-meta":"","header-below-stick-meta":""},"product_cat":[63],"product_tag":[],"_links":{"self":[{"href":"https:\/\/brasirio.com.br\/index.php\/wp-json\/wp\/v2\/product\/2330"}],"collection":[{"href":"https:\/\/brasirio.com.br\/index.php\/wp-json\/wp\/v2\/product"}],"about":[{"href":"https:\/\/brasirio.com.br\/index.php\/wp-json\/wp\/v2\/types\/product"}],"wp:featuredmedia":[{"embeddable":true,"href":"https:\/\/brasirio.com.br\/index.php\/wp-json\/wp\/v2\/media\/2331"}],"wp:attachment":[{"href":"https:\/\/brasirio.com.br\/index.php\/wp-json\/wp\/v2\/media?parent=2330"}],"wp:term":[{"taxonomy":"product_cat","embeddable":true,"href":"https:\/\/brasirio.com.br\/index.php\/wp-json\/wp\/v2\/product_cat?post=2330"},{"taxonomy":"product_tag","embeddable":true,"href":"https:\/\/brasirio.com.br\/index.php\/wp-json\/wp\/v2\/product_tag?post=2330"}],"curies":[{"name":"wp","href":"https:\/\/api.w.org\/{rel}","templated":true}]}}